{"id":8340,"date":"2026-04-13T22:45:06","date_gmt":"2026-04-13T22:45:06","guid":{"rendered":"https:\/\/vitashop.info\/es\/producto\/joint-protex-90-tabletas-proteccion-compleja-de-las-articulaciones\/"},"modified":"2026-04-13T22:47:10","modified_gmt":"2026-04-13T22:47:10","slug":"joint-protex-90-tabletas-proteccion-compleja-de-las-articulaciones","status":"publish","type":"product","link":"https:\/\/vitashop.info\/es\/producto\/joint-protex-90-tabletas-proteccion-compleja-de-las-articulaciones\/","title":{"rendered":"Joint ProteX 90 tabletas &#8211; Protecci\u00f3n compleja de las articulaciones"},"content":{"rendered":"<p>Dosis: 3&#215;1 tableta al d\u00eda<\/p>\n<p>&nbsp;<\/p>\n<p>Descripci\u00f3n:<\/p>\n<p style=\"text-align: justify\">Los ingredientes activos del Joint ProteX contribuyen a la regeneraci&oacute;n del cart&iacute;lago articular que cubre el final de los huesos, y a la formaci&oacute;n del l&iacute;quido sinovial. La glucosamina fortalece el cart&iacute;lago, el &aacute;cido hialur&oacute;nico y el MSM est&aacute;n involucrados en la producci&oacute;n del l&iacute;quido sinovial. Las plantas medicinales halladas en la tableta (tales como la c&uacute;rcuma, la reina de los prados)pueden aliviar el dolor de una manera parecida al efecto de las drogas anti-inflamatorias no esteroideas, pero sin los efectos secundarios potenciales de los f&aacute;rmacos. &iexcl;Ayuda las articulaciones, ya que no existe movimiento indoloro y completo sin articulaciones sanas!<\/p>\n<p>&nbsp;<\/p>\n<p>A qui\u00e9n recomendamos:<\/p>\n<ul>&#013;<\/p>\n<li>A los que quieren proporcionar un apoyo y protecci&oacute;n adecuados a sus articulaciones,<\/li>\n<p>&#013;<\/p>\n<li>para realizar el trabajo f&iacute;sico,<\/li>\n<p>&#013;<\/p>\n<li>a las deportistas,<\/li>\n<p>&#013;<\/p>\n<li>a personas con sobrepeso,<\/li>\n<p>&#013;<\/p>\n<li>para practicantes de un&nbsp; estilo de vida sedentario,<\/li>\n<p>&#013;<\/p>\n<li>para complementar el tratamiento de lesiones en las articulaciones.<\/li>\n<p>&#013;\n<\/ul>\n<p>&nbsp;<\/p>\n<p>Composici\u00f3n:<\/p>\n<p>Glucosamine HCI (mariscos) 250 mg<\/p>\n<p>Condroit\u00edn sulfato 200 mg<\/p>\n<p>Methyl-sulphonyl-methane (MSM) 150 mg<\/p>\n<p>Glicosoaminoglicano 150 mg<\/p>\n<p>Complejo de \u00c1cido hiarul\u00f3nico 50 mg<\/p>\n<p>Cetyl-Myristoleat (CMT) 50 mg<\/p>\n<p>Extracto de Boswellia serrata (25%) 50 mg<\/p>\n<p>Filipendula ulmaria 40 mg<\/p>\n<p>Extracto de Turmerico (95%) 10 mg<\/p>\n<p>Cinc (gluconato) 5 mg<\/p>\n<p>Manganese (gluconato) 1 mg<\/p>\n<p><strong>\u00bfPor qu\u00e9 vale la pena elegir los productos Calivita?<\/strong><\/p>\n<ul>\n<li>La CaliVita ha ofrecido productos que conformen con los est\u00e1ndares de calidad m\u00e1s altos desde hace m\u00e1s de 30 a\u00f1os, con unatrayectoria profesionalexcepcional.<\/li>\n<li>Siempre nos esforzamos por utilizar ingredientesnaturalesde las mejores fuentes.<\/li>\n<li>Durante el desarrollo trabajamos con las formas de lamejor absorci\u00f3n, porejemplo, las formas org\u00e1nicas.<\/li>\n<li>Ofrecemos garant\u00eda decalidad de 100% en nuestros productos.<\/li>\n<li>Nuestros productos se someten a una prueba m\u00faltiple para asegurar la continuidad de la alta calidad.<\/li>\n<li>Los productos Calivita tienen certificaci\u00f3n cGMP.<\/li>\n<\/ul>\n","protected":false},"excerpt":{"rendered":"<p>Cantidad en inventario: 7 <\/p>\n","protected":false},"featured_media":8969,"comment_status":"closed","ping_status":"open","template":"","meta":[],"product_brand":[],"product_cat":[407],"product_tag":[],"class_list":{"0":"post-8340","1":"product","2":"type-product","3":"status-publish","4":"has-post-thumbnail","6":"product_cat-suplementos-naturales","8":"first","9":"instock","10":"product-type-external"},"_links":{"self":[{"href":"https:\/\/vitashop.info\/es\/wp-json\/wp\/v2\/product\/8340","targetHints":{"allow":["GET"]}}],"collection":[{"href":"https:\/\/vitashop.info\/es\/wp-json\/wp\/v2\/product"}],"about":[{"href":"https:\/\/vitashop.info\/es\/wp-json\/wp\/v2\/types\/product"}],"replies":[{"embeddable":true,"href":"https:\/\/vitashop.info\/es\/wp-json\/wp\/v2\/comments?post=8340"}],"wp:featuredmedia":[{"embeddable":true,"href":"https:\/\/vitashop.info\/es\/wp-json\/wp\/v2\/media\/8969"}],"wp:attachment":[{"href":"https:\/\/vitashop.info\/es\/wp-json\/wp\/v2\/media?parent=8340"}],"wp:term":[{"taxonomy":"product_brand","embeddable":true,"href":"https:\/\/vitashop.info\/es\/wp-json\/wp\/v2\/product_brand?post=8340"},{"taxonomy":"product_cat","embeddable":true,"href":"https:\/\/vitashop.info\/es\/wp-json\/wp\/v2\/product_cat?post=8340"},{"taxonomy":"product_tag","embeddable":true,"href":"https:\/\/vitashop.info\/es\/wp-json\/wp\/v2\/product_tag?post=8340"}],"curies":[{"name":"wp","href":"https:\/\/api.w.org\/{rel}","templated":true}]}}