{"id":8334,"date":"2026-04-20T22:45:07","date_gmt":"2026-04-20T22:45:07","guid":{"rendered":"https:\/\/vitashop.info\/es\/producto\/grupo-de-programas-3-programas-extra-para-bioharmonex-4-0\/"},"modified":"2026-04-20T22:45:07","modified_gmt":"2026-04-20T22:45:07","slug":"grupo-de-programas-3-programas-extra-para-bioharmonex-4-0","status":"publish","type":"product","link":"https:\/\/vitashop.info\/es\/producto\/grupo-de-programas-3-programas-extra-para-bioharmonex-4-0\/","title":{"rendered":"Grupo de programas 3  &#8211; Programas extra para BioHarmonex 4.0"},"content":{"rendered":"<p>Dosis: <\/p>\n<p>&nbsp;<\/p>\n<p>Descripci\u00f3n:<\/p>\n<p>Incluye 5 programas extra: problemas venosos, anamnesis, sue&ntilde;o reparador 8 horas, intestino, orejas\/o&iacute;do.<\/p>\n<p>&nbsp;<\/p>\n<p>&nbsp;<\/p>\n<p><strong>\u00bfPor qu\u00e9 vale la pena elegir los productos Calivita?<\/strong><\/p>\n<ul>\n<li>La CaliVita ha ofrecido productos que conformen con los est\u00e1ndares de calidad m\u00e1s altos desde hace m\u00e1s de 30 a\u00f1os, con unatrayectoria profesionalexcepcional.<\/li>\n<li>Siempre nos esforzamos por utilizar ingredientesnaturalesde las mejores fuentes.<\/li>\n<li>Durante el desarrollo trabajamos con las formas de lamejor absorci\u00f3n, porejemplo, las formas org\u00e1nicas.<\/li>\n<li>Ofrecemos garant\u00eda decalidad de 100% en nuestros productos.<\/li>\n<li>Nuestros productos se someten a una prueba m\u00faltiple para asegurar la continuidad de la alta calidad.<\/li>\n<li>Los productos Calivita tienen certificaci\u00f3n cGMP.<\/li>\n<\/ul>\n","protected":false},"excerpt":{"rendered":"<p>Cantidad en inventario: 100 <\/p>\n","protected":false},"featured_media":0,"comment_status":"closed","ping_status":"open","template":"","meta":[],"product_brand":[],"product_cat":[407],"product_tag":[],"class_list":{"0":"post-8334","1":"product","2":"type-product","3":"status-publish","5":"product_cat-suplementos-naturales","7":"first","8":"instock","9":"product-type-external"},"_links":{"self":[{"href":"https:\/\/vitashop.info\/es\/wp-json\/wp\/v2\/product\/8334","targetHints":{"allow":["GET"]}}],"collection":[{"href":"https:\/\/vitashop.info\/es\/wp-json\/wp\/v2\/product"}],"about":[{"href":"https:\/\/vitashop.info\/es\/wp-json\/wp\/v2\/types\/product"}],"replies":[{"embeddable":true,"href":"https:\/\/vitashop.info\/es\/wp-json\/wp\/v2\/comments?post=8334"}],"wp:attachment":[{"href":"https:\/\/vitashop.info\/es\/wp-json\/wp\/v2\/media?parent=8334"}],"wp:term":[{"taxonomy":"product_brand","embeddable":true,"href":"https:\/\/vitashop.info\/es\/wp-json\/wp\/v2\/product_brand?post=8334"},{"taxonomy":"product_cat","embeddable":true,"href":"https:\/\/vitashop.info\/es\/wp-json\/wp\/v2\/product_cat?post=8334"},{"taxonomy":"product_tag","embeddable":true,"href":"https:\/\/vitashop.info\/es\/wp-json\/wp\/v2\/product_tag?post=8334"}],"curies":[{"name":"wp","href":"https:\/\/api.w.org\/{rel}","templated":true}]}}