{"id":8314,"date":"2026-04-13T22:45:05","date_gmt":"2026-04-13T22:45:05","guid":{"rendered":"https:\/\/vitashop.info\/es\/producto\/coq10-lozenges-30-tabletas-sublinguales-q10-de-absorpcion-rapida\/"},"modified":"2026-04-13T22:47:04","modified_gmt":"2026-04-13T22:47:04","slug":"coq10-lozenges-30-tabletas-sublinguales-q10-de-absorpcion-rapida","status":"publish","type":"product","link":"https:\/\/vitashop.info\/es\/producto\/coq10-lozenges-30-tabletas-sublinguales-q10-de-absorpcion-rapida\/","title":{"rendered":"CoQ10 Lozenges 30 tabletas sublinguales &#8211; Q10 de absorpci\u00f3n r\u00e1pida"},"content":{"rendered":"<p>Dosis: Una tableta disuelva colocada debajo de la lengua, \u00a1no tr\u00e1gala entera!<\/p>\n<p>&nbsp;<\/p>\n<p>Descripci\u00f3n:<\/p>\n<p><span style=\"text-align: justify\">El CoQ10 Lozenges es un producto de tabletas sublinguales de sabor del lim&oacute;n naturales, contiene CoQ10. El producto facilita una absorci&oacute;n m&aacute;s r&aacute;pida y m&aacute;s suave, porque su agente activo pasa directamente al flujo sangu&iacute;neo para llegar a las c&eacute;lulas, evitando el sistema digestivo. Nuestro producto energizante ofrecer ayuda principalmente en situaciones donde debemos atender de inmediato, y nosotros tambi&eacute;n&nbsp; pensamos de los que no pueden utilizar la versi&oacute;n tradicional, debido a malabsorci&oacute;n, o indigesti&oacute;n.<\/span><\/p>\n<p>&nbsp;<\/p>\n<p>A qui\u00e9n recomendamos:<\/p>\n<ul>&#013;<\/p>\n<li style=\"text-align: justify\">Durante tensi&oacute;n f&iacute;sica y mental aumentada, a los que siguen un estilo de vida estresante, para incrementar su energ&iacute;a,<\/li>\n<p>&#013;<\/p>\n<li style=\"text-align: justify\">a los que est&aacute;n en situaciones que requieren rendimiento inmediato (por ejemplo, antes de ex&aacute;menes, o entrenamiento),<\/li>\n<p>&#013;<\/p>\n<li style=\"text-align: justify\">a las personas con mala absorci&oacute;n, con trastornos digestivos,<\/li>\n<p>&#013;<\/p>\n<li style=\"text-align: justify\">a las personas con problemas en las enc&iacute;as,<\/li>\n<p>&#013;<\/p>\n<li style=\"text-align: justify\">a las personas con tinnitus,*<\/li>\n<p>&#013;<\/p>\n<li style=\"text-align: justify\">a los que comen inadecuadamente,<\/li>\n<p>&#013;<\/p>\n<li style=\"text-align: justify\">si Usted est&aacute; tomando ciertos medicamentos reductores de colesterol, medicamentos psiqui&aacute;tricos, marcapasos, o medicamentos administrados en diabetes<\/li>\n<p>&#013;<\/p>\n<li style=\"text-align: justify\">a las fumadores,<\/li>\n<p>&#013;<\/p>\n<li style=\"text-align: justify\">a los que consideran mantener la salud de sus corazones importante,<\/li>\n<p>&#013;<\/p>\n<li style=\"text-align: justify\">a todo el mundo&nbsp; despu&eacute;s de 30 a&ntilde;os de edad.<\/li>\n<p>&#013;\n<\/ul>\n<p>&nbsp;<\/p>\n<p>Composici\u00f3n:<\/p>\n<p>Coenzima Q10 30 mg<\/p>\n<p><strong>\u00bfPor qu\u00e9 vale la pena elegir los productos Calivita?<\/strong><\/p>\n<ul>\n<li>La CaliVita ha ofrecido productos que conformen con los est\u00e1ndares de calidad m\u00e1s altos desde hace m\u00e1s de 30 a\u00f1os, con unatrayectoria profesionalexcepcional.<\/li>\n<li>Siempre nos esforzamos por utilizar ingredientesnaturalesde las mejores fuentes.<\/li>\n<li>Durante el desarrollo trabajamos con las formas de lamejor absorci\u00f3n, porejemplo, las formas org\u00e1nicas.<\/li>\n<li>Ofrecemos garant\u00eda decalidad de 100% en nuestros productos.<\/li>\n<li>Nuestros productos se someten a una prueba m\u00faltiple para asegurar la continuidad de la alta calidad.<\/li>\n<li>Los productos Calivita tienen certificaci\u00f3n cGMP.<\/li>\n<\/ul>\n","protected":false},"excerpt":{"rendered":"<p>Cantidad en inventario: 4 <\/p>\n","protected":false},"featured_media":9533,"comment_status":"closed","ping_status":"open","template":"","meta":[],"product_brand":[],"product_cat":[407],"product_tag":[],"class_list":{"0":"post-8314","1":"product","2":"type-product","3":"status-publish","4":"has-post-thumbnail","6":"product_cat-suplementos-naturales","8":"first","9":"instock","10":"product-type-external"},"_links":{"self":[{"href":"https:\/\/vitashop.info\/es\/wp-json\/wp\/v2\/product\/8314","targetHints":{"allow":["GET"]}}],"collection":[{"href":"https:\/\/vitashop.info\/es\/wp-json\/wp\/v2\/product"}],"about":[{"href":"https:\/\/vitashop.info\/es\/wp-json\/wp\/v2\/types\/product"}],"replies":[{"embeddable":true,"href":"https:\/\/vitashop.info\/es\/wp-json\/wp\/v2\/comments?post=8314"}],"wp:featuredmedia":[{"embeddable":true,"href":"https:\/\/vitashop.info\/es\/wp-json\/wp\/v2\/media\/9533"}],"wp:attachment":[{"href":"https:\/\/vitashop.info\/es\/wp-json\/wp\/v2\/media?parent=8314"}],"wp:term":[{"taxonomy":"product_brand","embeddable":true,"href":"https:\/\/vitashop.info\/es\/wp-json\/wp\/v2\/product_brand?post=8314"},{"taxonomy":"product_cat","embeddable":true,"href":"https:\/\/vitashop.info\/es\/wp-json\/wp\/v2\/product_cat?post=8314"},{"taxonomy":"product_tag","embeddable":true,"href":"https:\/\/vitashop.info\/es\/wp-json\/wp\/v2\/product_tag?post=8314"}],"curies":[{"name":"wp","href":"https:\/\/api.w.org\/{rel}","templated":true}]}}