{"id":8311,"date":"2026-04-13T22:45:05","date_gmt":"2026-04-13T22:45:05","guid":{"rendered":"https:\/\/vitashop.info\/es\/producto\/coq10-120-mg-plus-30-capsulas-una-dosis-extra-alta-de-q10\/"},"modified":"2026-04-13T22:47:07","modified_gmt":"2026-04-13T22:47:07","slug":"coq10-120-mg-plus-30-capsulas-una-dosis-extra-alta-de-q10","status":"publish","type":"product","link":"https:\/\/vitashop.info\/es\/producto\/coq10-120-mg-plus-30-capsulas-una-dosis-extra-alta-de-q10\/","title":{"rendered":"CoQ10 (120 mg) Plus 30 c\u00e1psulas &#8211; Una dosis extra alta de Q10"},"content":{"rendered":"<p>Dosis: 1 c\u00e1psula al d\u00eda.<\/p>\n<p>&nbsp;<\/p>\n<p>Descripci\u00f3n:<\/p>\n<p style=\"margin-bottom: 0cm;text-align: justify\"><span lang=\"es-ES\">El Super<\/span><span lang=\"es-ES\"> Mega <\/span><span lang=\"es-ES\">CoQ<\/span><sub><span lang=\"es-ES\">10<\/span><\/sub><span lang=\"es-ES\"> es un producto de una dosis extraordinaria de CoQ<\/span><sub><span lang=\"es-ES\">10, <\/span><\/sub><span lang=\"es-ES\">con antioxidantes<\/span><span lang=\"es-ES\">a&ntilde;adidos<\/span><span lang=\"es-ES\">, <\/span><span lang=\"es-ES\">recomendado para fines terap&eacute;uticos.<\/span><span lang=\"es-ES\">Los efectos numerosos de Q10<\/span><span lang=\"es-ES\">pueden ser m&aacute;s<\/span><span lang=\"es-ES\">pronunciados<\/span><span lang=\"es-ES\">en dosis m&aacute;s alta<\/span><span lang=\"es-ES\">, <\/span><span lang=\"es-ES\">y as&iacute;,<\/span><span lang=\"es-ES\"> tomando <\/span><span lang=\"es-ES\">una sola c&aacute;psula<\/span><span lang=\"es-ES\">podemos contribuir a<\/span><span lang=\"es-ES\">mejorar<\/span><span lang=\"es-ES\">nuestra calidad de<\/span><span lang=\"es-ES\">vida<\/span><span lang=\"es-ES\">.<\/span><\/p>\n<p>&nbsp;<\/p>\n<p>A qui\u00e9n recomendamos:<\/p>\n<ul>&#013;<\/p>\n<li>A&nbsp;las personas con problemas cardiovasculares, o de presi&oacute;n sangu&iacute;nea,<\/li>\n<p>&#013;<\/p>\n<li>a los que consideran mantener la salud de sus corazones importante,<\/li>\n<p>&#013;<\/p>\n<li>a las personas con migra&ntilde;a,<\/li>\n<p>&#013;<\/p>\n<li>a las personas con tinnitus,*<\/li>\n<p>&#013;<\/p>\n<li>a las personas con problemas en las enc&iacute;as,<\/li>\n<p>&#013;<\/p>\n<li>a los que est&aacute;n buscando una protecci&oacute;n antioxidante poderosa.<\/li>\n<p>&#013;\n<\/ul>\n<p>&nbsp;<\/p>\n<p>Composici\u00f3n:<\/p>\n<p>Coenzima Q10 120 mg<\/p>\n<p>Beta-caroteno 1000 I.U.<\/p>\n<p>Vitamina E 10 I.U.<\/p>\n<p>Selenio 10 mcg<\/p>\n<p><strong>\u00bfPor qu\u00e9 vale la pena elegir los productos Calivita?<\/strong><\/p>\n<ul>\n<li>La CaliVita ha ofrecido productos que conformen con los est\u00e1ndares de calidad m\u00e1s altos desde hace m\u00e1s de 30 a\u00f1os, con unatrayectoria profesionalexcepcional.<\/li>\n<li>Siempre nos esforzamos por utilizar ingredientesnaturalesde las mejores fuentes.<\/li>\n<li>Durante el desarrollo trabajamos con las formas de lamejor absorci\u00f3n, porejemplo, las formas org\u00e1nicas.<\/li>\n<li>Ofrecemos garant\u00eda decalidad de 100% en nuestros productos.<\/li>\n<li>Nuestros productos se someten a una prueba m\u00faltiple para asegurar la continuidad de la alta calidad.<\/li>\n<li>Los productos Calivita tienen certificaci\u00f3n cGMP.<\/li>\n<\/ul>\n","protected":false},"excerpt":{"rendered":"<p>Cantidad en inventario: 3 <\/p>\n","protected":false},"featured_media":9614,"comment_status":"closed","ping_status":"open","template":"","meta":[],"product_brand":[],"product_cat":[407],"product_tag":[],"class_list":{"0":"post-8311","1":"product","2":"type-product","3":"status-publish","4":"has-post-thumbnail","6":"product_cat-suplementos-naturales","8":"first","9":"instock","10":"product-type-external"},"_links":{"self":[{"href":"https:\/\/vitashop.info\/es\/wp-json\/wp\/v2\/product\/8311","targetHints":{"allow":["GET"]}}],"collection":[{"href":"https:\/\/vitashop.info\/es\/wp-json\/wp\/v2\/product"}],"about":[{"href":"https:\/\/vitashop.info\/es\/wp-json\/wp\/v2\/types\/product"}],"replies":[{"embeddable":true,"href":"https:\/\/vitashop.info\/es\/wp-json\/wp\/v2\/comments?post=8311"}],"wp:featuredmedia":[{"embeddable":true,"href":"https:\/\/vitashop.info\/es\/wp-json\/wp\/v2\/media\/9614"}],"wp:attachment":[{"href":"https:\/\/vitashop.info\/es\/wp-json\/wp\/v2\/media?parent=8311"}],"wp:term":[{"taxonomy":"product_brand","embeddable":true,"href":"https:\/\/vitashop.info\/es\/wp-json\/wp\/v2\/product_brand?post=8311"},{"taxonomy":"product_cat","embeddable":true,"href":"https:\/\/vitashop.info\/es\/wp-json\/wp\/v2\/product_cat?post=8311"},{"taxonomy":"product_tag","embeddable":true,"href":"https:\/\/vitashop.info\/es\/wp-json\/wp\/v2\/product_tag?post=8311"}],"curies":[{"name":"wp","href":"https:\/\/api.w.org\/{rel}","templated":true}]}}