{"id":8309,"date":"2026-04-13T22:45:04","date_gmt":"2026-04-13T22:45:04","guid":{"rendered":"https:\/\/vitashop.info\/es\/producto\/chromium-max-500-100-capsulas-control-del-apetito\/"},"modified":"2026-04-13T22:47:04","modified_gmt":"2026-04-13T22:47:04","slug":"chromium-max-500-100-capsulas-control-del-apetito","status":"publish","type":"product","link":"https:\/\/vitashop.info\/es\/producto\/chromium-max-500-100-capsulas-control-del-apetito\/","title":{"rendered":"Chromium Max 500 100 c\u00e1psulas &#8211; Control del apetito"},"content":{"rendered":"<p>Dosis: Una c\u00e1psula al d\u00eda<\/p>\n<p>&nbsp;<\/p>\n<p>Descripci\u00f3n:<\/p>\n<p style=\"text-align: justify\"><span lang=\"es-ES\">El cromo es<\/span><span lang=\"es-ES\">un microelemento<\/span><span lang=\"es-ES\">esencial, es decir, el cuerpo<\/span><span lang=\"es-ES\">no puede producirlo<\/span><span lang=\"es-ES\">, <\/span><span lang=\"es-ES\">por lo que s&oacute;lo<\/span><span lang=\"es-ES\">se puede acceder a<\/span><span lang=\"es-ES\"> &eacute;l de <\/span><span lang=\"es-ES\">fuentes externas.<\/span><span lang=\"es-ES\"> Toma parte en el metabolismo de <\/span><span lang=\"es-ES\">carbohidratos, prote&iacute;nas, y grasas<\/span><span lang=\"es-ES\">, f<\/span><span lang=\"es-ES\">acilita<\/span><span lang=\"es-ES\"> el mantenimiento del nivel normal del az&uacute;car en la sangre. <\/span><span lang=\"es-ES\">Este efecto puede<\/span><span lang=\"es-ES\">ayudar a prevenir<\/span><span lang=\"es-ES\"> los &ldquo;antojos&rdquo; de dulce <\/span><span lang=\"es-ES\">causados \u200b\u200bpor<\/span><span lang=\"es-ES\">fluctuaciones bruscas de<\/span><span lang=\"es-ES\">az&uacute;car en la sangre<\/span><span lang=\"es-ES\">, mejorando as&iacute; <\/span><span lang=\"es-ES\">la eficacia<\/span><span lang=\"es-ES\">de la dieta<\/span><span lang=\"es-ES\">para bajar el peso<\/span><span lang=\"es-ES\">. <\/span><span lang=\"es-ES\">No todas las<\/span><span lang=\"es-ES\">formas de cromo<\/span><span lang=\"es-ES\">se absorbe<\/span><span lang=\"es-ES\">correctamente.<\/span><span lang=\"es-ES\"> La absorci&oacute;n y utilizaci&oacute;n de <\/span><span lang=\"es-ES\">sus <\/span><span lang=\"es-ES\">compuestos con uni&oacute;n <\/span><span lang=\"es-ES\">org&aacute;nica, por ejemplo, el<\/span><span lang=\"es-ES\">picolinato de cromo<\/span><span lang=\"es-ES\">, son <\/span><span lang=\"es-ES\">excelentes.<\/span><\/p>\n<p>&nbsp;<\/p>\n<p>A qui\u00e9n recomendamos:<\/p>\n<ul>&#013;<\/p>\n<li><span style=\"font-family: Arial\">A los que sienten un hambre constante, especialmente para los carbohidratos, por lo que no pueden lograr una p&eacute;rdida de peso,<\/span><\/li>\n<p>&#013;<\/p>\n<li><span style=\"font-family: Arial\">complementar la terapia a asegurar el nivel del az&uacute;car de la sangre normal.<\/span><\/li>\n<p>&#013;\n<\/ul>\n<p>&nbsp;<\/p>\n<p>Composici\u00f3n:<\/p>\n<p>Chromium Picolinate 60 mcg<\/p>\n<p><strong>\u00bfPor qu\u00e9 vale la pena elegir los productos Calivita?<\/strong><\/p>\n<ul>\n<li>La CaliVita ha ofrecido productos que conformen con los est\u00e1ndares de calidad m\u00e1s altos desde hace m\u00e1s de 30 a\u00f1os, con unatrayectoria profesionalexcepcional.<\/li>\n<li>Siempre nos esforzamos por utilizar ingredientesnaturalesde las mejores fuentes.<\/li>\n<li>Durante el desarrollo trabajamos con las formas de lamejor absorci\u00f3n, porejemplo, las formas org\u00e1nicas.<\/li>\n<li>Ofrecemos garant\u00eda decalidad de 100% en nuestros productos.<\/li>\n<li>Nuestros productos se someten a una prueba m\u00faltiple para asegurar la continuidad de la alta calidad.<\/li>\n<li>Los productos Calivita tienen certificaci\u00f3n cGMP.<\/li>\n<\/ul>\n","protected":false},"excerpt":{"rendered":"<p>Cantidad en inventario: 4 <\/p>\n","protected":false},"featured_media":9532,"comment_status":"closed","ping_status":"open","template":"","meta":[],"product_brand":[],"product_cat":[407],"product_tag":[],"class_list":{"0":"post-8309","1":"product","2":"type-product","3":"status-publish","4":"has-post-thumbnail","6":"product_cat-suplementos-naturales","8":"first","9":"instock","10":"product-type-external"},"_links":{"self":[{"href":"https:\/\/vitashop.info\/es\/wp-json\/wp\/v2\/product\/8309","targetHints":{"allow":["GET"]}}],"collection":[{"href":"https:\/\/vitashop.info\/es\/wp-json\/wp\/v2\/product"}],"about":[{"href":"https:\/\/vitashop.info\/es\/wp-json\/wp\/v2\/types\/product"}],"replies":[{"embeddable":true,"href":"https:\/\/vitashop.info\/es\/wp-json\/wp\/v2\/comments?post=8309"}],"wp:featuredmedia":[{"embeddable":true,"href":"https:\/\/vitashop.info\/es\/wp-json\/wp\/v2\/media\/9532"}],"wp:attachment":[{"href":"https:\/\/vitashop.info\/es\/wp-json\/wp\/v2\/media?parent=8309"}],"wp:term":[{"taxonomy":"product_brand","embeddable":true,"href":"https:\/\/vitashop.info\/es\/wp-json\/wp\/v2\/product_brand?post=8309"},{"taxonomy":"product_cat","embeddable":true,"href":"https:\/\/vitashop.info\/es\/wp-json\/wp\/v2\/product_cat?post=8309"},{"taxonomy":"product_tag","embeddable":true,"href":"https:\/\/vitashop.info\/es\/wp-json\/wp\/v2\/product_tag?post=8309"}],"curies":[{"name":"wp","href":"https:\/\/api.w.org\/{rel}","templated":true}]}}