{"id":8306,"date":"2026-04-13T22:45:04","date_gmt":"2026-04-13T22:45:04","guid":{"rendered":"https:\/\/vitashop.info\/es\/producto\/calivita-enzymes-100-tabletas-soporte-gastrointestinal\/"},"modified":"2026-04-13T22:47:04","modified_gmt":"2026-04-13T22:47:04","slug":"calivita-enzymes-100-tabletas-soporte-gastrointestinal","status":"publish","type":"product","link":"https:\/\/vitashop.info\/es\/producto\/calivita-enzymes-100-tabletas-soporte-gastrointestinal\/","title":{"rendered":"CaliVita Enzymes 100 tabletas &#8211; Soporte gastrointestinal"},"content":{"rendered":"<p>Dosis: 2&#215;1 tableta al d\u00eda durante la comida<\/p>\n<p>&nbsp;<\/p>\n<p>Descripci\u00f3n:<\/p>\n<p style=\"text-align: justify\">El Digestive Enzymes contiene enzimas digestivas y unos ingredientes activos&nbsp; a base de hierbas que pueden contribuir a los procesos digestivos. Si los h&aacute;bitos alimenticios y el estilo de vida de Usted no son adecuados, el equilibrio del sistema digestivo se puede alterar f&aacute;cilmente. La decomposici&oacute;n de los alimentos con la ayuda de las enzimas es el primer paso para la buena absorci&oacute;n y utilizaci&oacute;n. Las enzimas adecuadas pueden facilitar la decomposici&oacute;n de&nbsp; grasas, prote&iacute;nas y carbohidratos en nuestro cuerpo, apoyando&nbsp; el sistema digestivo y el organismo de esta manera.<\/p>\n<p>&nbsp;<\/p>\n<p>A qui\u00e9n recomendamos:<\/p>\n<ul>&#013;<\/p>\n<li>A los que quieren apoyar adecuadamente el sistema digestivo,<\/li>\n<p>&#013;<\/p>\n<li>en caso del consumo frecuente de alimentos que causan distensi&oacute;n abdominal, problemas de distensi&oacute;n,<\/li>\n<p>&#013;<\/p>\n<li>en caso de problemas digestivos.<\/li>\n<p>&#013;\n<\/ul>\n<p>&nbsp;<\/p>\n<p>Composici\u00f3n:<\/p>\n<p>Pancreatina 75 mg<\/p>\n<p>Semilla de hinojo 75 mg<\/p>\n<p>C\u00farcuma 37.5 mg<\/p>\n<p>\u00c1cido glut\u00e1mico 25 mg<\/p>\n<p>Pepsina 17.5 mg<\/p>\n<p>Bromelaina 12.5 mg<\/p>\n<p>Di\u00e1stasis 10 mg<\/p>\n<p>Protease 7.5 mg<\/p>\n<p>Papa\u00edna 5 mg<\/p>\n<p><strong>\u00bfPor qu\u00e9 vale la pena elegir los productos Calivita?<\/strong><\/p>\n<ul>\n<li>La CaliVita ha ofrecido productos que conformen con los est\u00e1ndares de calidad m\u00e1s altos desde hace m\u00e1s de 30 a\u00f1os, con unatrayectoria profesionalexcepcional.<\/li>\n<li>Siempre nos esforzamos por utilizar ingredientesnaturalesde las mejores fuentes.<\/li>\n<li>Durante el desarrollo trabajamos con las formas de lamejor absorci\u00f3n, porejemplo, las formas org\u00e1nicas.<\/li>\n<li>Ofrecemos garant\u00eda decalidad de 100% en nuestros productos.<\/li>\n<li>Nuestros productos se someten a una prueba m\u00faltiple para asegurar la continuidad de la alta calidad.<\/li>\n<li>Los productos Calivita tienen certificaci\u00f3n cGMP.<\/li>\n<\/ul>\n","protected":false},"excerpt":{"rendered":"<p>Cantidad en inventario: 7 <\/p>\n","protected":false},"featured_media":9537,"comment_status":"closed","ping_status":"open","template":"","meta":[],"product_brand":[],"product_cat":[407],"product_tag":[],"class_list":{"0":"post-8306","1":"product","2":"type-product","3":"status-publish","4":"has-post-thumbnail","6":"product_cat-suplementos-naturales","8":"first","9":"instock","10":"product-type-external"},"_links":{"self":[{"href":"https:\/\/vitashop.info\/es\/wp-json\/wp\/v2\/product\/8306","targetHints":{"allow":["GET"]}}],"collection":[{"href":"https:\/\/vitashop.info\/es\/wp-json\/wp\/v2\/product"}],"about":[{"href":"https:\/\/vitashop.info\/es\/wp-json\/wp\/v2\/types\/product"}],"replies":[{"embeddable":true,"href":"https:\/\/vitashop.info\/es\/wp-json\/wp\/v2\/comments?post=8306"}],"wp:featuredmedia":[{"embeddable":true,"href":"https:\/\/vitashop.info\/es\/wp-json\/wp\/v2\/media\/9537"}],"wp:attachment":[{"href":"https:\/\/vitashop.info\/es\/wp-json\/wp\/v2\/media?parent=8306"}],"wp:term":[{"taxonomy":"product_brand","embeddable":true,"href":"https:\/\/vitashop.info\/es\/wp-json\/wp\/v2\/product_brand?post=8306"},{"taxonomy":"product_cat","embeddable":true,"href":"https:\/\/vitashop.info\/es\/wp-json\/wp\/v2\/product_cat?post=8306"},{"taxonomy":"product_tag","embeddable":true,"href":"https:\/\/vitashop.info\/es\/wp-json\/wp\/v2\/product_tag?post=8306"}],"curies":[{"name":"wp","href":"https:\/\/api.w.org\/{rel}","templated":true}]}}