{"id":8301,"date":"2026-04-13T22:45:04","date_gmt":"2026-04-13T22:45:04","guid":{"rendered":"https:\/\/vitashop.info\/es\/producto\/calcium-magnesium-plus-100-capsulas-calcio-magnesio-vitamina-d3-k2\/"},"modified":"2026-04-13T22:47:04","modified_gmt":"2026-04-13T22:47:04","slug":"calcium-magnesium-plus-100-capsulas-calcio-magnesio-vitamina-d3-k2","status":"publish","type":"product","link":"https:\/\/vitashop.info\/es\/producto\/calcium-magnesium-plus-100-capsulas-calcio-magnesio-vitamina-d3-k2\/","title":{"rendered":"Calcium Magnesium Plus 100 c\u00e1psulas &#8211; Calcio, magnesio + Vitamina D3+ K2"},"content":{"rendered":"<p>Dosis: 2 c\u00e1psulas al d\u00eda.<\/p>\n<p>&nbsp;<\/p>\n<p>Descripci\u00f3n:<\/p>\n<p>El Calcium Magnesium Plus&nbsp;es una preparaci&oacute;n que contiene calcio y magnesio, que apoyan el mantienimiento de la integridad de los huesos, la funci&oacute;n muscular normal y el sistema nervioso. Hemos complementado la preparaci&oacute;n con la vitamina D<sub>3<\/sub>&nbsp;para la mejor absorci&oacute;n del calcio. Si Usted quiera lograr y mantener una masa &oacute;sea adecuada, o prevenir y ralentizar la progresi&oacute;n de la osteoporosis, &iexcl;el Calcium Magnesium Plus&nbsp;le podr&aacute; ayudar!<\/p>\n<p>&nbsp;<\/p>\n<p>A qui\u00e9n recomendamos:<\/p>\n<ul>&#013;<\/p>\n<li>Para aquellos que no consumen leche, productos l&aacute;cteos,<\/li>\n<p>&#013;<\/p>\n<li>para aquellos que fuman o regularmente toman caf&eacute;, bebidas con &aacute;cido fosf&oacute;rico, refrescos gaseosos,<\/li>\n<p>&#013;<\/p>\n<li>para aquellos que llevan un estilo de vida sedentario para que el calcio no se excrete de su cuerpo,<\/li>\n<p>&#013;<\/p>\n<li>en el caso del aumento de la actividad f&iacute;sica para cubrir las crecientes necesidades de calcio,<\/li>\n<p>&#013;<\/p>\n<li>para los j&oacute;venes que aspiran a lograr la m&aacute;s alta densidad de huesos,<\/li>\n<p>&#013;<\/p>\n<li>para las personas de mediana edad para retener la masa &oacute;sea,<\/li>\n<p>&#013;<\/p>\n<li>para las personas mayores para ralentizar el desgaste de los huesos.<\/li>\n<p>&#013;\n<\/ul>\n<p>&#013;<\/p>\n<p><strong>Ingredientes activos de&nbsp;Calcium Magnesium Plus<\/strong><strong>\/dos c&aacute;psulas:<\/strong><\/p>\n<p>&#013;<\/p>\n<p>Calcio: 500 mg<\/p>\n<p>&#013;<\/p>\n<p>Magnesio:&nbsp;&nbsp;&nbsp;&nbsp;&nbsp;&nbsp; 250 mg<\/p>\n<p>&#013;<\/p>\n<p>Vitamina D<sub>3:&nbsp;<\/sub>200 UI<\/p>\n<p>&#013;<\/p>\n<p>Vitamina K<sub>2<\/sub>&nbsp;90 &micro;g<\/p>\n<p>&nbsp;<\/p>\n<p><strong>\u00bfPor qu\u00e9 vale la pena elegir los productos Calivita?<\/strong><\/p>\n<ul>\n<li>La CaliVita ha ofrecido productos que conformen con los est\u00e1ndares de calidad m\u00e1s altos desde hace m\u00e1s de 30 a\u00f1os, con unatrayectoria profesionalexcepcional.<\/li>\n<li>Siempre nos esforzamos por utilizar ingredientesnaturalesde las mejores fuentes.<\/li>\n<li>Durante el desarrollo trabajamos con las formas de lamejor absorci\u00f3n, porejemplo, las formas org\u00e1nicas.<\/li>\n<li>Ofrecemos garant\u00eda decalidad de 100% en nuestros productos.<\/li>\n<li>Nuestros productos se someten a una prueba m\u00faltiple para asegurar la continuidad de la alta calidad.<\/li>\n<li>Los productos Calivita tienen certificaci\u00f3n cGMP.<\/li>\n<\/ul>\n","protected":false},"excerpt":{"rendered":"<p>Cantidad en inventario: 9 <\/p>\n","protected":false},"featured_media":9529,"comment_status":"closed","ping_status":"open","template":"","meta":[],"product_brand":[],"product_cat":[407],"product_tag":[],"class_list":{"0":"post-8301","1":"product","2":"type-product","3":"status-publish","4":"has-post-thumbnail","6":"product_cat-suplementos-naturales","8":"first","9":"instock","10":"product-type-external"},"_links":{"self":[{"href":"https:\/\/vitashop.info\/es\/wp-json\/wp\/v2\/product\/8301","targetHints":{"allow":["GET"]}}],"collection":[{"href":"https:\/\/vitashop.info\/es\/wp-json\/wp\/v2\/product"}],"about":[{"href":"https:\/\/vitashop.info\/es\/wp-json\/wp\/v2\/types\/product"}],"replies":[{"embeddable":true,"href":"https:\/\/vitashop.info\/es\/wp-json\/wp\/v2\/comments?post=8301"}],"wp:featuredmedia":[{"embeddable":true,"href":"https:\/\/vitashop.info\/es\/wp-json\/wp\/v2\/media\/9529"}],"wp:attachment":[{"href":"https:\/\/vitashop.info\/es\/wp-json\/wp\/v2\/media?parent=8301"}],"wp:term":[{"taxonomy":"product_brand","embeddable":true,"href":"https:\/\/vitashop.info\/es\/wp-json\/wp\/v2\/product_brand?post=8301"},{"taxonomy":"product_cat","embeddable":true,"href":"https:\/\/vitashop.info\/es\/wp-json\/wp\/v2\/product_cat?post=8301"},{"taxonomy":"product_tag","embeddable":true,"href":"https:\/\/vitashop.info\/es\/wp-json\/wp\/v2\/product_tag?post=8301"}],"curies":[{"name":"wp","href":"https:\/\/api.w.org\/{rel}","templated":true}]}}