{"id":8298,"date":"2026-04-13T22:45:04","date_gmt":"2026-04-13T22:45:04","guid":{"rendered":"https:\/\/vitashop.info\/es\/producto\/c-300-plus-120-tabletas-complejo-de-vitamina-c\/"},"modified":"2026-04-13T22:47:04","modified_gmt":"2026-04-13T22:47:04","slug":"c-300-plus-120-tabletas-complejo-de-vitamina-c","status":"publish","type":"product","link":"https:\/\/vitashop.info\/es\/producto\/c-300-plus-120-tabletas-complejo-de-vitamina-c\/","title":{"rendered":"C 300 Plus 120 tabletas &#8211; Complejo de vitamina C"},"content":{"rendered":"<p>Dosis: una tableta al d\u00eda<\/p>\n<p>&nbsp;<\/p>\n<p>Descripci\u00f3n:<\/p>\n<p style=\"text-align: justify\"><span style=\"font-family: Arial\">La vitamina C est&aacute; presente en dosis m&aacute;s alta y en una forma de liberaci&oacute;n prolongada (liberaci&oacute;n retardada), junto al escaramujo y al complejo de bioflavonoides en la tableta C300. Efecto antioxidante prolongada, piel, vasos sangu&iacute;neos, huesos, y articulaciones m&aacute;s saludables, protecci&oacute;n del sistema inmunol&oacute;gico &#8211; la mejor opci&oacute;n posible para todos los d&iacute;as del a&ntilde;o.<\/span><\/p>\n<p>&nbsp;<\/p>\n<p>A qui\u00e9n recomendamos:<\/p>\n<ul>&#013;<\/p>\n<li>Para fortalecer el sistema inmunol&oacute;gico a todo el mundo,<\/li>\n<p>&#013;<\/p>\n<li>por su papel en la protecci&oacute;n contra el estr&eacute;s oxidativo:<\/li>\n<p>&#013;<\/p>\n<li>a los fumadores activos o pasivos,<\/li>\n<p>&#013;<\/p>\n<li>a los residentes de las ciudades contaminadas.<\/li>\n<p>&#013;\n<\/ul>\n<p>&nbsp;<\/p>\n<p>Composici\u00f3n:<\/p>\n<p>Vitamina C 300 mg<\/p>\n<p>Escaramujo 100 mg<\/p>\n<p>Complejo bioflavonoide de c\u00edtricos 30 mg<\/p>\n<p><strong>\u00bfPor qu\u00e9 vale la pena elegir los productos Calivita?<\/strong><\/p>\n<ul>\n<li>La CaliVita ha ofrecido productos que conformen con los est\u00e1ndares de calidad m\u00e1s altos desde hace m\u00e1s de 30 a\u00f1os, con unatrayectoria profesionalexcepcional.<\/li>\n<li>Siempre nos esforzamos por utilizar ingredientesnaturalesde las mejores fuentes.<\/li>\n<li>Durante el desarrollo trabajamos con las formas de lamejor absorci\u00f3n, porejemplo, las formas org\u00e1nicas.<\/li>\n<li>Ofrecemos garant\u00eda decalidad de 100% en nuestros productos.<\/li>\n<li>Nuestros productos se someten a una prueba m\u00faltiple para asegurar la continuidad de la alta calidad.<\/li>\n<li>Los productos Calivita tienen certificaci\u00f3n cGMP.<\/li>\n<\/ul>\n","protected":false},"excerpt":{"rendered":"<p>Cantidad en inventario: 7 <\/p>\n","protected":false},"featured_media":9526,"comment_status":"closed","ping_status":"open","template":"","meta":[],"product_brand":[],"product_cat":[407],"product_tag":[],"class_list":{"0":"post-8298","1":"product","2":"type-product","3":"status-publish","4":"has-post-thumbnail","6":"product_cat-suplementos-naturales","8":"first","9":"instock","10":"product-type-external"},"_links":{"self":[{"href":"https:\/\/vitashop.info\/es\/wp-json\/wp\/v2\/product\/8298","targetHints":{"allow":["GET"]}}],"collection":[{"href":"https:\/\/vitashop.info\/es\/wp-json\/wp\/v2\/product"}],"about":[{"href":"https:\/\/vitashop.info\/es\/wp-json\/wp\/v2\/types\/product"}],"replies":[{"embeddable":true,"href":"https:\/\/vitashop.info\/es\/wp-json\/wp\/v2\/comments?post=8298"}],"wp:featuredmedia":[{"embeddable":true,"href":"https:\/\/vitashop.info\/es\/wp-json\/wp\/v2\/media\/9526"}],"wp:attachment":[{"href":"https:\/\/vitashop.info\/es\/wp-json\/wp\/v2\/media?parent=8298"}],"wp:term":[{"taxonomy":"product_brand","embeddable":true,"href":"https:\/\/vitashop.info\/es\/wp-json\/wp\/v2\/product_brand?post=8298"},{"taxonomy":"product_cat","embeddable":true,"href":"https:\/\/vitashop.info\/es\/wp-json\/wp\/v2\/product_cat?post=8298"},{"taxonomy":"product_tag","embeddable":true,"href":"https:\/\/vitashop.info\/es\/wp-json\/wp\/v2\/product_tag?post=8298"}],"curies":[{"name":"wp","href":"https:\/\/api.w.org\/{rel}","templated":true}]}}