{"id":8295,"date":"2026-04-13T22:45:04","date_gmt":"2026-04-13T22:45:04","guid":{"rendered":"https:\/\/vitashop.info\/es\/producto\/beta-carotene-100-capsulas-de-gel-suave-el-precursor-de-la-vitamina-a\/"},"modified":"2026-04-13T22:47:03","modified_gmt":"2026-04-13T22:47:03","slug":"beta-carotene-100-capsulas-de-gel-suave-el-precursor-de-la-vitamina-a","status":"publish","type":"product","link":"https:\/\/vitashop.info\/es\/producto\/beta-carotene-100-capsulas-de-gel-suave-el-precursor-de-la-vitamina-a\/","title":{"rendered":"Beta Carotene 100 c\u00e1psulas de gel suave &#8211; El precursor de la vitamina A"},"content":{"rendered":"<p>Dosis: Tome una c\u00e1psula de gel suave al d\u00eda<\/p>\n<p>&nbsp;<\/p>\n<p>Descripci\u00f3n:<\/p>\n<p style=\"text-align: justify\"><span style=\"font-family: Arial\">El beta caroteno es un precursor de la vitamina A, es decir, el cuerpo puede convertirlo en el grado apropiado para sus necesidades. La vitamina A es un componente de una parte muy importante de nuestros ojos, la retina, que es esencial en el proceso de la visi&oacute;n. El uso regular facilita el mantenimiento de la condici&oacute;n normal de la piel, y puede ayudar a evitar el da&ntilde;o de la radiaci&oacute;n UV-inducida.<\/span><\/p>\n<p>&nbsp;<\/p>\n<p>A qui\u00e9n recomendamos:<\/p>\n<ul>&#013;<\/p>\n<li>Antes de las vacaciones para preparar la piel para tomar el sol, o a los que quieren mantener su color soleado,<\/li>\n<p>&#013;<\/p>\n<li>a las personas&nbsp; con discapacidad visual, y en ciertos tipos de problemas de los ojos<\/li>\n<p>&#013;<\/p>\n<li>a los que desean una poderosa protecci&oacute;n antioxidante,<\/li>\n<p>&#013;<\/p>\n<li>a los que siguen una dieta baja en grasas, o sufren de problemas de la absorci&oacute;n de grasa.<\/li>\n<p>&#013;\n<\/ul>\n<p>&nbsp;<\/p>\n<p>Composici\u00f3n:<\/p>\n<p>Beta-caroteno 9000 I.U.<\/p>\n<p><strong>\u00bfPor qu\u00e9 vale la pena elegir los productos Calivita?<\/strong><\/p>\n<ul>\n<li>La CaliVita ha ofrecido productos que conformen con los est\u00e1ndares de calidad m\u00e1s altos desde hace m\u00e1s de 30 a\u00f1os, con unatrayectoria profesionalexcepcional.<\/li>\n<li>Siempre nos esforzamos por utilizar ingredientesnaturalesde las mejores fuentes.<\/li>\n<li>Durante el desarrollo trabajamos con las formas de lamejor absorci\u00f3n, porejemplo, las formas org\u00e1nicas.<\/li>\n<li>Ofrecemos garant\u00eda decalidad de 100% en nuestros productos.<\/li>\n<li>Nuestros productos se someten a una prueba m\u00faltiple para asegurar la continuidad de la alta calidad.<\/li>\n<li>Los productos Calivita tienen certificaci\u00f3n cGMP.<\/li>\n<\/ul>\n","protected":false},"excerpt":{"rendered":"<p>Cantidad en inventario: 3 <\/p>\n","protected":false},"featured_media":9521,"comment_status":"closed","ping_status":"open","template":"","meta":[],"product_brand":[],"product_cat":[407],"product_tag":[],"class_list":{"0":"post-8295","1":"product","2":"type-product","3":"status-publish","4":"has-post-thumbnail","6":"product_cat-suplementos-naturales","8":"first","9":"instock","10":"product-type-external"},"_links":{"self":[{"href":"https:\/\/vitashop.info\/es\/wp-json\/wp\/v2\/product\/8295","targetHints":{"allow":["GET"]}}],"collection":[{"href":"https:\/\/vitashop.info\/es\/wp-json\/wp\/v2\/product"}],"about":[{"href":"https:\/\/vitashop.info\/es\/wp-json\/wp\/v2\/types\/product"}],"replies":[{"embeddable":true,"href":"https:\/\/vitashop.info\/es\/wp-json\/wp\/v2\/comments?post=8295"}],"wp:featuredmedia":[{"embeddable":true,"href":"https:\/\/vitashop.info\/es\/wp-json\/wp\/v2\/media\/9521"}],"wp:attachment":[{"href":"https:\/\/vitashop.info\/es\/wp-json\/wp\/v2\/media?parent=8295"}],"wp:term":[{"taxonomy":"product_brand","embeddable":true,"href":"https:\/\/vitashop.info\/es\/wp-json\/wp\/v2\/product_brand?post=8295"},{"taxonomy":"product_cat","embeddable":true,"href":"https:\/\/vitashop.info\/es\/wp-json\/wp\/v2\/product_cat?post=8295"},{"taxonomy":"product_tag","embeddable":true,"href":"https:\/\/vitashop.info\/es\/wp-json\/wp\/v2\/product_tag?post=8295"}],"curies":[{"name":"wp","href":"https:\/\/api.w.org\/{rel}","templated":true}]}}