{"id":8288,"date":"2026-04-13T22:45:04","date_gmt":"2026-04-13T22:45:04","guid":{"rendered":"https:\/\/vitashop.info\/es\/producto\/ac-zymes-plus-60-capsulas-probioticos\/"},"modified":"2026-04-13T22:47:03","modified_gmt":"2026-04-13T22:47:03","slug":"ac-zymes-plus-60-capsulas-probioticos","status":"publish","type":"product","link":"https:\/\/vitashop.info\/es\/producto\/ac-zymes-plus-60-capsulas-probioticos\/","title":{"rendered":"AC-Zymes PLUS 60 c\u00e1psulas &#8211; Probi\u00f3ticos"},"content":{"rendered":"<p>Dosis: 1 c\u00e1psula al d\u00eda<\/p>\n<p>&nbsp;<\/p>\n<p>Descripci\u00f3n:<\/p>\n<p>&nbsp;<\/p>\n<p>A qui\u00e9n recomendamos:<\/p>\n<p>Active ingredients by capsule:<\/p>\n<p>&#013;<\/p>\n<p>Probiotic &nbsp; 6 Billion CFU*&nbsp;&nbsp;&nbsp;&nbsp;&nbsp;&nbsp;&nbsp;&nbsp;&nbsp;&nbsp;&nbsp;&nbsp;&nbsp;&nbsp;<\/p>\n<p>&#013;<\/p>\n<p>&bull;Lactobacillus acidophilus<\/p>\n<p>&#013;<\/p>\n<p>&bull;Lactobacillus bulgaricus<\/p>\n<p>&#013;<\/p>\n<p>&bull;Lactobacillus plantarum<\/p>\n<p>&#013;<\/p>\n<p>&bull;Lactobacillus rhamnosus<\/p>\n<p>&#013;<\/p>\n<p>&bull;Bifidobacterium longum<\/p>\n<p>&#013;<\/p>\n<p>&bull;Bifidobacterium breve<\/p>\n<p>&#013;<\/p>\n<p>Fructo-Oligosaccharides (FOS (inulin))&nbsp; &nbsp; 200.00 mg<\/p>\n<p>&nbsp;<\/p>\n<p><strong>\u00bfPor qu\u00e9 vale la pena elegir los productos Calivita?<\/strong><\/p>\n<ul>\n<li>La CaliVita ha ofrecido productos que conformen con los est\u00e1ndares de calidad m\u00e1s altos desde hace m\u00e1s de 30 a\u00f1os, con unatrayectoria profesionalexcepcional.<\/li>\n<li>Siempre nos esforzamos por utilizar ingredientesnaturalesde las mejores fuentes.<\/li>\n<li>Durante el desarrollo trabajamos con las formas de lamejor absorci\u00f3n, porejemplo, las formas org\u00e1nicas.<\/li>\n<li>Ofrecemos garant\u00eda decalidad de 100% en nuestros productos.<\/li>\n<li>Nuestros productos se someten a una prueba m\u00faltiple para asegurar la continuidad de la alta calidad.<\/li>\n<li>Los productos Calivita tienen certificaci\u00f3n cGMP.<\/li>\n<\/ul>\n","protected":false},"excerpt":{"rendered":"<p>Cantidad en inventario: 8 <\/p>\n","protected":false},"featured_media":9511,"comment_status":"closed","ping_status":"open","template":"","meta":[],"product_brand":[],"product_cat":[407],"product_tag":[],"class_list":{"0":"post-8288","1":"product","2":"type-product","3":"status-publish","4":"has-post-thumbnail","6":"product_cat-suplementos-naturales","8":"first","9":"instock","10":"product-type-external"},"_links":{"self":[{"href":"https:\/\/vitashop.info\/es\/wp-json\/wp\/v2\/product\/8288","targetHints":{"allow":["GET"]}}],"collection":[{"href":"https:\/\/vitashop.info\/es\/wp-json\/wp\/v2\/product"}],"about":[{"href":"https:\/\/vitashop.info\/es\/wp-json\/wp\/v2\/types\/product"}],"replies":[{"embeddable":true,"href":"https:\/\/vitashop.info\/es\/wp-json\/wp\/v2\/comments?post=8288"}],"wp:featuredmedia":[{"embeddable":true,"href":"https:\/\/vitashop.info\/es\/wp-json\/wp\/v2\/media\/9511"}],"wp:attachment":[{"href":"https:\/\/vitashop.info\/es\/wp-json\/wp\/v2\/media?parent=8288"}],"wp:term":[{"taxonomy":"product_brand","embeddable":true,"href":"https:\/\/vitashop.info\/es\/wp-json\/wp\/v2\/product_brand?post=8288"},{"taxonomy":"product_cat","embeddable":true,"href":"https:\/\/vitashop.info\/es\/wp-json\/wp\/v2\/product_cat?post=8288"},{"taxonomy":"product_tag","embeddable":true,"href":"https:\/\/vitashop.info\/es\/wp-json\/wp\/v2\/product_tag?post=8288"}],"curies":[{"name":"wp","href":"https:\/\/api.w.org\/{rel}","templated":true}]}}