{"id":9475,"date":"2026-04-20T22:30:13","date_gmt":"2026-04-20T22:30:13","guid":{"rendered":"https:\/\/vitashop.info\/de\/produkt\/vital-woman-60-tabletten-leistungssteiger-fuer-frauen\/"},"modified":"2026-04-20T22:32:09","modified_gmt":"2026-04-20T22:32:09","slug":"vital-woman-60-tabletten-leistungssteiger-fuer-frauen","status":"publish","type":"product","link":"https:\/\/vitashop.info\/de\/produkt\/vital-woman-60-tabletten-leistungssteiger-fuer-frauen\/","title":{"rendered":"Vital Woman 60 Tabletten &#8211; Leistungssteiger f\u00fcr Frauen"},"content":{"rendered":"<p>Dosierung: 1-2 Tabletten t\u00e4glich w\u00e4hrend Mahlzeit<\/p>\n<p>&nbsp;<\/p>\n<p>Beschreibung:<\/p>\n<p>&nbsp;<\/p>\n<p>&nbsp;<\/p>\n<p>Komposition:<\/p>\n<p>Damiana Pulver 125 mg<\/p>\n<p>Guarana Extrakt (3:1, std. 22% koffein) 100 mg<\/p>\n<p>Sumawurzel Pulver 100 mg<\/p>\n<p>Maka Wurzel Pulver 100 mg<\/p>\n<p>\u00c4rztliche Sassaparillenwurzel Pulver 50 mg<\/p>\n<p>S\u00e4gepalmebeeren Pulver 50 mg<\/p>\n<p>Brasilianischer Wacholder Pulver 25 mg<\/p>\n","protected":false},"excerpt":{"rendered":"<p>Menge auf Lager: 5 <\/p>\n","protected":false},"featured_media":10784,"comment_status":"closed","ping_status":"open","template":"","meta":[],"product_brand":[],"product_cat":[399],"product_tag":[],"class_list":{"0":"post-9475","1":"product","2":"type-product","3":"status-publish","4":"has-post-thumbnail","6":"product_cat-natuerliche-nahrungsergaenzungsmittel","8":"first","9":"instock","10":"product-type-external"},"_links":{"self":[{"href":"https:\/\/vitashop.info\/de\/wp-json\/wp\/v2\/product\/9475","targetHints":{"allow":["GET"]}}],"collection":[{"href":"https:\/\/vitashop.info\/de\/wp-json\/wp\/v2\/product"}],"about":[{"href":"https:\/\/vitashop.info\/de\/wp-json\/wp\/v2\/types\/product"}],"replies":[{"embeddable":true,"href":"https:\/\/vitashop.info\/de\/wp-json\/wp\/v2\/comments?post=9475"}],"wp:featuredmedia":[{"embeddable":true,"href":"https:\/\/vitashop.info\/de\/wp-json\/wp\/v2\/media\/10784"}],"wp:attachment":[{"href":"https:\/\/vitashop.info\/de\/wp-json\/wp\/v2\/media?parent=9475"}],"wp:term":[{"taxonomy":"product_brand","embeddable":true,"href":"https:\/\/vitashop.info\/de\/wp-json\/wp\/v2\/product_brand?post=9475"},{"taxonomy":"product_cat","embeddable":true,"href":"https:\/\/vitashop.info\/de\/wp-json\/wp\/v2\/product_cat?post=9475"},{"taxonomy":"product_tag","embeddable":true,"href":"https:\/\/vitashop.info\/de\/wp-json\/wp\/v2\/product_tag?post=9475"}],"curies":[{"name":"wp","href":"https:\/\/api.w.org\/{rel}","templated":true}]}}