{"id":9439,"date":"2026-04-20T22:30:12","date_gmt":"2026-04-20T22:30:12","guid":{"rendered":"https:\/\/vitashop.info\/de\/produkt\/senior-formula-90-tabletten-multivitamin-fuer-aeltere-menschen\/"},"modified":"2026-04-20T22:32:08","modified_gmt":"2026-04-20T22:32:08","slug":"senior-formula-90-tabletten-multivitamin-fuer-aeltere-menschen","status":"publish","type":"product","link":"https:\/\/vitashop.info\/de\/produkt\/senior-formula-90-tabletten-multivitamin-fuer-aeltere-menschen\/","title":{"rendered":"Senior Formula 90 Tabletten &#8211; Multivitamin f\u00fcr \u00e4ltere Menschen"},"content":{"rendered":"<p>Dosierung: 3&#215;1 Tablette t\u00e4glich<\/p>\n<p>&nbsp;<\/p>\n<p>Beschreibung:<\/p>\n<p>&nbsp;<\/p>\n<p>&nbsp;<\/p>\n<p>Komposition:<\/p>\n<p>Ginkgo Biloba Blatt 10 mg<\/p>\n<p>Superoxide dismutase 15 mcg<\/p>\n<p>Beta-Karotin 2950 I.E.<\/p>\n<p>Vitamin C 60 mg<\/p>\n<p>Vitamin E 10 I.E.<\/p>\n<p>Vitamin B1 1.2 mg<\/p>\n<p>Vitamin B2 1.5 mg<\/p>\n<p>Niacin 10 mg<\/p>\n<p>Pantothens\u00e4ure 3 mg<\/p>\n<p>Vitamin B12 1 mcg<\/p>\n<p>Cholin 5 mg<\/p>\n<p>Inositol 5 mg<\/p>\n<p>Para-Amino-Benzoes\u00e4ure 4 mg<\/p>\n<p>Biotin 50 mcg<\/p>\n<p>Zitrus Bioflavonoid Komplex 5 mg<\/p>\n<p>Hesperidin Komplex 1 mg<\/p>\n<p>Eisen 3 mg<\/p>\n<p>Kupfer 300 mcg<\/p>\n<p>Zink 5 mg<\/p>\n<p>Mangan 800 mcg<\/p>\n<p>Chrom 50 mcg<\/p>\n<p>Selen 20 mcg<\/p>\n<p>Molybd\u00e4n 25 mcg<\/p>\n<p>Jod 20 mcg<\/p>\n<p>L-Glutamin 1 mg<\/p>\n<p>Traubenkernextrakt 1 mg<\/p>\n<p>Lutein 500 mcg<\/p>\n<p>Pine bark extract 1 mg<\/p>\n","protected":false},"excerpt":{"rendered":"<p>Menge auf Lager: 7 <\/p>\n","protected":false},"featured_media":10760,"comment_status":"closed","ping_status":"open","template":"","meta":[],"product_brand":[],"product_cat":[399],"product_tag":[],"class_list":{"0":"post-9439","1":"product","2":"type-product","3":"status-publish","4":"has-post-thumbnail","6":"product_cat-natuerliche-nahrungsergaenzungsmittel","8":"first","9":"instock","10":"product-type-external"},"_links":{"self":[{"href":"https:\/\/vitashop.info\/de\/wp-json\/wp\/v2\/product\/9439","targetHints":{"allow":["GET"]}}],"collection":[{"href":"https:\/\/vitashop.info\/de\/wp-json\/wp\/v2\/product"}],"about":[{"href":"https:\/\/vitashop.info\/de\/wp-json\/wp\/v2\/types\/product"}],"replies":[{"embeddable":true,"href":"https:\/\/vitashop.info\/de\/wp-json\/wp\/v2\/comments?post=9439"}],"wp:featuredmedia":[{"embeddable":true,"href":"https:\/\/vitashop.info\/de\/wp-json\/wp\/v2\/media\/10760"}],"wp:attachment":[{"href":"https:\/\/vitashop.info\/de\/wp-json\/wp\/v2\/media?parent=9439"}],"wp:term":[{"taxonomy":"product_brand","embeddable":true,"href":"https:\/\/vitashop.info\/de\/wp-json\/wp\/v2\/product_brand?post=9439"},{"taxonomy":"product_cat","embeddable":true,"href":"https:\/\/vitashop.info\/de\/wp-json\/wp\/v2\/product_cat?post=9439"},{"taxonomy":"product_tag","embeddable":true,"href":"https:\/\/vitashop.info\/de\/wp-json\/wp\/v2\/product_tag?post=9439"}],"curies":[{"name":"wp","href":"https:\/\/api.w.org\/{rel}","templated":true}]}}