{"id":9433,"date":"2026-04-13T22:30:11","date_gmt":"2026-04-13T22:30:11","guid":{"rendered":"https:\/\/vitashop.info\/de\/produkt\/samburex-240-ml-saft-zur-immunstaerkung\/"},"modified":"2026-04-13T22:32:12","modified_gmt":"2026-04-13T22:32:12","slug":"samburex-240-ml-saft-zur-immunstaerkung","status":"publish","type":"product","link":"https:\/\/vitashop.info\/de\/produkt\/samburex-240-ml-saft-zur-immunstaerkung\/","title":{"rendered":"SambuRex 240 ml &#8211; Saft zur Immunst\u00e4rkung"},"content":{"rendered":"<p>Dosierung: 1 Teel\u00f6ffel t\u00e4glich, kann auch ins Essen und Trinken gemischt werden.<\/p>\n<p>&nbsp;<\/p>\n<p>Beschreibung:<\/p>\n<p style=\"text-align: justify\"><span style=\"font-family: Arial\">&nbsp;<\/span><\/p>\n<p>&nbsp;<\/p>\n<p>Wem wir empfehlen:<br \/>\nAktive Wirkstoffe von SambuRex\/5 ml:<br \/>&#013;<\/p>\n<ul>&#013;<\/p>\n<li>Auszug der Frucht des schwarzen Holunders 5000 mg<\/li>\n<p>&#013;<\/p>\n<li>Patentierte Mischung 130 mg &nbsp; &nbsp;Echinacea purpurea Extrakt, Organic Echinacea angustifolia Extrakt, &nbsp;Organic Astragalus membranaceus Extrakt<\/li>\n<p>&#013;<\/p>\n<li>Vitamin C 100 mg<\/li>\n<p>&#013;<\/p>\n<li>Zink 5 mg<\/li>\n<p>&#013;\n<\/ul>\n<p>&nbsp;<\/p>\n<p>Komposition:<\/p>\n<p>Siehe Produktbeschreibung  billion<\/p>\n","protected":false},"excerpt":{"rendered":"<p>Menge auf Lager: 6 <\/p>\n","protected":false},"featured_media":10759,"comment_status":"closed","ping_status":"open","template":"","meta":[],"product_brand":[],"product_cat":[399],"product_tag":[],"class_list":{"0":"post-9433","1":"product","2":"type-product","3":"status-publish","4":"has-post-thumbnail","6":"product_cat-natuerliche-nahrungsergaenzungsmittel","8":"first","9":"instock","10":"product-type-external"},"_links":{"self":[{"href":"https:\/\/vitashop.info\/de\/wp-json\/wp\/v2\/product\/9433","targetHints":{"allow":["GET"]}}],"collection":[{"href":"https:\/\/vitashop.info\/de\/wp-json\/wp\/v2\/product"}],"about":[{"href":"https:\/\/vitashop.info\/de\/wp-json\/wp\/v2\/types\/product"}],"replies":[{"embeddable":true,"href":"https:\/\/vitashop.info\/de\/wp-json\/wp\/v2\/comments?post=9433"}],"wp:featuredmedia":[{"embeddable":true,"href":"https:\/\/vitashop.info\/de\/wp-json\/wp\/v2\/media\/10759"}],"wp:attachment":[{"href":"https:\/\/vitashop.info\/de\/wp-json\/wp\/v2\/media?parent=9433"}],"wp:term":[{"taxonomy":"product_brand","embeddable":true,"href":"https:\/\/vitashop.info\/de\/wp-json\/wp\/v2\/product_brand?post=9433"},{"taxonomy":"product_cat","embeddable":true,"href":"https:\/\/vitashop.info\/de\/wp-json\/wp\/v2\/product_cat?post=9433"},{"taxonomy":"product_tag","embeddable":true,"href":"https:\/\/vitashop.info\/de\/wp-json\/wp\/v2\/product_tag?post=9433"}],"curies":[{"name":"wp","href":"https:\/\/api.w.org\/{rel}","templated":true}]}}