{"id":9298,"date":"2026-04-20T22:30:06","date_gmt":"2026-04-20T22:30:06","guid":{"rendered":"https:\/\/vitashop.info\/de\/produkt\/gummy-kids-100-60-gummitabletten-gummi-multivitamin-fuer-kinder\/"},"modified":"2026-04-20T22:32:11","modified_gmt":"2026-04-20T22:32:11","slug":"gummy-kids-100-60-gummitabletten-gummi-multivitamin-fuer-kinder","status":"publish","type":"product","link":"https:\/\/vitashop.info\/de\/produkt\/gummy-kids-100-60-gummitabletten-gummi-multivitamin-fuer-kinder\/","title":{"rendered":"Gummy Kids 100 60 Gummitabletten &#8211; Gummi-Multivitamin f\u00fcr Kinder"},"content":{"rendered":"<p>Dosierung: F\u00fcr 3-4 J\u00e4hrige t\u00e4glich 1 Gummitablette. Ab 4 Jahren bzw. f\u00fcr Erwachsene t\u00e4glich 2 Gummitabletten.<\/p>\n<p>&nbsp;<\/p>\n<p>Beschreibung:<\/p>\n<p><strong>Active ingredients of Gummy Kids in 2 multivitamin gummies:&nbsp;<\/strong><\/p>\n<p>&#013;<\/p>\n<p>Vitamin A727.0 IU (400.0 mcg) &nbsp;<\/p>\n<p>&#013;<\/p>\n<p>Niacin 16.0 mg &nbsp;<\/p>\n<p>&#013;<\/p>\n<p>Vitamin B61.4 mg &nbsp;&nbsp;<\/p>\n<p>&#013;<\/p>\n<p>Folic acid 200.0 mcg &nbsp;<\/p>\n<p>&#013;<\/p>\n<p>Vitamin B122.5 mcg &nbsp;<\/p>\n<p>&#013;<\/p>\n<p>Biotin 50.0 mcg &nbsp;<\/p>\n<p>&#013;<\/p>\n<p>Vitamin C80.0 mg<\/p>\n<p>&#013;<\/p>\n<p>Vitamin D3200.0 IU (5.0 mcg)<\/p>\n<p>&#013;<\/p>\n<p>Vitamin E12.0 IU (12.0 mg)<\/p>\n<p>&#013;<\/p>\n<p>Vitamin K175.0 mcg<\/p>\n<p>&#013;<\/p>\n<p>Iodine 45.0 mcg<\/p>\n<p>&#013;<\/p>\n<p>Zinc 3.0 mg&nbsp;<\/p>\n<p>&nbsp;<\/p>\n<p>&nbsp;<\/p>\n","protected":false},"excerpt":{"rendered":"<p>Menge auf Lager: 7 <\/p>\n","protected":false},"featured_media":9995,"comment_status":"closed","ping_status":"open","template":"","meta":[],"product_brand":[],"product_cat":[399],"product_tag":[],"class_list":{"0":"post-9298","1":"product","2":"type-product","3":"status-publish","4":"has-post-thumbnail","6":"product_cat-natuerliche-nahrungsergaenzungsmittel","8":"first","9":"instock","10":"product-type-external"},"_links":{"self":[{"href":"https:\/\/vitashop.info\/de\/wp-json\/wp\/v2\/product\/9298","targetHints":{"allow":["GET"]}}],"collection":[{"href":"https:\/\/vitashop.info\/de\/wp-json\/wp\/v2\/product"}],"about":[{"href":"https:\/\/vitashop.info\/de\/wp-json\/wp\/v2\/types\/product"}],"replies":[{"embeddable":true,"href":"https:\/\/vitashop.info\/de\/wp-json\/wp\/v2\/comments?post=9298"}],"wp:featuredmedia":[{"embeddable":true,"href":"https:\/\/vitashop.info\/de\/wp-json\/wp\/v2\/media\/9995"}],"wp:attachment":[{"href":"https:\/\/vitashop.info\/de\/wp-json\/wp\/v2\/media?parent=9298"}],"wp:term":[{"taxonomy":"product_brand","embeddable":true,"href":"https:\/\/vitashop.info\/de\/wp-json\/wp\/v2\/product_brand?post=9298"},{"taxonomy":"product_cat","embeddable":true,"href":"https:\/\/vitashop.info\/de\/wp-json\/wp\/v2\/product_cat?post=9298"},{"taxonomy":"product_tag","embeddable":true,"href":"https:\/\/vitashop.info\/de\/wp-json\/wp\/v2\/product_tag?post=9298"}],"curies":[{"name":"wp","href":"https:\/\/api.w.org\/{rel}","templated":true}]}}