{"id":11368,"date":"2026-04-20T22:30:11","date_gmt":"2026-04-20T22:30:11","guid":{"rendered":"https:\/\/vitashop.info\/de\/produkt\/pure-stress-release-60-tabletten-pflanzliche-unterstuetzung-bei-stress\/"},"modified":"2026-04-20T22:30:11","modified_gmt":"2026-04-20T22:30:11","slug":"pure-stress-release-60-tabletten-pflanzliche-unterstuetzung-bei-stress","status":"publish","type":"product","link":"https:\/\/vitashop.info\/de\/produkt\/pure-stress-release-60-tabletten-pflanzliche-unterstuetzung-bei-stress\/","title":{"rendered":"Pure Stress Release 60 Tabletten &#8211; Pflanzliche Unterst\u00fctzung bei Stress"},"content":{"rendered":"<p>Dosierung: 2 Tabletten t\u00e4glich *Es wird empfohlen, zun\u00e4chst 1 Tablette einzunehmen und die Dosierung bei Bedarf auf 2 Tabletten zu erh\u00f6hen. Nicht auf n\u00fcchternen Magen einnehmen!<\/p>\n<p>&nbsp;<\/p>\n<p>Beschreibung:<\/p>\n<div style=\"text-align: justify\" data-start=\"248\" data-end=\"456\"><strong data-start=\"248\" data-end=\"271\">Pure Stress Release<\/strong> ist eine komplexe und leistungsstarke pflanzliche Formel zur Unterst&uuml;tzung bei langanhaltendem Stress und zur Linderung von innerer Unruhe, Ersch&ouml;pfung und depressiven Verstimmungen. Spezielle Inhaltsstoffe wie heiliges Basilikum (Tulsi), Safran, Lavendel, L-Theanin und Ashwagandha erg&auml;nzen sich synergetisch und unterst&uuml;tzen nachhaltig innere Ruhe, einen ausgeglichenen Alltag sowie mentale Frische.<\/p>\n<\/div>\n<p>&#013;<\/p>\n<div style=\"text-align: justify\" data-start=\"678\" data-end=\"881\">Erg&auml;nzt wird die Formel durch aktives Vitamin B6 in der P5P-Form sowie hoch bioverf&uuml;gbares Magnesiumbisglycinat, die zu einer harmonischen Funktion des k&ouml;rpereigenen &bdquo;Stressreaktionssystems&ldquo; beitragen. Die Inhaltsstoffe wirken sanft, sind gut vertr&auml;glich und f&uuml;hren weder zu Nebenwirkungen noch zu Gew&ouml;hnungseffekten.<br data-start=\"998\" data-end=\"1001\" \/> <strong data-start=\"1001\" data-end=\"1057\">GVO-frei, frei von k&uuml;nstlichen Zusatzstoffen, vegan.<\/strong><\/div>\n<p>&nbsp;<\/p>\n<p>&nbsp;<\/p>\n<p>Komposition:<\/p>\n<p>Vitamin B6 6 mg<\/p>\n<p>Magnesium 56.25 mg<\/p>\n<p>Heiliges Basilikum (Tulsi) Extrakt (11:1; standardisiert auf 2,3 % Ursols\u00e4ure) 1100 mg<\/p>\n<p>Gr\u00fcner Tee Blattextrakt (280:1; standardisiert auf 40 % L-Theanin, 0,002 % EGCG) 250 mg<\/p>\n<p>L-theanine 100 mg<\/p>\n<p>Lavendel Bl\u00fctenextrakt (10:1) 80 mg<\/p>\n<p>Ashwagandha Wurzelextrakt (6:1; standardisiert auf 7 % Withanolide, 1 % Withaferin A) 41.66 mg<\/p>\n<p>Safran Stigmaextrakt (2:1; standardisiert auf 2 % Safranal, 4 % Crocine) 30 mg<\/p>\n","protected":false},"excerpt":{"rendered":"<p>Menge auf Lager: 5 <\/p>\n","protected":false},"featured_media":9217,"comment_status":"closed","ping_status":"open","template":"","meta":[],"product_brand":[],"product_cat":[399],"product_tag":[],"class_list":{"0":"post-11368","1":"product","2":"type-product","3":"status-publish","4":"has-post-thumbnail","6":"product_cat-natuerliche-nahrungsergaenzungsmittel","8":"first","9":"instock","10":"product-type-external"},"_links":{"self":[{"href":"https:\/\/vitashop.info\/de\/wp-json\/wp\/v2\/product\/11368","targetHints":{"allow":["GET"]}}],"collection":[{"href":"https:\/\/vitashop.info\/de\/wp-json\/wp\/v2\/product"}],"about":[{"href":"https:\/\/vitashop.info\/de\/wp-json\/wp\/v2\/types\/product"}],"replies":[{"embeddable":true,"href":"https:\/\/vitashop.info\/de\/wp-json\/wp\/v2\/comments?post=11368"}],"wp:featuredmedia":[{"embeddable":true,"href":"https:\/\/vitashop.info\/de\/wp-json\/wp\/v2\/media\/9217"}],"wp:attachment":[{"href":"https:\/\/vitashop.info\/de\/wp-json\/wp\/v2\/media?parent=11368"}],"wp:term":[{"taxonomy":"product_brand","embeddable":true,"href":"https:\/\/vitashop.info\/de\/wp-json\/wp\/v2\/product_brand?post=11368"},{"taxonomy":"product_cat","embeddable":true,"href":"https:\/\/vitashop.info\/de\/wp-json\/wp\/v2\/product_cat?post=11368"},{"taxonomy":"product_tag","embeddable":true,"href":"https:\/\/vitashop.info\/de\/wp-json\/wp\/v2\/product_tag?post=11368"}],"curies":[{"name":"wp","href":"https:\/\/api.w.org\/{rel}","templated":true}]}}