{"id":9980,"date":"2026-04-13T22:20:08","date_gmt":"2026-04-13T22:20:08","guid":{"rendered":"https:\/\/vitashop.info\/cz\/produkt\/organicare-fresh-lemon-herbal-toothpaste-75-ml-zubni-pasta-s-obsahem-bylin-a-prichuti-citronu\/"},"modified":"2026-04-13T22:22:13","modified_gmt":"2026-04-13T22:22:13","slug":"organicare-fresh-lemon-herbal-toothpaste-75-ml-zubni-pasta-s-obsahem-bylin-a-prichuti-citronu","status":"publish","type":"product","link":"https:\/\/vitashop.info\/cz\/produkt\/organicare-fresh-lemon-herbal-toothpaste-75-ml-zubni-pasta-s-obsahem-bylin-a-prichuti-citronu\/","title":{"rendered":"OrganiCare Fresh Lemon Herbal Toothpaste 75 ml &#8211; Zubn\u00ed pasta s obsahem bylin a p\u0159\u00edchut\u00ed citronu"},"content":{"rendered":"\n<p>&nbsp;<\/p>\n<p>Popis:<\/p>\n<p>Organicare Fresh Lemon Herbal Toothpaste je zubn&iacute; pasta s obsahem bylin a p\u0159&iacute;chut&iacute; citronu, kter&aacute; m&aacute; osv\u011b\u017euj&iacute;c&iacute; a&nbsp;protiz&aacute;n\u011btliv&eacute; &uacute;\u010dinky a&nbsp;z&aacute;rove\u0148 jemn\u011b \u010dist&iacute; zuby a zklid\u0148uje zan&iacute;cen&eacute; d&aacute;sn\u011b.<\/p>\n<p>&#013;<\/p>\n<p>D&iacute;ky pravideln&eacute;mu pou\u017e&iacute;v&aacute;n&iacute; v&aacute;m extrakt z&nbsp;li&scaron;ejn&iacute;ku islandsk&eacute;ho a citr&aacute;t zinku, kter&eacute; obsahuje, pomohou p\u0159edch&aacute;zet tvorb\u011b zubn&iacute;ho plaku a kamene.<\/p>\n<p>&#013;<\/p>\n<p><span lang=\"CS\">Pro lep&scaron;&iacute; v&yacute;sledek doporu\u010dujeme pou\u017e&iacute;vat zubn&iacute; pastu n\u011bkolikr&aacute;t denn\u011b. Nechte ji v&nbsp;&uacute;stech chv&iacute;li &uacute;\u010dinkovat a&nbsp;n&aacute;sledn\u011b vypl&aacute;chn\u011bte.<\/span><\/p>\n<p>&nbsp;<\/p>\n<p>&nbsp;<\/p>\n","protected":false},"excerpt":{"rendered":"<p>Mno\u017estv\u00ed na sklad\u011b: 9 <\/p>\n","protected":false},"featured_media":10451,"comment_status":"closed","ping_status":"open","template":"","meta":[],"product_brand":[],"product_cat":[387],"product_tag":[],"class_list":{"0":"post-9980","1":"product","2":"type-product","3":"status-publish","4":"has-post-thumbnail","6":"product_cat-kosmetika","8":"first","9":"instock","10":"product-type-external"},"_links":{"self":[{"href":"https:\/\/vitashop.info\/cz\/wp-json\/wp\/v2\/product\/9980","targetHints":{"allow":["GET"]}}],"collection":[{"href":"https:\/\/vitashop.info\/cz\/wp-json\/wp\/v2\/product"}],"about":[{"href":"https:\/\/vitashop.info\/cz\/wp-json\/wp\/v2\/types\/product"}],"replies":[{"embeddable":true,"href":"https:\/\/vitashop.info\/cz\/wp-json\/wp\/v2\/comments?post=9980"}],"wp:featuredmedia":[{"embeddable":true,"href":"https:\/\/vitashop.info\/cz\/wp-json\/wp\/v2\/media\/10451"}],"wp:attachment":[{"href":"https:\/\/vitashop.info\/cz\/wp-json\/wp\/v2\/media?parent=9980"}],"wp:term":[{"taxonomy":"product_brand","embeddable":true,"href":"https:\/\/vitashop.info\/cz\/wp-json\/wp\/v2\/product_brand?post=9980"},{"taxonomy":"product_cat","embeddable":true,"href":"https:\/\/vitashop.info\/cz\/wp-json\/wp\/v2\/product_cat?post=9980"},{"taxonomy":"product_tag","embeddable":true,"href":"https:\/\/vitashop.info\/cz\/wp-json\/wp\/v2\/product_tag?post=9980"}],"curies":[{"name":"wp","href":"https:\/\/api.w.org\/{rel}","templated":true}]}}