{"id":9977,"date":"2026-04-13T22:20:08","date_gmt":"2026-04-13T22:20:08","guid":{"rendered":"https:\/\/vitashop.info\/cz\/produkt\/organicare-bath-shower-250-ml-sprchovy-gel\/"},"modified":"2026-04-13T22:22:10","modified_gmt":"2026-04-13T22:22:10","slug":"organicare-bath-shower-250-ml-sprchovy-gel","status":"publish","type":"product","link":"https:\/\/vitashop.info\/cz\/produkt\/organicare-bath-shower-250-ml-sprchovy-gel\/","title":{"rendered":"OrganiCare Bath &amp; Shower 250 ml &#8211; Sprchov\u00fd gel"},"content":{"rendered":"\n<p>&nbsp;<\/p>\n<p>Popis:<\/p>\n<p>Na&scaron;e kosmetick&eacute; p\u0159&iacute;pravky \u0159ady OrganiCare jsou vyrobeny ze vz&aacute;cn&yacute;ch &uacute;\u010dinn&yacute;ch l&aacute;tek l&eacute;\u010div&yacute;ch rostlin, kter&eacute; jsou p\u011bstov&aacute;ny na biofarm&aacute;ch. Po ru\u010dn&iacute;m sb\u011bru n&aacute;sleduje v&yacute;robn&iacute; proces, kter&yacute; je zalo\u017een na p\u0159esnosti a pe\u010dliv&eacute; kontrole, nepou\u017e&iacute;v&aacute;me \u017e&aacute;dn&eacute; chemick&eacute; p\u0159&iacute;davn&eacute; l&aacute;tky a d&iacute;ky tomu dok&aacute;\u017eeme zachovat celkov&yacute; &uacute;\u010dinek vz&aacute;cn&yacute;ch slo\u017eek. V&yacute;sledkem jsou produkty mimo\u0159&aacute;dn\u011b vysok&eacute; kvality, \u010distoty a &uacute;\u010dinnosti.<\/p>\n<p>&#013;<\/p>\n<p>Sprchov&yacute; gel ORGANICARE BATH &amp; SHOWER (250 ml) jemn\u011b \u010dist&iacute;, chr&aacute;n&iacute; a o&scaron;et\u0159uje poko\u017eku b\u011bhem sprchov&aacute;n&iacute; nebo koup&aacute;n&iacute; a dod&aacute;v&aacute; tomu, kdo jej pou\u017e&iacute;v&aacute;, p\u0159&iacute;jemnou sv\u011b\u017eest.<\/p>\n<p>&nbsp;<\/p>\n<p>Komu a kdy jej doporu\u010dujeme?<\/p>\n<ul>&#013;<\/p>\n<li>Pro ka\u017ed&yacute; typ pleti, tak&eacute; na citlivou k\u016f\u017ei, pro ka\u017edodenn&iacute; pou\u017eit&iacute;.<\/li>\n<p>&#013;<\/p>\n<li>Pro celou rodinu, ide&aacute;ln&iacute; rovn\u011b\u017e pro d\u011bti.<\/li>\n<p>&#013;<\/p>\n<li>Pro ka\u017ed&eacute;ho, kdo by cht\u011bl udr\u017eovat svou ple\u0165 \u010distou za pomoci p\u0159&iacute;pravk\u016f s obsahem organick&yacute;ch l&aacute;tek, bez alergen\u016f.<\/li>\n<p>&#013;\n<\/ul>\n<p>&nbsp;<\/p>\n","protected":false},"excerpt":{"rendered":"<p>Mno\u017estv\u00ed na sklad\u011b: 9 <\/p>\n","protected":false},"featured_media":10418,"comment_status":"closed","ping_status":"open","template":"","meta":[],"product_brand":[],"product_cat":[387],"product_tag":[],"class_list":{"0":"post-9977","1":"product","2":"type-product","3":"status-publish","4":"has-post-thumbnail","6":"product_cat-kosmetika","8":"first","9":"instock","10":"product-type-external"},"_links":{"self":[{"href":"https:\/\/vitashop.info\/cz\/wp-json\/wp\/v2\/product\/9977","targetHints":{"allow":["GET"]}}],"collection":[{"href":"https:\/\/vitashop.info\/cz\/wp-json\/wp\/v2\/product"}],"about":[{"href":"https:\/\/vitashop.info\/cz\/wp-json\/wp\/v2\/types\/product"}],"replies":[{"embeddable":true,"href":"https:\/\/vitashop.info\/cz\/wp-json\/wp\/v2\/comments?post=9977"}],"wp:featuredmedia":[{"embeddable":true,"href":"https:\/\/vitashop.info\/cz\/wp-json\/wp\/v2\/media\/10418"}],"wp:attachment":[{"href":"https:\/\/vitashop.info\/cz\/wp-json\/wp\/v2\/media?parent=9977"}],"wp:term":[{"taxonomy":"product_brand","embeddable":true,"href":"https:\/\/vitashop.info\/cz\/wp-json\/wp\/v2\/product_brand?post=9977"},{"taxonomy":"product_cat","embeddable":true,"href":"https:\/\/vitashop.info\/cz\/wp-json\/wp\/v2\/product_cat?post=9977"},{"taxonomy":"product_tag","embeddable":true,"href":"https:\/\/vitashop.info\/cz\/wp-json\/wp\/v2\/product_tag?post=9977"}],"curies":[{"name":"wp","href":"https:\/\/api.w.org\/{rel}","templated":true}]}}