{"id":9917,"date":"2026-04-13T22:20:08","date_gmt":"2026-04-13T22:20:08","guid":{"rendered":"https:\/\/vitashop.info\/cz\/produkt\/organicare-deo-roll-on-50-ml-organicky-deodorant\/"},"modified":"2026-04-13T22:22:11","modified_gmt":"2026-04-13T22:22:11","slug":"organicare-deo-roll-on-50-ml-organicky-deodorant","status":"publish","type":"product","link":"https:\/\/vitashop.info\/cz\/produkt\/organicare-deo-roll-on-50-ml-organicky-deodorant\/","title":{"rendered":"OrganiCare Deo Roll-On 50 ml &#8211; Organick\u00fd deodorant"},"content":{"rendered":"\n<p>&nbsp;<\/p>\n<p>Popis:<\/p>\n<div style=\"text-align: justify\"><span lang=\"CS\">Na&scaron;e kosmetick&eacute; produkty OrganiCare obsahuj&iacute; vz&aacute;cn&eacute; &uacute;\u010dinn&eacute; l&aacute;tky z l&eacute;\u010div&yacute;ch rostlin, kter&eacute; jsou p\u011bstov&aacute;ny na biofarm&aacute;ch. Po ru\u010dn&iacute;m sb\u011bru n&aacute;sleduje v&yacute;robn&iacute; proces, kter&yacute; je zalo\u017een na velk&eacute; pe\u010dlivosti a&nbsp; kontrole, nepou\u017e&iacute;v&aacute;me \u017e&aacute;dn&yacute; druh chemick&yacute;ch p\u0159&iacute;datn&yacute;ch l&aacute;tek a d&iacute;ky tomu dok&aacute;\u017eeme zachovat celkov&yacute; &uacute;\u010dinek vz&aacute;cn&yacute;ch slo\u017eek. V&yacute;sledkem jsou produkty mimo\u0159&aacute;dn\u011b vysok&eacute; kvality, \u010distoty a&nbsp;&uacute;\u010dinnosti.<\/span><\/div>\n<p>&#013;<\/p>\n<div style=\"text-align: justify\">&nbsp;<\/div>\n<p>&#013;<\/p>\n<div style=\"text-align: justify\">Organick&yacute; deodorant&nbsp;ORGANICARE DEO ROLL-ON (50 ml) kontroluje a harmonizuje pocen&iacute; a p\u0159itom zohled\u0148uje p\u0159irozenou funkci poko\u017eky. Jeho organick&eacute; &uacute;\u010dinn&eacute; slo\u017eky, jako je aloe vera, levandule, olivov&yacute; olej, rozmar&yacute;n nebo extrakt z citronov&eacute; k\u016fry, maj&iacute; p\u0159irozen&eacute; antibakteri&aacute;ln&iacute; vlastnosti. Zklid\u0148uj&iacute; a chr&aacute;n&iacute; poko\u017eku podpa\u017e&iacute; a poskytnou v&aacute;m 24 hodin p\u0159&iacute;rodn&iacute; sv\u011b\u017eesti. V&yacute;robek neobsahuje soli hlin&iacute;ku, parabeny ani alkohol.<\/div>\n<p>&nbsp;<\/p>\n<p>&nbsp;<\/p>\n","protected":false},"excerpt":{"rendered":"<p>Mno\u017estv\u00ed na sklad\u011b: 21 <\/p>\n","protected":false},"featured_media":10440,"comment_status":"closed","ping_status":"open","template":"","meta":[],"product_brand":[],"product_cat":[387],"product_tag":[],"class_list":{"0":"post-9917","1":"product","2":"type-product","3":"status-publish","4":"has-post-thumbnail","6":"product_cat-kosmetika","8":"first","9":"instock","10":"product-type-external"},"_links":{"self":[{"href":"https:\/\/vitashop.info\/cz\/wp-json\/wp\/v2\/product\/9917","targetHints":{"allow":["GET"]}}],"collection":[{"href":"https:\/\/vitashop.info\/cz\/wp-json\/wp\/v2\/product"}],"about":[{"href":"https:\/\/vitashop.info\/cz\/wp-json\/wp\/v2\/types\/product"}],"replies":[{"embeddable":true,"href":"https:\/\/vitashop.info\/cz\/wp-json\/wp\/v2\/comments?post=9917"}],"wp:featuredmedia":[{"embeddable":true,"href":"https:\/\/vitashop.info\/cz\/wp-json\/wp\/v2\/media\/10440"}],"wp:attachment":[{"href":"https:\/\/vitashop.info\/cz\/wp-json\/wp\/v2\/media?parent=9917"}],"wp:term":[{"taxonomy":"product_brand","embeddable":true,"href":"https:\/\/vitashop.info\/cz\/wp-json\/wp\/v2\/product_brand?post=9917"},{"taxonomy":"product_cat","embeddable":true,"href":"https:\/\/vitashop.info\/cz\/wp-json\/wp\/v2\/product_cat?post=9917"},{"taxonomy":"product_tag","embeddable":true,"href":"https:\/\/vitashop.info\/cz\/wp-json\/wp\/v2\/product_tag?post=9917"}],"curies":[{"name":"wp","href":"https:\/\/api.w.org\/{rel}","templated":true}]}}