{"id":9316,"date":"2026-04-20T22:20:10","date_gmt":"2026-04-20T22:20:10","guid":{"rendered":"https:\/\/vitashop.info\/cz\/produkt\/virago-90-tablet-doplnek-stravy\/"},"modified":"2026-04-20T22:22:06","modified_gmt":"2026-04-20T22:22:06","slug":"virago-90-tablet-doplnek-stravy","status":"publish","type":"product","link":"https:\/\/vitashop.info\/cz\/produkt\/virago-90-tablet-doplnek-stravy\/","title":{"rendered":"VirAgo 90 tablet &#8211; Dopln\u011bk stravy."},"content":{"rendered":"<p>D\u00e1vkov\u00e1n\u00ed: 3\u00d71 tableta denn\u011b<\/p>\n<p>&nbsp;<\/p>\n<p>Popis:<\/p>\n<p style=\"text-align: justify\">VirAgo je komplexn&iacute; p\u0159&iacute;pravek, jeho\u017e v&scaron;echny hlavn&iacute; slo\u017eky podporuj&iacute; zdravou \u010dinnost na&scaron;eho imunitn&iacute;ho syst&eacute;mu. Oleuropein je l&aacute;tka, kter&aacute; se nach&aacute;z&iacute; v cenn&eacute;m extraktu z list\u016f olivovn&iacute;ku a m&aacute; antimikrobi&aacute;ln&iacute;, protiz&aacute;n\u011btliv&eacute; a antioxida\u010dn&iacute; vlastnosti, kter&eacute; je&scaron;t\u011b skv\u011ble dopl\u0148uje lysin, aminokyselina, kter&aacute; brzd&iacute; mno\u017een&iacute; vir\u016f. Echinacea je dob\u0159e zn&aacute;m&aacute; bylina, kterou lid&eacute; dlouhodob\u011b vyu\u017e&iacute;vaj&iacute; v boji proti patogen\u016fm. Bylo prok&aacute;z&aacute;no, \u017ee ko\u010di\u010d&iacute; dr&aacute;p se zinkem zvy&scaron;uje \u010dinnost imunitn&iacute;ho syst&eacute;mu.<\/p>\n<p>&nbsp;<\/p>\n<p>Komu a kdy jej doporu\u010dujeme?<\/p>\n<ul>&#013;<\/p>\n<li>T\u011bm, kte\u0159&iacute; se \u010dasto nach&aacute;zej&iacute; v situaci, kdy jejich imunitn&iacute; syst&eacute;m pot\u0159ebuje pomoc.<\/li>\n<p>&#013;<\/p>\n<li>T\u011bm, kte\u0159&iacute; hledaj&iacute; v&iacute;ce komplexn&iacute; imunitn&iacute; ochranu.<\/li>\n<p>&#013;<\/p>\n<li>K p\u0159&iacute;prav\u011b imunitn&iacute;ho syst&eacute;mu na zimu, jako k&uacute;ru b\u011bhem podzimn&iacute;ch m\u011bs&iacute;c\u016f.<\/li>\n<p>&#013;\n<\/ul>\n<p>&nbsp;<\/p>\n<p>Slo\u017een\u00ed:<\/p>\n<p>Extrakt z list\u016f olivovn\u00edku (std. 15% oleuropeinu) 80 mg<\/p>\n<p>L-lysin 80 mg<\/p>\n<p>Extrakt z k\u016fry ko\u010di\u010d\u00edho dr\u00e1pu (std. 4% oxindolov\u00fdch alkaloid\u016f) 60 mg<\/p>\n<p>Extrakt z k\u016fry Pau d`Arco 4:1 (std. 3% alkaloid\u016f) 30 mg<\/p>\n<p>Extrakt z ko\u0159ene t\u0159apatky (Echinacea) (std. 3.5% echinakosid\u016f) 25 mg<\/p>\n<p>Zinek 10 mg<\/p>\n","protected":false},"excerpt":{"rendered":"<p>Mno\u017estv\u00ed na sklad\u011b: 27 <\/p>\n","protected":false},"featured_media":10405,"comment_status":"closed","ping_status":"open","template":"","meta":[],"product_brand":[],"product_cat":[386],"product_tag":[],"class_list":{"0":"post-9316","1":"product","2":"type-product","3":"status-publish","4":"has-post-thumbnail","6":"product_cat-prirodni-doplnky","8":"first","9":"instock","10":"product-type-external"},"_links":{"self":[{"href":"https:\/\/vitashop.info\/cz\/wp-json\/wp\/v2\/product\/9316","targetHints":{"allow":["GET"]}}],"collection":[{"href":"https:\/\/vitashop.info\/cz\/wp-json\/wp\/v2\/product"}],"about":[{"href":"https:\/\/vitashop.info\/cz\/wp-json\/wp\/v2\/types\/product"}],"replies":[{"embeddable":true,"href":"https:\/\/vitashop.info\/cz\/wp-json\/wp\/v2\/comments?post=9316"}],"wp:featuredmedia":[{"embeddable":true,"href":"https:\/\/vitashop.info\/cz\/wp-json\/wp\/v2\/media\/10405"}],"wp:attachment":[{"href":"https:\/\/vitashop.info\/cz\/wp-json\/wp\/v2\/media?parent=9316"}],"wp:term":[{"taxonomy":"product_brand","embeddable":true,"href":"https:\/\/vitashop.info\/cz\/wp-json\/wp\/v2\/product_brand?post=9316"},{"taxonomy":"product_cat","embeddable":true,"href":"https:\/\/vitashop.info\/cz\/wp-json\/wp\/v2\/product_cat?post=9316"},{"taxonomy":"product_tag","embeddable":true,"href":"https:\/\/vitashop.info\/cz\/wp-json\/wp\/v2\/product_tag?post=9316"}],"curies":[{"name":"wp","href":"https:\/\/api.w.org\/{rel}","templated":true}]}}