{"id":9294,"date":"2025-03-01T17:59:01","date_gmt":"2025-03-01T17:59:01","guid":{"rendered":"https:\/\/vitashop.info\/cz\/produkt\/shake-one-pure-sachet-30-g-doplnek-stravy-proteinovy-prasek-na-rostlinne-bazi-k-podpore-hubnuti\/"},"modified":"2026-04-13T22:22:16","modified_gmt":"2026-04-13T22:22:16","slug":"shake-one-pure-sachet-30-g-doplnek-stravy-proteinovy-prasek-na-rostlinne-bazi-k-podpore-hubnuti","status":"publish","type":"product","link":"https:\/\/vitashop.info\/cz\/produkt\/shake-one-pure-sachet-30-g-doplnek-stravy-proteinovy-prasek-na-rostlinne-bazi-k-podpore-hubnuti\/","title":{"rendered":"Shake One Pure Sachet 30 g &#8211; Dopln\u011bk stravy. Proteinov\u00fd pr\u00e1\u0161ek na rostlinn\u00e9 b\u00e1zi k podpo\u0159e hubnut\u00ed."},"content":{"rendered":"<p>D\u00e1vkov\u00e1n\u00ed: Prom\u00edchejte v \u0161ejkru 1 d\u00e1vku (30 g) s 300 ml vody nebo odst\u0159ed\u011bn\u00e9ho \u010di rostlinn\u00e9ho ml\u00e9ka. Konzumujte 1 d\u00e1vku denn\u011b.<\/p>\n<p>&nbsp;<\/p>\n<p>Popis:<\/p>\n<p>Proteinov&yacute; pr&aacute;&scaron;ek s p\u0159&iacute;chut&iacute;&nbsp;malin a b&iacute;l&eacute; \u010dokol&aacute;dy se snadno p\u0159ipravuje s rostlinn&yacute;m ml&eacute;kem\/vodou a je vhodn&yacute; pro reduk\u010dn&iacute; dietu. Chutn&yacute; proteinov&yacute; pr&aacute;&scaron;ek neobsahuje syrov&aacute;tku a je zcela rostlinn&eacute;ho p\u016fvodu. V produktu je obsa\u017een sacharid Palatinose &trade;, kter&yacute; nezp\u016fsobuje n&aacute;hl&eacute; zv&yacute;&scaron;en&iacute; hladiny cukru v krvi. Obsah vitamin\u016f, miner&aacute;l\u016f, vl&aacute;kniny a tr&aacute;vic&iacute;ch enzym\u016f v&nbsp;tomto produktu podporuje zdrav&eacute; odbour&aacute;v&aacute;n&iacute; t\u011blesn&eacute;ho tuku.<\/p>\n<p>&#013;<\/p>\n<p>Produkt shake one pure je vegansk&yacute;, tedy vyroben&yacute; bez p\u0159&iacute;sad \u017eivo\u010di&scaron;n&eacute;ho p\u016fvodu, um\u011bl&yacute;ch barviv, konzerva\u010dn&iacute;ch l&aacute;tek, s&oacute;ji, lakt&oacute;zy, lepku nebo ml&eacute;\u010dn&yacute;ch b&iacute;lkovin. Obsahuje sladidlo.<\/p>\n<p>&nbsp;<\/p>\n<p>Komu a kdy jej doporu\u010dujeme?<\/p>\n<ul>&#013;<\/p>\n<li>Pokud dr\u017e&iacute;te reduk\u010dn&iacute; dietu, proto\u017ee j&iacute;m lze nahradit j&iacute;dlo.<\/li>\n<p>&#013;<\/p>\n<li>Kdy\u017e chcete zabr&aacute;nit &uacute;bytku svalov&eacute; hmoty a chr&aacute;nit svalovou hmotu b\u011bhem diety.<\/li>\n<p>&#013;<\/p>\n<li>Pokud si p\u0159ejete uspokojit svou touhu po sladk&eacute;m zdrav&yacute;m zp\u016fsobem.<\/li>\n<p>&#013;<\/p>\n<li>Pokud se boj&iacute;te &uacute;\u010dink\u016f syrov&aacute;tky nebo jste na ni citliv&iacute;.<\/li>\n<p>&#013;<\/p>\n<li>Pro vegetari&aacute;ny k dopln\u011bn&iacute; z&aacute;kladn&iacute; pot\u0159eby b&iacute;lkovin.<\/li>\n<p>&#013;<\/p>\n<li>V&nbsp;p\u0159&iacute;pad\u011b nedostatku \u010dasu j&iacute;m m\u016f\u017eete kdykoliv nahradit j&iacute;dlo a tak sn&iacute;\u017eit pocit hladu.<\/li>\n<p>&#013;\n<\/ul>\n<p>&nbsp;<\/p>\n<p>Slo\u017een\u00ed:<\/p>\n<p>Hr\u00e1\u0161kov\u00fd protein (Pisum sativum, semeno) 10.5 g<\/p>\n<p>R\u00fd\u017eov\u00fd protein (Oryza sativa, semeno) 10.5 g<\/p>\n<p>Palatinose (Izomaltul\u00f3za) 4.2 g<\/p>\n<p>Maltodextrin 2.35 g<\/p>\n<p>V\u00e1pn\u00edk (uhli\u010ditan v\u00e1penat\u00fd) 200 mg<\/p>\n<p>Zinek (oxid zinku) 10 mg<\/p>\n<p>Chrom (chrom pikolin\u00e1t) 200 mcg<\/p>\n<p>Selen (selenan sodn\u00fd) 40 mcg<\/p>\n<p>Inulin (Cichorium intybus, ko\u0159en) 200 mg<\/p>\n<p>V\u00fdta\u017eek z ovoce acai (Euterpe oleracea) 4:1 100 mg<\/p>\n<p>Vitamin C (kyselina L-askorbov\u00e1) 30 mg<\/p>\n<p>Vitamin E (D-\u03b1-tokoferol) 10 mg<\/p>\n<p>Vitamin B3 (nikotinamid) 10 mg<\/p>\n<p>Vitamin B6 (pyridoxin HCl) 1 mg<\/p>\n<p>Vitamin B2 (riboflavin) 0.8 mcg<\/p>\n<p>Vitamin B1 (thiamin HCl) 0.6 mg<\/p>\n<p>Biotin (D-biotin) 150 mcg<\/p>\n<p>Kyselina listov\u00e1 (pteroylmonoglutamov\u00e1) 150 mcg<\/p>\n<p>Vitamin D3 (cholekalciferol) 5 mcg<\/p>\n<p>Vitamin B12 (kyanokobalamin) 2 mcg<\/p>\n<p>Bromelain (Ananas comosus, plod) 60 mcg<\/p>\n<p>Papain (Carica papaya, ovoce) 60 mcg<\/p>\n","protected":false},"excerpt":{"rendered":"<p>Mno\u017estv\u00ed na sklad\u011b: 12 <\/p>\n","protected":false},"featured_media":11688,"comment_status":"closed","ping_status":"open","template":"","meta":[],"product_brand":[],"product_cat":[386],"product_tag":[],"class_list":{"0":"post-9294","1":"product","2":"type-product","3":"status-publish","4":"has-post-thumbnail","6":"product_cat-prirodni-doplnky","8":"first","9":"instock","10":"product-type-external"},"_links":{"self":[{"href":"https:\/\/vitashop.info\/cz\/wp-json\/wp\/v2\/product\/9294","targetHints":{"allow":["GET"]}}],"collection":[{"href":"https:\/\/vitashop.info\/cz\/wp-json\/wp\/v2\/product"}],"about":[{"href":"https:\/\/vitashop.info\/cz\/wp-json\/wp\/v2\/types\/product"}],"replies":[{"embeddable":true,"href":"https:\/\/vitashop.info\/cz\/wp-json\/wp\/v2\/comments?post=9294"}],"wp:featuredmedia":[{"embeddable":true,"href":"https:\/\/vitashop.info\/cz\/wp-json\/wp\/v2\/media\/11688"}],"wp:attachment":[{"href":"https:\/\/vitashop.info\/cz\/wp-json\/wp\/v2\/media?parent=9294"}],"wp:term":[{"taxonomy":"product_brand","embeddable":true,"href":"https:\/\/vitashop.info\/cz\/wp-json\/wp\/v2\/product_brand?post=9294"},{"taxonomy":"product_cat","embeddable":true,"href":"https:\/\/vitashop.info\/cz\/wp-json\/wp\/v2\/product_cat?post=9294"},{"taxonomy":"product_tag","embeddable":true,"href":"https:\/\/vitashop.info\/cz\/wp-json\/wp\/v2\/product_tag?post=9294"}],"curies":[{"name":"wp","href":"https:\/\/api.w.org\/{rel}","templated":true}]}}