{"id":9282,"date":"2026-04-20T22:20:09","date_gmt":"2026-04-20T22:20:09","guid":{"rendered":"https:\/\/vitashop.info\/cz\/produkt\/pure-yucca-100-kapsli-doplnek-stravy-detoxikacni-juka\/"},"modified":"2026-04-20T22:22:06","modified_gmt":"2026-04-20T22:22:06","slug":"pure-yucca-100-kapsli-doplnek-stravy-detoxikacni-juka","status":"publish","type":"product","link":"https:\/\/vitashop.info\/cz\/produkt\/pure-yucca-100-kapsli-doplnek-stravy-detoxikacni-juka\/","title":{"rendered":"Pure Yucca 100 kapsli &#8211; Dopln\u011bk stravy. Detoxika\u010dn\u00ed juka."},"content":{"rendered":"<p>D\u00e1vkov\u00e1n\u00ed: 2 &#8211; 3 kapsle t\u0159ikr\u00e1t denn\u011b s v\u011bt\u0161\u00edm mno\u017estv\u00edm vody<\/p>\n<p>&nbsp;<\/p>\n<p>Popis:<\/p>\n<p><span class=\"hps\">Saponiny,<\/span>&nbsp;<span class=\"hps\">p\u0159&iacute;rodn&iacute;<\/span>&nbsp;<span class=\"hps\">slou\u010deniny<\/span>&nbsp;<span class=\"hps\">v<\/span>&nbsp;<span class=\"hps\">juke<\/span>&nbsp;<span class=\"hps\">podobn&eacute;<\/span>&nbsp;<span class=\"hps\">steroid\u016fm<\/span>,&nbsp;<span class=\"hps\">maj&iacute;<\/span>&nbsp;<span class=\"hps\">diuretick&eacute;<\/span>,&nbsp;<span class=\"hps\">protiz&aacute;n\u011btliv&eacute;<\/span>,&nbsp;<span class=\"hps\">protik\u0159e\u010dov&eacute;<\/span>&nbsp;<span class=\"hps\">a<\/span>&nbsp;<span class=\"hps\">antioxida\u010dn&iacute;<\/span>&nbsp;<span class=\"hps\">&uacute;\u010dinky<\/span>.&nbsp;<span class=\"hps\">Extrakt<\/span>&nbsp;<span class=\"hps\">z<\/span>&nbsp;<span class=\"hps\">t&eacute;to<\/span>&nbsp;<span class=\"hps\">rostliny<\/span>&nbsp;<span class=\"hps\">obsahuje<\/span>&nbsp;<span class=\"hps\">n\u011bkolik<\/span>&nbsp;<span class=\"hps\">enzym\u016f<\/span>,&nbsp;<span class=\"hps\">chlorofyl<\/span>,&nbsp;<span class=\"hps\">antioxidanty<\/span>&nbsp;<span class=\"hps\">a<\/span>&nbsp;<span class=\"hps\">dal&scaron;&iacute; &uacute;\u010dinn&eacute;<\/span>&nbsp;<span class=\"hps\">l&aacute;tky<\/span>.&nbsp;<span class=\"hps\">Pure<\/span>&nbsp;<span class=\"hps\">Yucca<\/span>&nbsp;<span class=\"hps\">m\u016f\u017ee podpo\u0159it<\/span>&nbsp;<span class=\"hps\">detoxikaci<\/span>&nbsp;<span class=\"hps\">tr&aacute;vic&iacute;ho syst&eacute;mu<\/span>&nbsp;<span class=\"hps\">tak<\/span>,&nbsp;<span class=\"hps\">\u017ee<\/span>&nbsp;<span class=\"hps\">zrychl&iacute;<\/span>&nbsp;<span class=\"hps\">metabolismus<\/span>,&nbsp;<span class=\"hps\">a<\/span>&nbsp;<span class=\"hps\">t&iacute;m<\/span>&nbsp;<span class=\"hps\">urychl&iacute;<\/span>&nbsp;<span class=\"hps\">i<\/span>&nbsp;<span class=\"hps\">vylu\u010dov&aacute;n&iacute;<\/span>&nbsp;<span class=\"hps\">&scaron;kodliv&yacute;ch<\/span>&nbsp;<span class=\"hps\">l&aacute;tek<\/span>.<\/p>\n<p>&nbsp;<\/p>\n<p>Komu a kdy jej doporu\u010dujeme?<\/p>\n<ul>&#013;<\/p>\n<li><span id=\"result_box\" lang=\"cs\"><span class=\"hps\">T\u011bm<\/span>,&nbsp;<span class=\"hps\">kte\u0159&iacute; by<\/span>&nbsp;<span class=\"hps\">cht\u011bli podpo\u0159it<\/span>&nbsp;<span class=\"hps\">detoxika\u010dn&iacute; procesy<\/span>&nbsp;<span class=\"hps\">v<\/span>&nbsp;<span class=\"hps\">t\u011ble<\/span>.<\/span><\/li>\n<p>&#013;<\/p>\n<li><span id=\"result_box\" lang=\"cs\"><span class=\"hps\">T\u011bm<\/span>,&nbsp;<span class=\"hps\">kte\u0159&iacute;<\/span>&nbsp;<span class=\"hps\">podstupuj&iacute;<\/span>&nbsp;<span class=\"hps\">k&uacute;ru<\/span>&nbsp;<span class=\"hps\">na<\/span>&nbsp;<span class=\"hps\">\u010di&scaron;t\u011bn&iacute;<\/span>&nbsp;<span class=\"hps\">st\u0159ev<\/span>.<\/span><\/li>\n<p>&#013;<\/p>\n<li><span id=\"result_box\" lang=\"cs\"><span class=\"hps\">Pro obnoven&iacute;<\/span>&nbsp;<span class=\"hps\">rovnov&aacute;hy<\/span>&nbsp;<span class=\"hps\">st\u0159evn&iacute; fl&oacute;ry<\/span>,&nbsp;<span class=\"hps\">zvl&aacute;&scaron;t\u011b po<\/span>&nbsp;<span class=\"hps\">l&eacute;\u010db\u011b antibiotiky<\/span>.<\/span><\/li>\n<p>&#013;<\/p>\n<li><span id=\"result_box\" lang=\"cs\"><span class=\"hps\">Jako<\/span>&nbsp;<span class=\"hps\">dopln\u011bk<\/span>&nbsp;<span class=\"hps\">terapie<\/span>&nbsp;<span class=\"hps\">na<\/span>&nbsp;<span class=\"hps\">sn&iacute;\u017een&iacute;<\/span>&nbsp;<span class=\"hps\">cholesterolu<\/span>.<\/span><\/li>\n<p>&#013;\n<\/ul>\n<p>&nbsp;<\/p>\n<p>Slo\u017een\u00ed:<\/p>\n<p>Yucca 500 mg<\/p>\n","protected":false},"excerpt":{"rendered":"<p>Mno\u017estv\u00ed na sklad\u011b: 43 <\/p>\n","protected":false},"featured_media":10391,"comment_status":"closed","ping_status":"open","template":"","meta":[],"product_brand":[],"product_cat":[386],"product_tag":[],"class_list":{"0":"post-9282","1":"product","2":"type-product","3":"status-publish","4":"has-post-thumbnail","6":"product_cat-prirodni-doplnky","8":"first","9":"instock","10":"product-type-external"},"_links":{"self":[{"href":"https:\/\/vitashop.info\/cz\/wp-json\/wp\/v2\/product\/9282","targetHints":{"allow":["GET"]}}],"collection":[{"href":"https:\/\/vitashop.info\/cz\/wp-json\/wp\/v2\/product"}],"about":[{"href":"https:\/\/vitashop.info\/cz\/wp-json\/wp\/v2\/types\/product"}],"replies":[{"embeddable":true,"href":"https:\/\/vitashop.info\/cz\/wp-json\/wp\/v2\/comments?post=9282"}],"wp:featuredmedia":[{"embeddable":true,"href":"https:\/\/vitashop.info\/cz\/wp-json\/wp\/v2\/media\/10391"}],"wp:attachment":[{"href":"https:\/\/vitashop.info\/cz\/wp-json\/wp\/v2\/media?parent=9282"}],"wp:term":[{"taxonomy":"product_brand","embeddable":true,"href":"https:\/\/vitashop.info\/cz\/wp-json\/wp\/v2\/product_brand?post=9282"},{"taxonomy":"product_cat","embeddable":true,"href":"https:\/\/vitashop.info\/cz\/wp-json\/wp\/v2\/product_cat?post=9282"},{"taxonomy":"product_tag","embeddable":true,"href":"https:\/\/vitashop.info\/cz\/wp-json\/wp\/v2\/product_tag?post=9282"}],"curies":[{"name":"wp","href":"https:\/\/api.w.org\/{rel}","templated":true}]}}