{"id":9265,"date":"2026-04-13T22:20:08","date_gmt":"2026-04-13T22:20:08","guid":{"rendered":"https:\/\/vitashop.info\/cz\/produkt\/organicky-etericky-olej-citron-10-ml\/"},"modified":"2026-04-13T22:22:13","modified_gmt":"2026-04-13T22:22:13","slug":"organicky-etericky-olej-citron-10-ml","status":"publish","type":"product","link":"https:\/\/vitashop.info\/cz\/produkt\/organicky-etericky-olej-citron-10-ml\/","title":{"rendered":"Organick\u00fd \u00e9terick\u00fd olej citron 10 ml &#8211;"},"content":{"rendered":"\n<p>&nbsp;<\/p>\n<p>Popis:<\/p>\n<p><span lang=\"CS\">&Eacute;terick&eacute; (esenci&aacute;ln&iacute;) oleje, kter&eacute; jsou zn&aacute;m&eacute; sv&yacute;mi pozitivn&iacute;mi &uacute;\u010dinky na na&scaron;i n&aacute;ladu, mohou m&iacute;t tak&eacute; \u0159adu zdravotn&iacute;ch p\u0159&iacute;nos\u016f. Takov&yacute; je i certifikovan&yacute; organick&yacute; citronov&yacute; olej CaliVita: tento stoprocentn\u011b \u010dist&yacute; esenci&aacute;ln&iacute; olej s&nbsp;povzbuzuj&iacute;c&iacute; v\u016fn&iacute; m\u016f\u017ee pom&aacute;hat p\u0159i \u0159ad\u011b probl&eacute;m\u016f. M\u016f\u017eete se spolehnout na to, \u017ee zlep&scaron;&iacute; va&scaron;i n&aacute;ladu, podpo\u0159&iacute; v&yacute;kon mozku a tak&eacute; &uacute;\u010dinn\u011b zm&iacute;rn&iacute; p\u0159&iacute;znaky onemocn\u011bn&iacute; horn&iacute;ch cest d&yacute;chac&iacute;ch.<\/span><\/p>\n<p>&nbsp;<\/p>\n<p>Komu a kdy jej doporu\u010dujeme?<\/p>\n<p>Tento produkt je opravdu osv\u011b\u017euj&iacute;c&iacute;: doporu\u010dujeme ho v&scaron;em, kte\u0159&iacute; c&iacute;t&iacute; pot\u0159ebu m&iacute;t ve sv&eacute;m ka\u017edodenn&iacute;m \u017eivot\u011b v&iacute;ce energie a dynamiky. Dok&aacute;\u017ee podpo\u0159it tv\u016fr\u010d&iacute; my&scaron;len&iacute;, ment&aacute;ln&iacute; schopnosti, koncentraci a pam\u011b\u0165, je skv\u011blou volbou pro lidi, kte\u0159&iacute; pracuj&iacute; v&nbsp;kancel&aacute;\u0159i. Ti, kte\u0159&iacute; jsou skl&iacute;\u010den&iacute; nebo v depresi, zjist&iacute;, \u017ee je to siln&yacute; prost\u0159edek na zlep&scaron;en&iacute; n&aacute;lady a antidepresivum. D&iacute;ky sv&yacute;m antivirov&yacute;m a antibakteri&aacute;ln&iacute;m vlastnostem m\u016f\u017ee b&yacute;t citronov&yacute; olej veden rovn\u011b\u017e jako prost\u0159edek, kter&yacute; pom&aacute;h&aacute; v prevenci infekc&iacute; a podporuje jejich l&eacute;\u010dbu.<\/p>\n<p>&nbsp;<\/p>\n","protected":false},"excerpt":{"rendered":"<p>Mno\u017estv\u00ed na sklad\u011b: 7 <\/p>\n","protected":false},"featured_media":10456,"comment_status":"closed","ping_status":"open","template":"","meta":[],"product_brand":[],"product_cat":[387],"product_tag":[],"class_list":{"0":"post-9265","1":"product","2":"type-product","3":"status-publish","4":"has-post-thumbnail","6":"product_cat-kosmetika","8":"first","9":"instock","10":"product-type-external"},"_links":{"self":[{"href":"https:\/\/vitashop.info\/cz\/wp-json\/wp\/v2\/product\/9265","targetHints":{"allow":["GET"]}}],"collection":[{"href":"https:\/\/vitashop.info\/cz\/wp-json\/wp\/v2\/product"}],"about":[{"href":"https:\/\/vitashop.info\/cz\/wp-json\/wp\/v2\/types\/product"}],"replies":[{"embeddable":true,"href":"https:\/\/vitashop.info\/cz\/wp-json\/wp\/v2\/comments?post=9265"}],"wp:featuredmedia":[{"embeddable":true,"href":"https:\/\/vitashop.info\/cz\/wp-json\/wp\/v2\/media\/10456"}],"wp:attachment":[{"href":"https:\/\/vitashop.info\/cz\/wp-json\/wp\/v2\/media?parent=9265"}],"wp:term":[{"taxonomy":"product_brand","embeddable":true,"href":"https:\/\/vitashop.info\/cz\/wp-json\/wp\/v2\/product_brand?post=9265"},{"taxonomy":"product_cat","embeddable":true,"href":"https:\/\/vitashop.info\/cz\/wp-json\/wp\/v2\/product_cat?post=9265"},{"taxonomy":"product_tag","embeddable":true,"href":"https:\/\/vitashop.info\/cz\/wp-json\/wp\/v2\/product_tag?post=9265"}],"curies":[{"name":"wp","href":"https:\/\/api.w.org\/{rel}","templated":true}]}}