{"id":9261,"date":"2026-04-13T22:20:08","date_gmt":"2026-04-13T22:20:08","guid":{"rendered":"https:\/\/vitashop.info\/cz\/produkt\/organicare-rescue-gel-60-ml-bio-balzam-prvni-pomoci\/"},"modified":"2026-04-13T22:22:11","modified_gmt":"2026-04-13T22:22:11","slug":"organicare-rescue-gel-60-ml-bio-balzam-prvni-pomoci","status":"publish","type":"product","link":"https:\/\/vitashop.info\/cz\/produkt\/organicare-rescue-gel-60-ml-bio-balzam-prvni-pomoci\/","title":{"rendered":"OrganiCare Rescue Gel 60 ml &#8211; Bio balz\u00e1m prvn\u00ed pomoci"},"content":{"rendered":"\n<p>&nbsp;<\/p>\n<p>Popis:<\/p>\n<p>Na&scaron;e kosmetick&eacute; p\u0159&iacute;pravky \u0159ady OrganiCare jsou vyrobeny ze vz&aacute;cn&yacute;ch &uacute;\u010dinn&yacute;ch l&aacute;tek l&eacute;\u010div&yacute;ch rostlin, kter&eacute; jsou p\u011bstov&aacute;ny na biofarm&aacute;ch. Po ru\u010dn&iacute;m sb\u011bru n&aacute;sleduje v&yacute;robn&iacute; proces, kter&yacute; je zalo\u017een na p\u0159esnosti a pe\u010dliv&eacute; kontrole, nepou\u017e&iacute;v&aacute;me \u017e&aacute;dn&eacute; chemick&eacute; p\u0159&iacute;davn&eacute; l&aacute;tky a d&iacute;ky tomu dok&aacute;\u017eeme zachovat celkov&yacute; &uacute;\u010dinek vz&aacute;cn&yacute;ch slo\u017eek. V&yacute;sledkem jsou produkty mimo\u0159&aacute;dn\u011b vysok&eacute; kvality, \u010distoty a &uacute;\u010dinnosti.<\/p>\n<p>&#013;<\/p>\n<p>N&aacute;&scaron; bio balz&aacute;m prvn&iacute; pomoci RESCUE GEL (60 ml) byl vyvinut&yacute; ke zm&iacute;rn\u011bn&iacute; bolesti a chladiv&eacute; zklidn\u011bn&iacute;. Uzav\u0159eli jsme jeho vynikaj&iacute;c&iacute; l&eacute;\u010debn&eacute; l&aacute;tky (aloe vera, mentol, kafr, he\u0159m&aacute;nek, &scaron;alv\u011bj a rozmar&yacute;n) do praktick&eacute; lahvi\u010dky kulovit&eacute;ho tvaru, aby v&aacute;m p\u0159inesl rychlou &uacute;levu p\u0159i revmatick&yacute;ch bolestech, svalov&yacute;ch k\u0159e\u010d&iacute;ch, namo\u017een&yacute;ch svalech, sp&aacute;len&eacute; k\u016f\u017ei, bodnut&iacute; hmyzem nebo p\u0159i &scaron;patn\u011b pr\u016fchodn&yacute;ch d&yacute;chac&iacute;ch cest&aacute;ch. Je ide&aacute;ln&iacute; volbou jak po sportu, tak i na proch&aacute;zce nebo na dovolen&eacute;.<\/p>\n<p>&nbsp;<\/p>\n<p>Komu a kdy jej doporu\u010dujeme?<\/p>\n<ul>&#013;<\/p>\n<li>Pro celou rodinu, ide&aacute;ln&iacute; tak&eacute; pro d\u011bti.<\/li>\n<p>&#013;<\/p>\n<li>Pro ty, kte\u0159&iacute; pot\u0159ebuj&iacute; okam\u017eit\u011b ztlumit bolest, ochladit.<\/li>\n<p>&#013;<\/p>\n<li>Pro turisty, sportovce a pro osoby, kter&eacute; se pot&yacute;kaj&iacute; s revmatick&yacute;mi bolestmi, k\u0159e\u010demi nebo jsou p\u0159et&iacute;\u017een&eacute;.<\/li>\n<p>&#013;<\/p>\n<li>Pro v&yacute;letn&iacute;ky a turisty ke zm&iacute;rn\u011bn&iacute; n&aacute;sledk\u016f sp&aacute;lenin od slunce a po&scaron;t&iacute;p&aacute;n&iacute; hmyzem.<\/li>\n<p>&#013;\n<\/ul>\n<p>&nbsp;<\/p>\n","protected":false},"excerpt":{"rendered":"<p>Mno\u017estv\u00ed na sklad\u011b: 11 <\/p>\n","protected":false},"featured_media":10433,"comment_status":"closed","ping_status":"open","template":"","meta":[],"product_brand":[],"product_cat":[387],"product_tag":[],"class_list":{"0":"post-9261","1":"product","2":"type-product","3":"status-publish","4":"has-post-thumbnail","6":"product_cat-kosmetika","8":"first","9":"instock","10":"product-type-external"},"_links":{"self":[{"href":"https:\/\/vitashop.info\/cz\/wp-json\/wp\/v2\/product\/9261","targetHints":{"allow":["GET"]}}],"collection":[{"href":"https:\/\/vitashop.info\/cz\/wp-json\/wp\/v2\/product"}],"about":[{"href":"https:\/\/vitashop.info\/cz\/wp-json\/wp\/v2\/types\/product"}],"replies":[{"embeddable":true,"href":"https:\/\/vitashop.info\/cz\/wp-json\/wp\/v2\/comments?post=9261"}],"wp:featuredmedia":[{"embeddable":true,"href":"https:\/\/vitashop.info\/cz\/wp-json\/wp\/v2\/media\/10433"}],"wp:attachment":[{"href":"https:\/\/vitashop.info\/cz\/wp-json\/wp\/v2\/media?parent=9261"}],"wp:term":[{"taxonomy":"product_brand","embeddable":true,"href":"https:\/\/vitashop.info\/cz\/wp-json\/wp\/v2\/product_brand?post=9261"},{"taxonomy":"product_cat","embeddable":true,"href":"https:\/\/vitashop.info\/cz\/wp-json\/wp\/v2\/product_cat?post=9261"},{"taxonomy":"product_tag","embeddable":true,"href":"https:\/\/vitashop.info\/cz\/wp-json\/wp\/v2\/product_tag?post=9261"}],"curies":[{"name":"wp","href":"https:\/\/api.w.org\/{rel}","templated":true}]}}