{"id":9259,"date":"2026-04-13T22:20:08","date_gmt":"2026-04-13T22:20:08","guid":{"rendered":"https:\/\/vitashop.info\/cz\/produkt\/organicare-hair-conditioner-200-ml-kondicioner\/"},"modified":"2026-04-13T22:22:11","modified_gmt":"2026-04-13T22:22:11","slug":"organicare-hair-conditioner-200-ml-kondicioner","status":"publish","type":"product","link":"https:\/\/vitashop.info\/cz\/produkt\/organicare-hair-conditioner-200-ml-kondicioner\/","title":{"rendered":"OrganiCare Hair Conditioner 200 ml &#8211; Kondicion\u00e9r"},"content":{"rendered":"\n<p>&nbsp;<\/p>\n<p>Popis:<\/p>\n<p>Na&scaron;e kosmetick&eacute; p\u0159&iacute;pravky \u0159ady OrganiCare jsou vyrobeny ze vz&aacute;cn&yacute;ch &uacute;\u010dinn&yacute;ch l&aacute;tek l&eacute;\u010div&yacute;ch rostlin, kter&eacute; jsou p\u011bstov&aacute;ny na biofarm&aacute;ch. Po ru\u010dn&iacute;m sb\u011bru n&aacute;sleduje v&yacute;robn&iacute; proces, kter&yacute; je zalo\u017een na p\u0159esnosti a pe\u010dliv&eacute; kontrole, nepou\u017e&iacute;v&aacute;me \u017e&aacute;dn&eacute; chemick&eacute; p\u0159&iacute;davn&eacute; l&aacute;tky a d&iacute;ky tomu dok&aacute;\u017eeme zachovat celkov&yacute; &uacute;\u010dinek vz&aacute;cn&yacute;ch slo\u017eek. V&yacute;sledkem jsou produkty mimo\u0159&aacute;dn\u011b vysok&eacute; kvality, \u010distoty a &uacute;\u010dinnosti.<\/p>\n<p>&#013;<\/p>\n<p>Kondicion&eacute;r ORGANICARE HAIR CONDITIONER (200 ml) je dokonal&yacute;m dopl\u0148kem k na&scaron;emu &scaron;amponu. Jemn\u011b o&scaron;et\u0159uje, posiluje a chr&aacute;n&iacute; vlasy po umyt&iacute;. D&iacute;ky jeho vz&aacute;cn&yacute;m \u017eivin&aacute;m budou va&scaron;e vlasy hebk&eacute;, leskl&eacute; a daj&iacute; se snadno roz\u010desat.<\/p>\n<p>&nbsp;<\/p>\n<p>Komu a kdy jej doporu\u010dujeme?<\/p>\n<ul>&#013;<\/p>\n<li>M\u016f\u017ee se aplikovat na v&scaron;echny typy vlas\u016f, vhodn&yacute; i pro ka\u017edodenn&iacute; pou\u017eit&iacute;.<\/li>\n<p>&#013;<\/p>\n<li>Pro celou rodinu, ide&aacute;ln&iacute; tak&eacute; pro d\u011bti a osoby, kter&eacute; maj&iacute; citlivou k\u016f\u017ei na hlav\u011b.<\/li>\n<p>&#013;<\/p>\n<li>Pro ka\u017ed&eacute;ho, kdo by cht\u011bl pe\u010dovat o sv&eacute; vlasy za pomoci p\u0159&iacute;pravk\u016f s obsahem organick&yacute;ch l&aacute;tek, bez alergen\u016f.<\/li>\n<p>&#013;\n<\/ul>\n<p>&nbsp;<\/p>\n","protected":false},"excerpt":{"rendered":"<p>Mno\u017estv\u00ed na sklad\u011b: 10 <\/p>\n","protected":false},"featured_media":9870,"comment_status":"closed","ping_status":"open","template":"","meta":[],"product_brand":[],"product_cat":[387],"product_tag":[],"class_list":{"0":"post-9259","1":"product","2":"type-product","3":"status-publish","4":"has-post-thumbnail","6":"product_cat-kosmetika","8":"first","9":"instock","10":"product-type-external"},"_links":{"self":[{"href":"https:\/\/vitashop.info\/cz\/wp-json\/wp\/v2\/product\/9259","targetHints":{"allow":["GET"]}}],"collection":[{"href":"https:\/\/vitashop.info\/cz\/wp-json\/wp\/v2\/product"}],"about":[{"href":"https:\/\/vitashop.info\/cz\/wp-json\/wp\/v2\/types\/product"}],"replies":[{"embeddable":true,"href":"https:\/\/vitashop.info\/cz\/wp-json\/wp\/v2\/comments?post=9259"}],"wp:featuredmedia":[{"embeddable":true,"href":"https:\/\/vitashop.info\/cz\/wp-json\/wp\/v2\/media\/9870"}],"wp:attachment":[{"href":"https:\/\/vitashop.info\/cz\/wp-json\/wp\/v2\/media?parent=9259"}],"wp:term":[{"taxonomy":"product_brand","embeddable":true,"href":"https:\/\/vitashop.info\/cz\/wp-json\/wp\/v2\/product_brand?post=9259"},{"taxonomy":"product_cat","embeddable":true,"href":"https:\/\/vitashop.info\/cz\/wp-json\/wp\/v2\/product_cat?post=9259"},{"taxonomy":"product_tag","embeddable":true,"href":"https:\/\/vitashop.info\/cz\/wp-json\/wp\/v2\/product_tag?post=9259"}],"curies":[{"name":"wp","href":"https:\/\/api.w.org\/{rel}","templated":true}]}}