{"id":9213,"date":"2026-04-13T22:20:06","date_gmt":"2026-04-13T22:20:06","guid":{"rendered":"https:\/\/vitashop.info\/cz\/produkt\/hand-body-lotion-1000-ml-pletove-mleko\/"},"modified":"2026-04-13T22:22:10","modified_gmt":"2026-04-13T22:22:10","slug":"hand-body-lotion-1000-ml-pletove-mleko","status":"publish","type":"product","link":"https:\/\/vitashop.info\/cz\/produkt\/hand-body-lotion-1000-ml-pletove-mleko\/","title":{"rendered":"Hand &amp; Body Lotion 1000 ml &#8211; Ple\u0165ov\u00e9 ml\u00e9ko"},"content":{"rendered":"\n<p>&nbsp;<\/p>\n<p>Popis:<\/p>\n<p>Hand &amp; Body Lotion je velk&eacute; balen&iacute; ple\u0165ov&eacute;ho ml&eacute;ka, kter&eacute; bylo vyvinuto pro ka\u017edodenn&iacute; pou\u017e&iacute;v&aacute;n&iacute;. Jeho nejd\u016fle\u017eit\u011bj&scaron;&iacute; slo\u017ekou je avok&aacute;do, kter&eacute; zm\u011bk\u010duje ple\u0165 a pom&aacute;h&aacute; ji udr\u017eet pru\u017enou, a jeho vysok&yacute; obsah oleje a \u017eivin ji zjas\u0148uje a oddaluje jej&iacute; st&aacute;rnut&iacute;.<\/p>\n<p>&#013;<br \/>\nProdukt tak&eacute; obsahuje jojobov&yacute; olej, kter&yacute; podporuje regeneraci k\u016f\u017ee, bisabolol k&nbsp;jej&iacute;mu zklidn\u011bn&iacute; a provitamin B5. Tyto &uacute;\u010dinn&eacute; slo\u017eky zabra\u0148uj&iacute; vysu&scaron;en&iacute; poko\u017eky.<\/p>\n<p>&nbsp;<\/p>\n<p>Komu a kdy jej doporu\u010dujeme?<\/p>\n<ul>&#013;<\/p>\n<li>Ka\u017ed&eacute;mu pro v&scaron;echny druhy pleti a rovn\u011b\u017e pro ka\u017edodenn&iacute; pou\u017eit&iacute;.<\/li>\n<p>&#013;<\/p>\n<li>Body lotion se snadno a rychle vst\u0159eb&aacute;v&aacute;, neleskne se, a proto se skv\u011ble hod&iacute; pro denn&iacute; pou\u017e&iacute;v&aacute;n&iacute;.<\/li>\n<p>&#013;<\/p>\n<li>D&iacute;ky jemn&eacute; a p\u0159&iacute;jemn&eacute; v\u016fni se pro n\u011bj mohou rozhodnout i mu\u017ei.<\/li>\n<p>&#013;\n<\/ul>\n<p>&nbsp;<\/p>\n","protected":false},"excerpt":{"rendered":"<p>Mno\u017estv\u00ed na sklad\u011b: 9 <\/p>\n","protected":false},"featured_media":10417,"comment_status":"closed","ping_status":"open","template":"","meta":[],"product_brand":[],"product_cat":[387],"product_tag":[],"class_list":{"0":"post-9213","1":"product","2":"type-product","3":"status-publish","4":"has-post-thumbnail","6":"product_cat-kosmetika","8":"first","9":"instock","10":"product-type-external"},"_links":{"self":[{"href":"https:\/\/vitashop.info\/cz\/wp-json\/wp\/v2\/product\/9213","targetHints":{"allow":["GET"]}}],"collection":[{"href":"https:\/\/vitashop.info\/cz\/wp-json\/wp\/v2\/product"}],"about":[{"href":"https:\/\/vitashop.info\/cz\/wp-json\/wp\/v2\/types\/product"}],"replies":[{"embeddable":true,"href":"https:\/\/vitashop.info\/cz\/wp-json\/wp\/v2\/comments?post=9213"}],"wp:featuredmedia":[{"embeddable":true,"href":"https:\/\/vitashop.info\/cz\/wp-json\/wp\/v2\/media\/10417"}],"wp:attachment":[{"href":"https:\/\/vitashop.info\/cz\/wp-json\/wp\/v2\/media?parent=9213"}],"wp:term":[{"taxonomy":"product_brand","embeddable":true,"href":"https:\/\/vitashop.info\/cz\/wp-json\/wp\/v2\/product_brand?post=9213"},{"taxonomy":"product_cat","embeddable":true,"href":"https:\/\/vitashop.info\/cz\/wp-json\/wp\/v2\/product_cat?post=9213"},{"taxonomy":"product_tag","embeddable":true,"href":"https:\/\/vitashop.info\/cz\/wp-json\/wp\/v2\/product_tag?post=9213"}],"curies":[{"name":"wp","href":"https:\/\/api.w.org\/{rel}","templated":true}]}}