{"id":9163,"date":"2026-04-20T22:20:05","date_gmt":"2026-04-20T22:20:05","guid":{"rendered":"https:\/\/vitashop.info\/cz\/produkt\/c-plus-100-tablet-doplnek-stravy-komplex-vitaminu-c\/"},"modified":"2026-04-20T22:22:03","modified_gmt":"2026-04-20T22:22:03","slug":"c-plus-100-tablet-doplnek-stravy-komplex-vitaminu-c","status":"publish","type":"product","link":"https:\/\/vitashop.info\/cz\/produkt\/c-plus-100-tablet-doplnek-stravy-komplex-vitaminu-c\/","title":{"rendered":"C Plus 100 tablet &#8211; Dopln\u011bk stravy. Komplex vitaminu C."},"content":{"rendered":"<p>D\u00e1vkov\u00e1n\u00ed: 1 tableta denn\u011b<\/p>\n<p>&nbsp;<\/p>\n<p>Popis:<\/p>\n<p style=\"text-align: justify\">C Plus je p\u0159&iacute;pravek s&nbsp;vitaminem C, kter&yacute; poskytuje ka\u017edodenn&iacute; ochranu proti &uacute;toku voln&yacute;ch radik&aacute;l\u016f a p\u0159isp&iacute;v&aacute; ke spr&aacute;vn&eacute; \u010dinnosti imunitn&iacute;ho syst&eacute;mu. Vitamin C a bioflavonoidy, kter&eacute; s&nbsp;n&iacute;m synergicky spolupracuj&iacute;, posiluj&iacute; vnit\u0159n&iacute; strukturu kapil&aacute;r a mohou tak&eacute; stimulovat ob\u011bh Vitamin C rovn\u011b\u017e pom&aacute;h&aacute; zachovat zdrav&iacute; k\u016f\u017ee, d&aacute;sn&iacute;, kost&iacute; a chrupavek.<\/p>\n<p>&nbsp;<\/p>\n<p>Komu a kdy jej doporu\u010dujeme?<\/p>\n<ul>&#013;<\/p>\n<li>Ka\u017ed&eacute;mu k&nbsp;pos&iacute;len&iacute; imunitn&iacute;ho syst&eacute;mu.<\/li>\n<p>&#013;<\/p>\n<li>D&iacute;ky jeho roli v ochran\u011b t\u011bla p\u0159ed oxida\u010dn&iacute;m stresem:<\/li>\n<p>&#013;<\/p>\n<li>Aktivn&iacute;m nebo pasivn&iacute;m ku\u0159&aacute;k\u016fm.<\/li>\n<p>&#013;<\/p>\n<li>Obyvatel\u016fm m\u011bst se zne\u010di&scaron;t\u011bn&yacute;m vzduchem.<\/li>\n<p>&#013;\n<\/ul>\n<p>&nbsp;<\/p>\n<p>Slo\u017een\u00ed:<\/p>\n<p>Vitamin C 75 mg<\/p>\n<p>V\u00fdta\u017eek z citrus\u016f obsahuj\u00edci bioflavonoidy 100 mg<\/p>\n<p>V\u00fdta\u017eek ze \u0161\u00edpk\u016f 100 mg<\/p>\n","protected":false},"excerpt":{"rendered":"<p>Mno\u017estv\u00ed na sklad\u011b: 21 <\/p>\n","protected":false},"featured_media":10346,"comment_status":"closed","ping_status":"open","template":"","meta":[],"product_brand":[],"product_cat":[386],"product_tag":[],"class_list":{"0":"post-9163","1":"product","2":"type-product","3":"status-publish","4":"has-post-thumbnail","6":"product_cat-prirodni-doplnky","8":"first","9":"instock","10":"product-type-external"},"_links":{"self":[{"href":"https:\/\/vitashop.info\/cz\/wp-json\/wp\/v2\/product\/9163","targetHints":{"allow":["GET"]}}],"collection":[{"href":"https:\/\/vitashop.info\/cz\/wp-json\/wp\/v2\/product"}],"about":[{"href":"https:\/\/vitashop.info\/cz\/wp-json\/wp\/v2\/types\/product"}],"replies":[{"embeddable":true,"href":"https:\/\/vitashop.info\/cz\/wp-json\/wp\/v2\/comments?post=9163"}],"wp:featuredmedia":[{"embeddable":true,"href":"https:\/\/vitashop.info\/cz\/wp-json\/wp\/v2\/media\/10346"}],"wp:attachment":[{"href":"https:\/\/vitashop.info\/cz\/wp-json\/wp\/v2\/media?parent=9163"}],"wp:term":[{"taxonomy":"product_brand","embeddable":true,"href":"https:\/\/vitashop.info\/cz\/wp-json\/wp\/v2\/product_brand?post=9163"},{"taxonomy":"product_cat","embeddable":true,"href":"https:\/\/vitashop.info\/cz\/wp-json\/wp\/v2\/product_cat?post=9163"},{"taxonomy":"product_tag","embeddable":true,"href":"https:\/\/vitashop.info\/cz\/wp-json\/wp\/v2\/product_tag?post=9163"}],"curies":[{"name":"wp","href":"https:\/\/api.w.org\/{rel}","templated":true}]}}