{"id":9149,"date":"2026-04-13T22:20:04","date_gmt":"2026-04-13T22:20:04","guid":{"rendered":"https:\/\/vitashop.info\/cz\/produkt\/beauty-formula-60-kapsli-doplnek-stravy-vitaminy-pro-krasu\/"},"modified":"2026-04-13T22:22:03","modified_gmt":"2026-04-13T22:22:03","slug":"beauty-formula-60-kapsli-doplnek-stravy-vitaminy-pro-krasu","status":"publish","type":"product","link":"https:\/\/vitashop.info\/cz\/produkt\/beauty-formula-60-kapsli-doplnek-stravy-vitaminy-pro-krasu\/","title":{"rendered":"Beauty Formula 60 kapsl\u00ed &#8211; Dopln\u011bk stravy. Vitaminy pro kr\u00e1su"},"content":{"rendered":"<p>D\u00e1vkov\u00e1n\u00ed: 1 kapsle denn\u011b<\/p>\n<p>&nbsp;<\/p>\n<p>Popis:<\/p>\n<div style=\"text-align: justify\"><span lang=\"CS\">Beauty Formula nab&iacute;z&iacute; jedine\u010dn&yacute; bohat&yacute; komplex kyseliny hyaluronov&eacute;, kolagenu, vitamin\u016f, miner&aacute;l\u016f, aminokyselin a bylin, kter&eacute; poskytuj&iacute; nezbytn&eacute; \u017eiviny pot\u0159ebn&eacute; pro zachov&aacute;n&iacute; zdrav&eacute; k\u016f\u017ee, vlas\u016f a neht\u016f a k \u0159e&scaron;en&iacute; probl&eacute;m\u016f v&nbsp;t&eacute;to oblasti.<\/span><\/div>\n<p>&nbsp;<\/p>\n<p>Komu a kdy jej doporu\u010dujeme?<\/p>\n<ul>&#013;<\/p>\n<li>Lidem, kte\u0159&iacute; se pot&yacute;kaj&iacute; s vypad&aacute;v&aacute;n&iacute;m vlas\u016f.<\/li>\n<p>&#013;<\/p>\n<li>T\u011bm, kte\u0159&iacute; maj&iacute; rozt\u0159epen&eacute; a po&scaron;kozen&eacute; vlasy.<\/li>\n<p>&#013;<\/p>\n<li>T\u011bm, kte\u0159&iacute; maj&iacute; problematickou poko\u017eku v&nbsp;obli\u010deji (akn&eacute;).<\/li>\n<p>&#013;<\/p>\n<li>T\u011bm, kte\u0159&iacute; maj&iacute; slab&eacute; nehty, kter&eacute; se snadno l&aacute;mou.<\/li>\n<p>&#013;<\/p>\n<li>Ka\u017ed&eacute;mu, kdo by cht\u011bl zlep&scaron;it sv\u016fj vzhled a zachovat zdrav&iacute; sv&yacute;ch vlas\u016f, k\u016f\u017ee a neht\u016f.<\/li>\n<p>&#013;\n<\/ul>\n<p>&nbsp;<\/p>\n<p>Slo\u017een\u00ed:<\/p>\n<p>Kolagen typ I+II (z ryb) 250 mg<\/p>\n<p>P\u0159esli\u010dka extrakt 150 mg<\/p>\n<p>L-methionin 50 mg<\/p>\n<p>L-cystein 50 mg<\/p>\n<p>Kyselina hyaluronov\u00e1 30 mg<\/p>\n<p>Vitamin C 20 mg<\/p>\n<p>Zinek 10 mg<\/p>\n<p>Vitamin B6 2.8 mg<\/p>\n<p>Vitamin B1 2.2 mg<\/p>\n<p>M\u011b\u010f 2 mg<\/p>\n<p>J\u00f3d 50 mcg<\/p>\n<p>Vitamin A 750 mcg<\/p>\n","protected":false},"excerpt":{"rendered":"<p>Mno\u017estv\u00ed na sklad\u011b: 9 <\/p>\n","protected":false},"featured_media":10341,"comment_status":"closed","ping_status":"open","template":"","meta":[],"product_brand":[],"product_cat":[386],"product_tag":[],"class_list":{"0":"post-9149","1":"product","2":"type-product","3":"status-publish","4":"has-post-thumbnail","6":"product_cat-prirodni-doplnky","8":"first","9":"instock","10":"product-type-external"},"_links":{"self":[{"href":"https:\/\/vitashop.info\/cz\/wp-json\/wp\/v2\/product\/9149","targetHints":{"allow":["GET"]}}],"collection":[{"href":"https:\/\/vitashop.info\/cz\/wp-json\/wp\/v2\/product"}],"about":[{"href":"https:\/\/vitashop.info\/cz\/wp-json\/wp\/v2\/types\/product"}],"replies":[{"embeddable":true,"href":"https:\/\/vitashop.info\/cz\/wp-json\/wp\/v2\/comments?post=9149"}],"wp:featuredmedia":[{"embeddable":true,"href":"https:\/\/vitashop.info\/cz\/wp-json\/wp\/v2\/media\/10341"}],"wp:attachment":[{"href":"https:\/\/vitashop.info\/cz\/wp-json\/wp\/v2\/media?parent=9149"}],"wp:term":[{"taxonomy":"product_brand","embeddable":true,"href":"https:\/\/vitashop.info\/cz\/wp-json\/wp\/v2\/product_brand?post=9149"},{"taxonomy":"product_cat","embeddable":true,"href":"https:\/\/vitashop.info\/cz\/wp-json\/wp\/v2\/product_cat?post=9149"},{"taxonomy":"product_tag","embeddable":true,"href":"https:\/\/vitashop.info\/cz\/wp-json\/wp\/v2\/product_tag?post=9149"}],"curies":[{"name":"wp","href":"https:\/\/api.w.org\/{rel}","templated":true}]}}