{"id":11368,"date":"2025-06-23T22:20:05","date_gmt":"2025-06-23T22:20:05","guid":{"rendered":"https:\/\/vitashop.info\/cz\/produkt\/bioharmonex-4-0-1-ks-biorezonancni-pristroj\/"},"modified":"2026-04-13T22:22:12","modified_gmt":"2026-04-13T22:22:12","slug":"bioharmonex-4-0-1-ks-biorezonancni-pristroj","status":"publish","type":"product","link":"https:\/\/vitashop.info\/cz\/produkt\/bioharmonex-4-0-1-ks-biorezonancni-pristroj\/","title":{"rendered":"BioHarmonex 4.0 1 ks &#8211; Biorezonan\u010dn\u00ed p\u0159\u00edstroj"},"content":{"rendered":"\n<p>&nbsp;<\/p>\n<p>Popis:<\/p>\n<p>BioHarmonex&reg; je p\u0159&iacute;stroj, kter&yacute; byl vyvinut speci&aacute;ln\u011b pro dom&aacute;c&iacute; pou\u017eit&iacute; a pracuje na z&aacute;klad\u011b princip\u016f biofyziky, p\u0159esn\u011bji biorezonance. Ti, kte\u0159&iacute; tuto problematiku sleduj&iacute;, tvrd&iacute;, \u017ee ka\u017ed&aacute; bu\u0148ka lidsk&eacute;ho t\u011bla vytv&aacute;\u0159&iacute; elektromagnetick&eacute; pole. Toto energetick&eacute; pole je jedn&iacute;m ze zp\u016fsob\u016f, kter&yacute;m mohu bu\u0148ky vz&aacute;jemn\u011b komunikovat, iniciovat nebo kontrolovat r\u016fzn&eacute; fyziologick&eacute; procesy v&nbsp;na&scaron;em t\u011ble. BioHarmonex&reg; vytv&aacute;\u0159&iacute; zevn&iacute; elektromagnetick&eacute; pole, kter&eacute; m\u016f\u017ee podpo\u0159it p\u0159irozen&eacute; procesy v organismu tak, \u017ee p\u016fsob&iacute; na p\u0159irozen&eacute; elektromagnetick&eacute; pole vytv&aacute;\u0159en&eacute; ur\u010dit&yacute;mi tk&aacute;n\u011bmi v&nbsp;t\u011ble.<\/p>\n<p>&nbsp;<\/p>\n<p>&nbsp;<\/p>\n","protected":false},"excerpt":{"rendered":"<p>Mno\u017estv\u00ed na sklad\u011b: 2 <\/p>\n","protected":false},"featured_media":11370,"comment_status":"closed","ping_status":"open","template":"","meta":[],"product_brand":[],"product_cat":[388],"product_tag":[],"class_list":{"0":"post-11368","1":"product","2":"type-product","3":"status-publish","4":"has-post-thumbnail","6":"product_cat-elektronika","8":"first","9":"instock","10":"product-type-external"},"_links":{"self":[{"href":"https:\/\/vitashop.info\/cz\/wp-json\/wp\/v2\/product\/11368","targetHints":{"allow":["GET"]}}],"collection":[{"href":"https:\/\/vitashop.info\/cz\/wp-json\/wp\/v2\/product"}],"about":[{"href":"https:\/\/vitashop.info\/cz\/wp-json\/wp\/v2\/types\/product"}],"replies":[{"embeddable":true,"href":"https:\/\/vitashop.info\/cz\/wp-json\/wp\/v2\/comments?post=11368"}],"wp:featuredmedia":[{"embeddable":true,"href":"https:\/\/vitashop.info\/cz\/wp-json\/wp\/v2\/media\/11370"}],"wp:attachment":[{"href":"https:\/\/vitashop.info\/cz\/wp-json\/wp\/v2\/media?parent=11368"}],"wp:term":[{"taxonomy":"product_brand","embeddable":true,"href":"https:\/\/vitashop.info\/cz\/wp-json\/wp\/v2\/product_brand?post=11368"},{"taxonomy":"product_cat","embeddable":true,"href":"https:\/\/vitashop.info\/cz\/wp-json\/wp\/v2\/product_cat?post=11368"},{"taxonomy":"product_tag","embeddable":true,"href":"https:\/\/vitashop.info\/cz\/wp-json\/wp\/v2\/product_tag?post=11368"}],"curies":[{"name":"wp","href":"https:\/\/api.w.org\/{rel}","templated":true}]}}