{"id":10690,"date":"2024-09-24T16:58:18","date_gmt":"2024-09-24T16:58:18","guid":{"rendered":"https:\/\/vitashop.info\/cz\/produkt\/goldmax-magnet-1-ks-magneticky-odstranovac-vodniho-kamene\/"},"modified":"2026-04-13T22:22:12","modified_gmt":"2026-04-13T22:22:12","slug":"goldmax-magnet-1-ks-magneticky-odstranovac-vodniho-kamene","status":"publish","type":"product","link":"https:\/\/vitashop.info\/cz\/produkt\/goldmax-magnet-1-ks-magneticky-odstranovac-vodniho-kamene\/","title":{"rendered":"GoldMAX magnet 1 ks &#8211; Magnetick\u00fd odstra\u0148ova\u010d vodn\u00edho kamene"},"content":{"rendered":"\n<p>&nbsp;<\/p>\n<p>Popis:<\/p>\n<p style=\"text-align: justify\">Z&aacute;kladn&iacute; l&aacute;tkou GoldMAX&reg;, magnetick&eacute;ho odstra\u0148ova\u010de vodn&iacute;ho kamene, je neodymium, nejsiln\u011bj&scaron;&iacute; zn&aacute;m&aacute; magnetick&aacute; l&aacute;tka. V&nbsp;pr\u016fb\u011bhu magnetick&eacute;ho o&scaron;et\u0159en&iacute; se m\u011bn&iacute; krystalick&aacute; struktura a n&aacute;boj miner&aacute;l\u016f, tak\u017ee magnet preventivn\u011b p\u016fsob&iacute; proti jejich usazov&aacute;n&iacute;; a nav&iacute;c se usazeniny, kter&eacute; vznikly ji\u017e d\u0159&iacute;ve, rovn\u011b\u017e mohou rozpustit a budou tak ze syst&eacute;mu odstran\u011bny. T&iacute;mto zp\u016fsobem m\u016f\u017eeme vyu\u017e&iacute;t energii p\u0159&iacute;rody a ani\u017e bychom pou\u017eili agresivn&iacute; chemik&aacute;lie zabr&aacute;nit tomu, aby se&nbsp; ve vodn&iacute;ch trubk&aacute;ch tvo\u0159ily &nbsp;usazeniny z vodn&iacute;ho kamene, kter&eacute; jsou \u017eivnou p\u016fdou pro pl&iacute;sn\u011b, bakterie a dal&scaron;&iacute; mikroorganismy.<\/p>\n<p>&nbsp;<\/p>\n<p>Komu a kdy jej doporu\u010dujeme?<\/p>\n<ul>&#013;<\/p>\n<li>Pokud chcete p\u0159i pou\u017eit&iacute; s&nbsp;filtra\u010dn&iacute;m p\u0159&iacute;strojem Aquarion zabr&aacute;nit vzniku vodn&iacute;ho kamene, napojte GoldMAX na p\u0159&iacute;vodn&iacute; trubku.<\/li>\n<p>&#013;<\/p>\n<li>Pokud se p\u0159ipevn&iacute; k&nbsp;vodovodn&iacute;mu potrub&iacute;, pak bude vodn&iacute; syst&eacute;m bez usazenin; &nbsp;&nbsp;zv&yacute;&scaron;&iacute; se &uacute;\u010dinnost bojler\u016f, pra\u010dek a my\u010dek, tak\u017ee bude umyt&eacute; n&aacute;dob&iacute; \u010dist&scaron;&iacute; a vypran&eacute; pr&aacute;dlo b\u011blej&scaron;&iacute;.<\/li>\n<p>&#013;\n<\/ul>\n<p>&nbsp;<\/p>\n","protected":false},"excerpt":{"rendered":"<p>Mno\u017estv\u00ed na sklad\u011b: 2 <\/p>\n","protected":false},"featured_media":11046,"comment_status":"closed","ping_status":"open","template":"","meta":[],"product_brand":[],"product_cat":[388],"product_tag":[],"class_list":{"0":"post-10690","1":"product","2":"type-product","3":"status-publish","4":"has-post-thumbnail","6":"product_cat-elektronika","8":"first","9":"instock","10":"product-type-external"},"_links":{"self":[{"href":"https:\/\/vitashop.info\/cz\/wp-json\/wp\/v2\/product\/10690","targetHints":{"allow":["GET"]}}],"collection":[{"href":"https:\/\/vitashop.info\/cz\/wp-json\/wp\/v2\/product"}],"about":[{"href":"https:\/\/vitashop.info\/cz\/wp-json\/wp\/v2\/types\/product"}],"replies":[{"embeddable":true,"href":"https:\/\/vitashop.info\/cz\/wp-json\/wp\/v2\/comments?post=10690"}],"wp:featuredmedia":[{"embeddable":true,"href":"https:\/\/vitashop.info\/cz\/wp-json\/wp\/v2\/media\/11046"}],"wp:attachment":[{"href":"https:\/\/vitashop.info\/cz\/wp-json\/wp\/v2\/media?parent=10690"}],"wp:term":[{"taxonomy":"product_brand","embeddable":true,"href":"https:\/\/vitashop.info\/cz\/wp-json\/wp\/v2\/product_brand?post=10690"},{"taxonomy":"product_cat","embeddable":true,"href":"https:\/\/vitashop.info\/cz\/wp-json\/wp\/v2\/product_cat?post=10690"},{"taxonomy":"product_tag","embeddable":true,"href":"https:\/\/vitashop.info\/cz\/wp-json\/wp\/v2\/product_tag?post=10690"}],"curies":[{"name":"wp","href":"https:\/\/api.w.org\/{rel}","templated":true}]}}