{"id":10280,"date":"2026-04-13T22:20:10","date_gmt":"2026-04-13T22:20:10","guid":{"rendered":"https:\/\/vitashop.info\/cz\/produkt\/veincare-75-ml-krem-na-krecove-zily\/"},"modified":"2026-04-13T22:22:12","modified_gmt":"2026-04-13T22:22:12","slug":"veincare-75-ml-krem-na-krecove-zily","status":"publish","type":"product","link":"https:\/\/vitashop.info\/cz\/produkt\/veincare-75-ml-krem-na-krecove-zily\/","title":{"rendered":"VeinCare 75 ml &#8211; Kr\u00e9m na k\u0159e\u010dov\u00e9 \u017e\u00edly"},"content":{"rendered":"<p> 2-3 kr\u00e1t denn\u011b, zevn\u011b<\/p>\n<p>&nbsp;<\/p>\n<p>Popis:<\/p>\n<p>Vein Care s&nbsp;v&yacute;ta\u017ekem z&nbsp;list\u016f \u010derven&yacute;ch hrozn\u016f a formul&iacute; Soothex&reg; obsahuj&iacute;c&iacute; prysky\u0159ici z&nbsp;indick&eacute;ho kadidla (Boswelia serrata), kter&aacute; zm&iacute;r\u0148uje pocit t\u011b\u017ek&yacute;ch nohou. &Uacute;\u010dinn&eacute; l&aacute;tky zlep&scaron;uj&iacute; stav c&eacute;v, sni\u017euj&iacute; jejich viditelnost, osv\u011b\u017euj&iacute; a uklid\u0148uj&iacute; k\u016f\u017ei.<\/p>\n<p>&nbsp;<\/p>\n<p>Komu a kdy jej doporu\u010dujeme?<\/p>\n<ul>&#013;<\/p>\n<li>K dopln\u011bn&iacute; komplexn&iacute; terapie k\u0159e\u010dov&yacute;ch \u017eil. M\u016f\u017ee hr&aacute;t d\u016fle\u017eitou roli i v prevenci jejich vzniku.<\/li>\n<p>&#013;<\/p>\n<li>T\u011bm, kte\u0159&iacute; p\u0159i pr&aacute;ci tr&aacute;v&iacute; dlouh&yacute; \u010das ve stoje nebo vsed\u011b.<\/li>\n<p>&#013;<\/p>\n<li>T\u011bm, kte\u0159&iacute; \u010dasto chod&iacute; v &uacute;zk&eacute; a nepohodln&eacute; obuvi.<\/li>\n<p>&#013;<\/p>\n<li>T\u011bm, kte\u0159&iacute; maj&iacute; nadv&aacute;hu nebo sedav&yacute; zp\u016fsob \u017eivota, a to m&aacute; dopad na zdrav&iacute; jejich nohou.<\/li>\n<p>&#013;<\/p>\n<li>Ka\u017ed&eacute;mu, koho bol&iacute; nohy v&nbsp;d\u016fsledku letn&iacute;ho horka.<\/li>\n<p>&#013;\n<\/ul>\n<p>&nbsp;<\/p>\n","protected":false},"excerpt":{"rendered":"<p>Mno\u017estv\u00ed na sklad\u011b: 15 <\/p>\n","protected":false},"featured_media":10443,"comment_status":"closed","ping_status":"open","template":"","meta":[],"product_brand":[],"product_cat":[387],"product_tag":[],"class_list":{"0":"post-10280","1":"product","2":"type-product","3":"status-publish","4":"has-post-thumbnail","6":"product_cat-kosmetika","8":"first","9":"instock","10":"product-type-external"},"_links":{"self":[{"href":"https:\/\/vitashop.info\/cz\/wp-json\/wp\/v2\/product\/10280","targetHints":{"allow":["GET"]}}],"collection":[{"href":"https:\/\/vitashop.info\/cz\/wp-json\/wp\/v2\/product"}],"about":[{"href":"https:\/\/vitashop.info\/cz\/wp-json\/wp\/v2\/types\/product"}],"replies":[{"embeddable":true,"href":"https:\/\/vitashop.info\/cz\/wp-json\/wp\/v2\/comments?post=10280"}],"wp:featuredmedia":[{"embeddable":true,"href":"https:\/\/vitashop.info\/cz\/wp-json\/wp\/v2\/media\/10443"}],"wp:attachment":[{"href":"https:\/\/vitashop.info\/cz\/wp-json\/wp\/v2\/media?parent=10280"}],"wp:term":[{"taxonomy":"product_brand","embeddable":true,"href":"https:\/\/vitashop.info\/cz\/wp-json\/wp\/v2\/product_brand?post=10280"},{"taxonomy":"product_cat","embeddable":true,"href":"https:\/\/vitashop.info\/cz\/wp-json\/wp\/v2\/product_cat?post=10280"},{"taxonomy":"product_tag","embeddable":true,"href":"https:\/\/vitashop.info\/cz\/wp-json\/wp\/v2\/product_tag?post=10280"}],"curies":[{"name":"wp","href":"https:\/\/api.w.org\/{rel}","templated":true}]}}