{"id":10036,"date":"2026-04-13T22:20:08","date_gmt":"2026-04-13T22:20:08","guid":{"rendered":"https:\/\/vitashop.info\/cz\/produkt\/organicare-anti-ageing-cream-50-ml-krem-proti-starnuti\/"},"modified":"2026-04-13T22:22:11","modified_gmt":"2026-04-13T22:22:11","slug":"organicare-anti-ageing-cream-50-ml-krem-proti-starnuti","status":"publish","type":"product","link":"https:\/\/vitashop.info\/cz\/produkt\/organicare-anti-ageing-cream-50-ml-krem-proti-starnuti\/","title":{"rendered":"OrganiCare Anti-Ageing Cream 50 ml &#8211; Kr\u00e9m proti st\u00e1rnut\u00ed"},"content":{"rendered":"\n<p>&nbsp;<\/p>\n<p>Popis:<\/p>\n<div style=\"text-align: justify\"><span lang=\"CS\">Na&scaron;e kosmetick&eacute; produkty OrganiCare obsahuj&iacute; vz&aacute;cn&eacute; &uacute;\u010dinn&eacute; l&aacute;tky z l&eacute;\u010div&yacute;ch rostlin, kter&eacute; jsou p\u011bstov&aacute;ny na biofarm&aacute;ch. Po ru\u010dn&iacute;m sb\u011bru n&aacute;sleduje v&yacute;robn&iacute; proces, kter&yacute; je zalo\u017een na velk&eacute; pe\u010dlivosti a&nbsp; kontrole, nepou\u017e&iacute;v&aacute;me \u017e&aacute;dn&yacute; druh chemick&yacute;ch p\u0159&iacute;datn&yacute;ch l&aacute;tek a d&iacute;ky tomu dok&aacute;\u017eeme zachovat celkov&yacute; &uacute;\u010dinek vz&aacute;cn&yacute;ch slo\u017eek. V&yacute;sledkem jsou produkty mimo\u0159&aacute;dn\u011b vysok&eacute; kvality, \u010distoty a&nbsp;&uacute;\u010dinnosti.<\/span><\/div>\n<p>&#013;<\/p>\n<div style=\"text-align: justify\">&nbsp;<\/div>\n<p>&#013;<\/p>\n<div style=\"text-align: justify\"><span lang=\"CS\">OrganiCare Anti-Ageing Cream je v&yacute;\u017eivn&yacute; kr&eacute;m proti st&aacute;rnut&iacute; na rostlinn&eacute; b&aacute;zi. Obsahuje p\u0159&iacute;rodn&iacute; kyselinu hyaluronovou a dal&scaron;&iacute; vy\u017eivuj&iacute;c&iacute; &uacute;\u010dinn&eacute; l&aacute;tky z&nbsp;rostlin (Aloe vera, olivov&yacute; olej, olej ze sladk&yacute;ch mandl&iacute;, bambuck&eacute; m&aacute;slo a jojobov&yacute; olej), kter&eacute; posiluj&iacute; ochrannou vrstvu k\u016f\u017ee, a z&aacute;rove\u0148 pom&aacute;haj&iacute; vy\u017eivovat a hydratovat poko\u017eku obli\u010deje a sni\u017euj&iacute; viditelnost r&yacute;h a vr&aacute;sek.<\/span><\/div>\n<p>&nbsp;<\/p>\n<p>Komu a kdy jej doporu\u010dujeme?<\/p>\n<ul>&#013;<\/p>\n<li>Pro v&scaron;echny typy pleti, na obli\u010dej, krk a dekolt, na den a\/nebo noc,<\/li>\n<p>&#013;<\/p>\n<li>ke sn&iacute;\u017een&iacute; viditelnosti r&yacute;h a vr&aacute;sek a k vypnut&iacute; pleti,<\/li>\n<p>&#013;<\/p>\n<li>k hydrataci a v&yacute;\u017eiv\u011b poko\u017eky obli\u010deje,<\/li>\n<p>&#013;<\/p>\n<li>v&scaron;em, kte\u0159&iacute; cht\u011bj&iacute; vyu\u017e&iacute;t nejen jeho &uacute;\u010dinku proti vr&aacute;sk&aacute;m, ale tak&eacute; ple\u0165 vy\u017eivit,<\/li>\n<p>&#013;<\/p>\n<li>je vhodn&yacute; jako dal&scaron;&iacute; krok po pou\u017eit&iacute; OrganiCare Elixir,<\/li>\n<p>&#013;<\/p>\n<li>t\u011bm, kte\u0159&iacute; hledaj&iacute; kr&eacute;m proti st&aacute;rnut&iacute; pleti vyroben&yacute; z v&iacute;ce rostlinn&yacute;ch slo\u017eek,<\/li>\n<p>&#013;<\/p>\n<li>t\u011bm, kte\u0159&iacute; up\u0159ednost\u0148uj&iacute; kr&eacute;m proti st&aacute;rnut&iacute; poch&aacute;zej&iacute;c&iacute; z organick&eacute;ho zem\u011bd\u011blstv&iacute; a<\/li>\n<p>&#013;<\/p>\n<li>v&scaron;em t\u011bm, kte\u0159&iacute; preferuj&iacute; &uacute;\u010dinn&eacute; l&aacute;tky a ve&scaron;ker&eacute; p\u0159&iacute;sady na p\u0159&iacute;rodn&iacute; b&aacute;zi.<\/li>\n<p>&#013;\n<\/ul>\n<p>&nbsp;<\/p>\n","protected":false},"excerpt":{"rendered":"<p>Mno\u017estv\u00ed na sklad\u011b: 10 <\/p>\n","protected":false},"featured_media":10159,"comment_status":"closed","ping_status":"open","template":"","meta":[],"product_brand":[],"product_cat":[387],"product_tag":[],"class_list":{"0":"post-10036","1":"product","2":"type-product","3":"status-publish","4":"has-post-thumbnail","6":"product_cat-kosmetika","8":"first","9":"instock","10":"product-type-external"},"_links":{"self":[{"href":"https:\/\/vitashop.info\/cz\/wp-json\/wp\/v2\/product\/10036","targetHints":{"allow":["GET"]}}],"collection":[{"href":"https:\/\/vitashop.info\/cz\/wp-json\/wp\/v2\/product"}],"about":[{"href":"https:\/\/vitashop.info\/cz\/wp-json\/wp\/v2\/types\/product"}],"replies":[{"embeddable":true,"href":"https:\/\/vitashop.info\/cz\/wp-json\/wp\/v2\/comments?post=10036"}],"wp:featuredmedia":[{"embeddable":true,"href":"https:\/\/vitashop.info\/cz\/wp-json\/wp\/v2\/media\/10159"}],"wp:attachment":[{"href":"https:\/\/vitashop.info\/cz\/wp-json\/wp\/v2\/media?parent=10036"}],"wp:term":[{"taxonomy":"product_brand","embeddable":true,"href":"https:\/\/vitashop.info\/cz\/wp-json\/wp\/v2\/product_brand?post=10036"},{"taxonomy":"product_cat","embeddable":true,"href":"https:\/\/vitashop.info\/cz\/wp-json\/wp\/v2\/product_cat?post=10036"},{"taxonomy":"product_tag","embeddable":true,"href":"https:\/\/vitashop.info\/cz\/wp-json\/wp\/v2\/product_tag?post=10036"}],"curies":[{"name":"wp","href":"https:\/\/api.w.org\/{rel}","templated":true}]}}