{"id":10030,"date":"2026-04-13T22:20:06","date_gmt":"2026-04-13T22:20:06","guid":{"rendered":"https:\/\/vitashop.info\/cz\/produkt\/herbaid-300-ml-prvni-pomoc-pro-celou-rodinu\/"},"modified":"2026-04-13T22:22:15","modified_gmt":"2026-04-13T22:22:15","slug":"herbaid-300-ml-prvni-pomoc-pro-celou-rodinu","status":"publish","type":"product","link":"https:\/\/vitashop.info\/cz\/produkt\/herbaid-300-ml-prvni-pomoc-pro-celou-rodinu\/","title":{"rendered":"HerbAid+ 300 ml &#8211; Prvn\u00ed pomoc pro celou rodinu"},"content":{"rendered":"<p> Jednou a\u017e dvakr\u00e1t denn\u011b nast\u0159\u00edkejte na posti\u017een\u00fd povrch k\u016f\u017ee ze vzd\u00e1lenosti asi 8-10 cm, ve z\u0159ed\u011bn\u00e9 nebo nez\u0159ed\u011bn\u00e9 form\u011b. V p\u0159\u00edpad\u011b pot\u0159eby vt\u00edrejte do poko\u017eky, dokud se zcela nevst\u0159eb\u00e1. P\u0159i aplikaci na poko\u017eku citlivou na alkohol z\u0159e\u010fte.<\/p>\n<p>&nbsp;<\/p>\n<p>Popis:<\/p>\n<p>K vytvo\u0159en&iacute; HerbAid+ &ndash; 100% p\u0159&iacute;rodn&iacute;ho, mimo\u0159&aacute;dn\u011b \u010dist&eacute;ho &scaron;v&yacute;carsk&eacute;ho bylinn&eacute;ho elix&iacute;ru Calivita, jsme vyu\u017eili s&iacute;lu celkem 53 rostlinn&yacute;ch slo\u017eek mimo\u0159&aacute;dn&eacute; kvality! Tento p\u0159&iacute;pravek je sestaven s maxim&aacute;ln&iacute; p&eacute;\u010d&iacute; na z&aacute;klad\u011b t&eacute;m\u011b\u0159 tis&iacute;c let star&eacute; receptury. Vyu\u017eili jsme p\u0159i tom v&yacute;hod dne&scaron;n&iacute; &scaron;pi\u010dkov&eacute;, vysoce p\u0159esn&eacute; technologie tak, abychom zachovali podstatn&eacute; rysy starobyl&eacute;ho v&yacute;robn&iacute;ho postupu. V&yacute;sledkem je snadno vst\u0159ebateln&aacute;, v&yacute;jime\u010dn\u011b &uacute;\u010dinn&aacute; bylinn&aacute; esence, kter&aacute; d&iacute;ky sv&yacute;m mimo\u0159&aacute;dn\u011b siln&yacute; &uacute;\u010dinn&yacute;m l&aacute;tk&aacute;m umo\u017e\u0148uje podpo\u0159it v&scaron;echny \u010dleny rodiny, kte\u0159&iacute; se pot&yacute;kaj&iacute; s t&eacute;m\u011b\u0159 jakoukoli b\u011b\u017enou obt&iacute;\u017e&iacute;, a\u0165 u\u017e se jedn&aacute; o od\u0159eninu k\u016f\u017ee, pop&aacute;leninu, n\u011bjak&yacute; z&aacute;n\u011bt, sportovn&iacute; zran\u011bn&iacute; nebo podr&aacute;\u017ed\u011bn&iacute; k\u016f\u017ee.<\/p>\n<p>&#013;<\/p>\n<p>Produkt every moment je nejvhodn\u011bj&scaron;&iacute; pro ty, kte\u0159&iacute; d&aacute;vaj&iacute; p\u0159ednost kr&eacute;mu bez (etyl-)alkoholu,&nbsp;zat&iacute;mco Rescue Gel m\u016f\u017ee b&yacute;t \u0159e&scaron;en&iacute;m pro ty, kte\u0159&iacute; hledaj&iacute; certifikovan&eacute; organick&eacute; produkty za&nbsp;p\u0159ijateln&eacute; ceny. HerbAid+ m&aacute; ko\u0159eny ve stalet&yacute;ch znalostech bylink&aacute;\u0159\u016f a vych&aacute;z&iacute; z n\u011bkter&yacute;ch&nbsp;osv\u011bd\u010den&yacute;ch z&aacute;sad a objev\u016f. D&iacute;ky synergii mezi jednotliv&yacute;mi bylinn&yacute;mi slo\u017ekami je HerbAid+&nbsp;v&yacute;jime\u010dn\u011b &uacute;\u010dinn&yacute; a m&aacute; mimo\u0159&aacute;dn\u011b &scaron;irok&eacute; spektrum pou\u017eit&iacute;, d&iacute;ky \u010demu\u017e je v na&scaron;em sortimentu&nbsp;jedine\u010dn&yacute;. Je tak&eacute; velmi &uacute;sporn&yacute;, m\u016f\u017ee jej pou\u017e&iacute;vat n\u011bkolik \u010dlen\u016f rodiny sou\u010dasn\u011b, ani\u017e by se&nbsp;p\u0159&iacute;pravek dostal do kontaktu s poko\u017ekou ostatn&iacute;ch u\u017eivatel\u016f, co\u017e vylu\u010duje mo\u017enost&nbsp;kontaminace.<\/p>\n<p>&nbsp;<\/p>\n<p>Komu a kdy jej doporu\u010dujeme?<\/p>\n<ul>&#013;<\/p>\n<li>K o&scaron;et\u0159en&iacute; ran, ke kter&yacute;m do&scaron;lo v dom&aacute;cnosti &ndash; po\u0159ez&aacute;n&iacute;, b\u011b\u017en&aacute; poran\u011bn&iacute; v kuchyni, opa\u0159eniny apod,<\/li>\n<p>&#013;<\/p>\n<li>k o&scaron;et\u0159en&iacute; podvrtnut&iacute;, kousnut&iacute; hmyzem nebo pobod&aacute;n&iacute; trny, co\u017e se b\u011b\u017en\u011b st&aacute;v&aacute; p\u0159i turistice,<\/li>\n<p>&#013;<\/p>\n<li>jako sou\u010d&aacute;st p&eacute;\u010de o kr&aacute;su, k aplikaci na ple\u0165 ke sn&iacute;\u017een&iacute; v&yacute;skytu r&yacute;h a vr&aacute;sek a proti akn&eacute;,<\/li>\n<p>&#013;<\/p>\n<li>jako vodu po holen&iacute;, ale tak&eacute; jako deodorant, a dokonce i ke sn&iacute;\u017een&iacute; vypad&aacute;v&aacute;n&iacute; vlas\u016f,<\/li>\n<p>&#013;<\/p>\n<li>ke zm&iacute;rn\u011bn&iacute; myalgie, otok\u016f nohou nebo k\u0159e\u010dov&yacute;ch \u017eil, kter&eacute; jsou b\u011b\u017en&eacute; ve st&aacute;\u0159&iacute;,<\/li>\n<p>&#013;<\/p>\n<li>na pomoc v&scaron;em \u010dlen\u016fm rodiny, kte\u0159&iacute; se pot&yacute;kaj&iacute; s p\u0159etrv&aacute;vaj&iacute;c&iacute;mi z&aacute;n\u011bty k\u016f\u017ee nebo&nbsp;jin&yacute;mi ko\u017en&iacute;mi probl&eacute;my (nap\u0159. ekz&eacute;my nebo r\u016f\u017eovkou), nebo dokonce i s ko\u017en&iacute;mi v\u0159edy.<\/li>\n<p>&#013;\n<\/ul>\n<p>&nbsp;<\/p>\n<p>Slo\u017een\u00ed:<\/p>\n<p>Voda  <\/p>\n<p>Alkohol  <\/p>\n<p>List a ko\u0159en kostivalu l\u00e9ka\u0159sk\u00e9ho (Symphytum officinale)  <\/p>\n<p>List \u0161alv\u011bje l\u00e9ka\u0159sk\u00e9 (Salvia officinalis)  <\/p>\n<p>Na\u0165 pely\u0148ku \u010dernob\u00fdlu (Artemisia vulgaris)  <\/p>\n<p>Koncentr\u00e1t z listu cistu (Cistus)  <\/p>\n<p>List tymi\u00e1nu obecn\u00e9ho (Thymus vulgaris)  <\/p>\n<p>List zem\u011bd\u00fdmu l\u00e9ka\u0159sk\u00e9ho (Fumaria officinalis)  <\/p>\n<p>List a ko\u0159en t\u0159apatky \u00fazkolist\u00e9 (Echinacea angustifolia)  <\/p>\n<p>List \u0159ep\u00edku l\u00e9ka\u0159sk\u00e9ho (Agrimonia eupatoria)  <\/p>\n<p>List spor\u00fd\u0161e l\u00e9ka\u0159sk\u00e9ho (Verbena officinalis)  <\/p>\n<p>Na\u0165 pely\u0148ku prav\u00e9ho (Artemisia absinthium)  <\/p>\n<p>List jitrocele kopinat\u00e9ho (Plantago lanceolata)  <\/p>\n<p>Kv\u011bt sedmikr\u00e1sky obecn\u00e9 (Bellis perennis)  <\/p>\n<p>Bukvice l\u00e9ka\u0159sk\u00e1 (Stachys officinalis)  <\/p>\n<p>Semeno fenyklu obecn\u00e9ho (Foeniculum vulgare)  <\/p>\n<p>Kv\u011bt m\u011bs\u00ed\u010dku l\u00e9ka\u0159sk\u00e9ho (Calendula officinalis)  <\/p>\n<p>List p\u0159esli\u010dky roln\u00ed (Equisetum arvense)  <\/p>\n<p>Kv\u011bt he\u0159m\u00e1nku prav\u00e9ho (Chamomilla recutita)  <\/p>\n<p>List kontryhelu obecn\u00e9ho (Alchemilla vulgaris)  <\/p>\n<p>Na\u0165 levandule l\u00e9ka\u0159sk\u00e9 (Lavandula angustifolia)  <\/p>\n<p>Na\u0165 m\u00e1ty peprn\u00e9 (Mentha piperita)  <\/p>\n<p>Tu\u017eebn\u00edk (Filipendula formosa)  <\/p>\n<p>Kv\u011bt sl\u00e9zu lesn\u00edho (Malva sylvestris)  <\/p>\n<p>List podb\u011blu l\u00e9ka\u0159sk\u00e9ho (Tussilago farfara)  <\/p>\n<p>Sadec konop\u00e1\u010d (Eupatorium cannabinum)  <\/p>\n<p>Ko\u0159en lopuchu v\u011bt\u0161\u00edho (Arctium lappa)  <\/p>\n<p>List azadirachty indick\u00e9 (Azadirachta indica)  <\/p>\n<p>Benedikt l\u00e9ka\u0159sk\u00fd (Cnicus benedictus)  <\/p>\n<p>K\u016fra vrby (Salix)  <\/p>\n<p>Ko\u0159en proskurn\u00edku (Althaea)  <\/p>\n<p>Kv\u011bt prhy arniky (Arnica montana)  <\/p>\n<p>List kop\u0159ivy dvoudom\u00e9 (Urtica dioica)  <\/p>\n<p>Sv\u011btl\u00edk l\u00e9ka\u0159sk\u00fd (Euphrasia officinalis)  <\/p>\n<p>Semena \u010dernuchy set\u00e9 (Nigella sativa)  <\/p>\n<p>Zem\u011b\u017elu\u010d okol\u00edkat\u00e1 (Centaurium erythraea)  <\/p>\n<p>List t\u0159ezalky te\u010dkovan\u00e9 (Hypericum perforatum)  <\/p>\n<p>List rozrazilu l\u00e9ka\u0159sk\u00e9ho (Veronica officinalis)  <\/p>\n<p>Na\u0165 yzopu l\u00e9ka\u0159sk\u00e9ho (Hyssopus officinalis)  <\/p>\n<p>Kv\u011bt a list \u0159eb\u0159\u00ed\u010dku obecn\u00e9ho (Achillea millefolium)  <\/p>\n<p>Sv\u00edzel sy\u0159i\u0161\u0165ov\u00fd (Gallium verum)  <\/p>\n<p>Ko\u0159en pampeli\u0161ky l\u00e9ka\u0159sk\u00e9 (Taraxacum officinale)  <\/p>\n<p>Pta\u010dinec prost\u0159edn\u00ed (Stellaria media)  <\/p>\n<p>Violka trojbarevn\u00e1 (Viola tricolor)  <\/p>\n<p>Kv\u011bt a list v\u0159esu obecn\u00e9ho (Calluna vulgaris)  <\/p>\n<p>Mochna hus\u00ed (Potentilla anserina)  <\/p>\n<p>Plod r\u016f\u017ee \u0161\u00edpkov\u00e9 (Rosa canina)  <\/p>\n<p>List medu\u0148ky l\u00e9ka\u0159sk\u00e9 (Melissa officinalis)  <\/p>\n<p>Na\u0165 komonice l\u00e9ka\u0159sk\u00e9 (Melilotus officinalis)  <\/p>\n<p>Vla\u0161tovi\u010dn\u00edk v\u011bt\u0161\u00ed (Chelidonium majus)  <\/p>\n<p>Kv\u011bt ibi\u0161ku kysel\u00e9ho (Hibiscus sabdariffa)  <\/p>\n<p>Plod jalovce obecn\u00e9ho (Juniperus communis)  <\/p>\n<p>Kv\u011bt r\u016f\u017ee (Rosa)  <\/p>\n","protected":false},"excerpt":{"rendered":"<p>Mno\u017estv\u00ed na sklad\u011b: 5 <\/p>\n","protected":false},"featured_media":10236,"comment_status":"closed","ping_status":"open","template":"","meta":[],"product_brand":[],"product_cat":[387],"product_tag":[],"class_list":{"0":"post-10030","1":"product","2":"type-product","3":"status-publish","4":"has-post-thumbnail","6":"product_cat-kosmetika","8":"first","9":"instock","10":"product-type-external"},"_links":{"self":[{"href":"https:\/\/vitashop.info\/cz\/wp-json\/wp\/v2\/product\/10030","targetHints":{"allow":["GET"]}}],"collection":[{"href":"https:\/\/vitashop.info\/cz\/wp-json\/wp\/v2\/product"}],"about":[{"href":"https:\/\/vitashop.info\/cz\/wp-json\/wp\/v2\/types\/product"}],"replies":[{"embeddable":true,"href":"https:\/\/vitashop.info\/cz\/wp-json\/wp\/v2\/comments?post=10030"}],"wp:featuredmedia":[{"embeddable":true,"href":"https:\/\/vitashop.info\/cz\/wp-json\/wp\/v2\/media\/10236"}],"wp:attachment":[{"href":"https:\/\/vitashop.info\/cz\/wp-json\/wp\/v2\/media?parent=10030"}],"wp:term":[{"taxonomy":"product_brand","embeddable":true,"href":"https:\/\/vitashop.info\/cz\/wp-json\/wp\/v2\/product_brand?post=10030"},{"taxonomy":"product_cat","embeddable":true,"href":"https:\/\/vitashop.info\/cz\/wp-json\/wp\/v2\/product_cat?post=10030"},{"taxonomy":"product_tag","embeddable":true,"href":"https:\/\/vitashop.info\/cz\/wp-json\/wp\/v2\/product_tag?post=10030"}],"curies":[{"name":"wp","href":"https:\/\/api.w.org\/{rel}","templated":true}]}}