{"id":12263,"date":"2026-04-14T01:08:04","date_gmt":"2026-04-14T00:08:04","guid":{"rendered":"https:\/\/vitashop.info\/ba\/proizvod\/glamup-pure-330g-mjesavina-kompleksnih-sastojaka-sa-visokim-sadrzajem-kolagena\/"},"modified":"2026-04-14T01:10:25","modified_gmt":"2026-04-14T00:10:25","slug":"glamup-pure-330g-mjesavina-kompleksnih-sastojaka-sa-visokim-sadrzajem-kolagena","status":"publish","type":"product","link":"https:\/\/vitashop.info\/ba\/proizvod\/glamup-pure-330g-mjesavina-kompleksnih-sastojaka-sa-visokim-sadrzajem-kolagena\/","title":{"rendered":"#glamUp Pure 330g &#8211; Mje\u0161avina kompleksnih sastojaka sa visokim sadr\u017eajem kolagena"},"content":{"rendered":"<p>Doziranje: 1 mjerica (11 g)<\/p>\n<p>&nbsp;<\/p>\n<p>Opis:<\/p>\n<p>GlamUp Pure sadr\u017ei velike koli\u010dine hidroliziranog kolagena tipa 1 i 3, uz dodatu hijaluronsku kiselinu, fitoceramide, koenzim Q10 i nekoliko antioksidanasa prirodnog porijekla. Aktivni sastojci u sadr\u017eaju mogu doprinjeti smanjenju dubine bora, pobolj&scaron;avaju hidrataciju i zategnutost ko\u017ee, smanjuju upalu i iritaciju ko\u017ee i &scaron;tite \u0107elije od &scaron;tetnog djelovanja slobodnih radikala (npr. UV zra\u010denje).<\/p>\n<p>&#013;<\/p>\n<p>Proizvod je bez arome. Ne sadr\u017ei &scaron;ec\u0301er, zasla\u0111iva\u010de, konzervanse, boje ili GMO.<\/p>\n<p>&#013;<\/p>\n<p><strong>Upotreba:<\/strong>&nbsp;Pomje&scaron;ati 1 porciju (11 g) sa 250 ml vode i uzimati 1 obrok dnevno!<\/p>\n<p>&nbsp;<\/p>\n<p>Kome se preporu\u010duje?<\/p>\n<ul>&#013;<\/p>\n<li>Svima do 30 godina starosti, kako bi se &scaron;to du\u017ee sa\u010duvala elasti\u010dnost ko\u017ee i lak&scaron;u regeneraciju nakon sun\u010danja (solarijuma) ili &ldquo;noc\u0301nih izlazaka&rdquo;.<\/li>\n<p>&#013;<\/p>\n<li>Svima preko 30 godina starosti, radi smanjenja bora i da se odlo\u017ei starenje ko\u017ee.<\/li>\n<p>&#013;<\/p>\n<li>Tokom menopauze, za ubla\u017eavanje promjena na ko\u017ei, nastalih usljed hormonskih poreme\u0107aja.<\/li>\n<p>&#013;<\/p>\n<li>Osobama koje na ko\u017ei lica imaju bubuljice, o\u017eiljke ili pigmentne mrlje, za smanjenje upale (iritacije) i pomo\u0107 da ko\u017ea poprimi ujedna\u010deniji izgled.<\/li>\n<p>&#013;<\/p>\n<li>Osobama koje su naklonjene celulitu, kako bi pobolj&scaron;ali izgled ko\u017ee.<\/li>\n<p>&#013;<\/p>\n<li>Za smanjivanje vidljivosti strija prouzrokovanih prekomernim rastom mi&scaron;ic\u0301a kod sportista, kao i za \u017eene koje su se pora\u0111ale ili su u procesu mr&scaron;avljenja.<\/li>\n<p>&#013;<\/p>\n<li>U slu\u010daju ekcema ili o\u017eiljaka nakon hirur&scaron;kih ili kozmeti\u010dkih intervencija, kao i za olak&scaron;ano formiranje novog ko\u017enog tkiva.<\/li>\n<p>&#013;<\/p>\n<li>Samosjvenim potro&scaron;a\u010dima koji vode ra\u010duna o svom zdravlju, kao i osobama sa netolerancijom ili preosetljivo&scaron;c\u0301u, gdje je va\u017eno da proizvodi koje koriste sadr\u017ee &scaron;to je moguc\u0301e manje aditiva.<\/li>\n<p>&#013;<\/p>\n<li>Za sve one koji tra\u017ee proizvod od prirodnog kolagena, bez arome.<\/li>\n<p>&#013;\n<\/ul>\n<p>&nbsp;<\/p>\n<p>Za\u0161to odabrati Calivita proizvode:<\/p>\n<ul>\n<li>Sa izvanrednim profesionalnim iskustvom, CaliVita ve\u0107 vi\u0161e od 30 godina nudi svoje proizvode koji zadovoljavaju najvi\u0161e standarde kvaliteta.<\/li>\n<li>Uvijek te\u017eimo kori\u0161tenju prirodnih osnovnih materijala koji poti\u010du iz najboljih izvora.<\/li>\n<li>Tokom na\u0161eg razvoja radimo koriste\u0107i bolje apsorpcione, na primjer organske oblike.<\/li>\n<li>Nudimo 100% garanciju kvaliteta za na\u0161e proizvode.<\/li>\n<li>Na\u0161i proizvodi podlije\u017eu strogoj i vi\u0161estrukoj proceduri ispitivanja kako bi se kontinuirano osigurao odli\u010dan kvalitet.<\/li>\n<li>Velika ve\u0107ina na\u0161ih dodataka prehrani proizvodi se u farmaceutskim uvjetima u SAD-u.<\/li>\n<li>Proizvodi se proizvode po principima cGMP (trenutne dobre proizvodne prakse), a vr\u0161i se i stalna kontrola i redovno zakazane revizije od strane FDA (Food and Drug Administration). Radimo u bliskoj saradnji s lokalnim vlastima za izdavanje dozvola kako bismo osigurali da na\u0161im potro\u0161a\u010dima uvijek budu dostupni proizvodi najvi\u0161eg kvaliteta.<\/li>\n<\/ul>\n<p>UPOZORENJE!<br \/>\n\u010cuvati van doma\u0161aja male djece. Preporu\u010dena dnevna doza se ne smije prekora\u010diti. Dodaci prehrani se ne smiju koristiti kao zamjena za raznovrsnu prehranu.<\/p>\n","protected":false},"excerpt":{"rendered":"<p>Koli\u010dina na zalihama: 19 <\/p>\n","protected":false},"featured_media":12309,"comment_status":"closed","ping_status":"open","template":"","meta":[],"product_brand":[],"product_cat":[429],"product_tag":[],"class_list":{"0":"post-12263","1":"product","2":"type-product","3":"status-publish","4":"has-post-thumbnail","6":"product_cat-prirodni-suplementi","8":"first","9":"instock","10":"product-type-external"},"_links":{"self":[{"href":"https:\/\/vitashop.info\/ba\/wp-json\/wp\/v2\/product\/12263","targetHints":{"allow":["GET"]}}],"collection":[{"href":"https:\/\/vitashop.info\/ba\/wp-json\/wp\/v2\/product"}],"about":[{"href":"https:\/\/vitashop.info\/ba\/wp-json\/wp\/v2\/types\/product"}],"replies":[{"embeddable":true,"href":"https:\/\/vitashop.info\/ba\/wp-json\/wp\/v2\/comments?post=12263"}],"wp:featuredmedia":[{"embeddable":true,"href":"https:\/\/vitashop.info\/ba\/wp-json\/wp\/v2\/media\/12309"}],"wp:attachment":[{"href":"https:\/\/vitashop.info\/ba\/wp-json\/wp\/v2\/media?parent=12263"}],"wp:term":[{"taxonomy":"product_brand","embeddable":true,"href":"https:\/\/vitashop.info\/ba\/wp-json\/wp\/v2\/product_brand?post=12263"},{"taxonomy":"product_cat","embeddable":true,"href":"https:\/\/vitashop.info\/ba\/wp-json\/wp\/v2\/product_cat?post=12263"},{"taxonomy":"product_tag","embeddable":true,"href":"https:\/\/vitashop.info\/ba\/wp-json\/wp\/v2\/product_tag?post=12263"}],"curies":[{"name":"wp","href":"https:\/\/api.w.org\/{rel}","templated":true}]}}