{"id":11943,"date":"2026-04-14T01:08:11","date_gmt":"2026-04-14T00:08:11","guid":{"rendered":"https:\/\/vitashop.info\/ba\/proizvod\/qprotect-90-tableta-antioksidanti-sa-ginkom\/"},"modified":"2026-04-14T01:10:19","modified_gmt":"2026-04-14T00:10:19","slug":"qprotect-90-tableta-antioksidanti-sa-ginkom","status":"publish","type":"product","link":"https:\/\/vitashop.info\/ba\/proizvod\/qprotect-90-tableta-antioksidanti-sa-ginkom\/","title":{"rendered":"qProtect 90 tableta &#8211; Antioksidanti sa ginkom"},"content":{"rendered":"<p>Doziranje: Ukoliko ljekar druga\u010dije ne odredi, 1-3 tablete dnevno.<\/p>\n<p>&nbsp;<\/p>\n<p>Opis:<\/p>\n<p>Efikasan i savremen <strong>antioksidantni preparat.<\/strong> Usjled sinergi\u010dkog djelovanja njegovih sastojaka, pobolj&scaron;avaju se odbrambeni mehanizmi na&scaron;eg organizma. Me\u0111u dejstvenim principima <strong>ekstrakt iz Ginkgo bilobe<\/strong> zaslu\u017euje posebnu pa\u017enju.<\/p>\n<p>&nbsp;<\/p>\n<p>Kome se preporu\u010duje?<\/p>\n<p>Antioksidantima nazivamo materije koje poma\u017euu vezivanju &scaron;tetnih slobodnih radikala. Izvanredan antioksidantni dejstveni princip je prastara paprat Ginkgo biloba, koja je, u stvari, najstarije drvo u istoriji Zemlje. Ona je postojala jo&scaron; prije 200 miliona godina, u vrijeme dinosaurusa, i od tada se jedva mjenjala, pa je stoga mo\u017eemo smatrati \u017eivim fosilom. Njeno li&scaron;\u0107e i sjeme koristila je jo&scaron; i stara kineska medicina, prvenstveno za <strong>pobolj&scaron;anje periferne cirkulacije i za bolju prokrvljenost mozga.<\/strong> I savremena nauka priznaje &scaron;iroko dejstvo Ginkga u za&scaron;titi zdravlja, a u Evropi on danas predstavlja jedan od najrasprostranjenijih dodataka ishrani prirodnog porijekla. Ubikinon je najpoznatiji antioksidantni dejstveni princip. Antioksidantni vitamini su beta-karotin, vitamini C i E i selen.<\/p>\n<p>&#013;<\/p>\n<p><strong><em>Odbrana \u017eivota.<\/em><\/strong><\/p>\n<p>&nbsp;<\/p>\n<p>Za\u0161to odabrati Calivita proizvode:<\/p>\n<ul>\n<li>Sa izvanrednim profesionalnim iskustvom, CaliVita ve\u0107 vi\u0161e od 30 godina nudi svoje proizvode koji zadovoljavaju najvi\u0161e standarde kvaliteta.<\/li>\n<li>Uvijek te\u017eimo kori\u0161tenju prirodnih osnovnih materijala koji poti\u010du iz najboljih izvora.<\/li>\n<li>Tokom na\u0161eg razvoja radimo koriste\u0107i bolje apsorpcione, na primjer organske oblike.<\/li>\n<li>Nudimo 100% garanciju kvaliteta za na\u0161e proizvode.<\/li>\n<li>Na\u0161i proizvodi podlije\u017eu strogoj i vi\u0161estrukoj proceduri ispitivanja kako bi se kontinuirano osigurao odli\u010dan kvalitet.<\/li>\n<li>Velika ve\u0107ina na\u0161ih dodataka prehrani proizvodi se u farmaceutskim uvjetima u SAD-u.<\/li>\n<li>Proizvodi se proizvode po principima cGMP (trenutne dobre proizvodne prakse), a vr\u0161i se i stalna kontrola i redovno zakazane revizije od strane FDA (Food and Drug Administration). Radimo u bliskoj saradnji s lokalnim vlastima za izdavanje dozvola kako bismo osigurali da na\u0161im potro\u0161a\u010dima uvijek budu dostupni proizvodi najvi\u0161eg kvaliteta.<\/li>\n<\/ul>\n<p>UPOZORENJE!<br \/>\n\u010cuvati van doma\u0161aja male djece. Preporu\u010dena dnevna doza se ne smije prekora\u010diti. Dodaci prehrani se ne smiju koristiti kao zamjena za raznovrsnu prehranu.<\/p>\n","protected":false},"excerpt":{"rendered":"<p>Koli\u010dina na zalihama: 20 <\/p>\n","protected":false},"featured_media":12246,"comment_status":"closed","ping_status":"open","template":"","meta":[],"product_brand":[],"product_cat":[429],"product_tag":[],"class_list":{"0":"post-11943","1":"product","2":"type-product","3":"status-publish","4":"has-post-thumbnail","6":"product_cat-prirodni-suplementi","8":"first","9":"instock","10":"product-type-external"},"_links":{"self":[{"href":"https:\/\/vitashop.info\/ba\/wp-json\/wp\/v2\/product\/11943","targetHints":{"allow":["GET"]}}],"collection":[{"href":"https:\/\/vitashop.info\/ba\/wp-json\/wp\/v2\/product"}],"about":[{"href":"https:\/\/vitashop.info\/ba\/wp-json\/wp\/v2\/types\/product"}],"replies":[{"embeddable":true,"href":"https:\/\/vitashop.info\/ba\/wp-json\/wp\/v2\/comments?post=11943"}],"wp:featuredmedia":[{"embeddable":true,"href":"https:\/\/vitashop.info\/ba\/wp-json\/wp\/v2\/media\/12246"}],"wp:attachment":[{"href":"https:\/\/vitashop.info\/ba\/wp-json\/wp\/v2\/media?parent=11943"}],"wp:term":[{"taxonomy":"product_brand","embeddable":true,"href":"https:\/\/vitashop.info\/ba\/wp-json\/wp\/v2\/product_brand?post=11943"},{"taxonomy":"product_cat","embeddable":true,"href":"https:\/\/vitashop.info\/ba\/wp-json\/wp\/v2\/product_cat?post=11943"},{"taxonomy":"product_tag","embeddable":true,"href":"https:\/\/vitashop.info\/ba\/wp-json\/wp\/v2\/product_tag?post=11943"}],"curies":[{"name":"wp","href":"https:\/\/api.w.org\/{rel}","templated":true}]}}