{"id":11865,"date":"2026-04-14T01:08:11","date_gmt":"2026-04-14T00:08:11","guid":{"rendered":"https:\/\/vitashop.info\/ba\/proizvod\/purest-sea-essence-60-tableta-plavo-zelena-moc\/"},"modified":"2026-04-14T01:10:25","modified_gmt":"2026-04-14T00:10:25","slug":"purest-sea-essence-60-tableta-plavo-zelena-moc","status":"publish","type":"product","link":"https:\/\/vitashop.info\/ba\/proizvod\/purest-sea-essence-60-tableta-plavo-zelena-moc\/","title":{"rendered":"Purest Sea Essence 60 tableta &#8211; Plavo-zelena mo\u0107"},"content":{"rendered":"<p>Doziranje: 2-4 tablete<\/p>\n<p>&nbsp;<\/p>\n<p>Opis:<\/p>\n<p>Purest Sea Essence zahvaljuju\u0107i snazi \u010diste alge u sastavu, ima sjajnu alkalizirajuc\u0301u moc\u0301 koja mo\u017ee pomoc\u0301i u obnavljanju pH ravnote\u017ee zaki&scaron;eljenog tijela. Pored toga, tako\u0111e pru\u017ea odli\u010dnu podr&scaron;ku i za procese detoksikacije. Veganski proizvod, koji ne sadr\u017ei nikakve aditive i prirodno je bez alergena.<\/p>\n<p>&nbsp;<\/p>\n<p>Kome se preporu\u010duje?<\/p>\n<ul>&#013;<\/p>\n<li>Za osobe koje konzumiraju prevelike koli\u010dine hrane koja zakiseljuje, za alakalizaciju organizma,<\/li>\n<p>&#013;<\/p>\n<li>za osobe na programima detoksikacije, kao pomo\u0107 organizmu u \u010di&scaron;c\u0301enju i detoksikaciji tijela od akumuliranih toksi\u010dnih supstanci (izme\u0111u ostalog i te&scaron;kih metala).<\/li>\n<p>&#013;\n<\/ul>\n<p>&nbsp;<\/p>\n<p>Za\u0161to odabrati Calivita proizvode:<\/p>\n<ul>\n<li>Sa izvanrednim profesionalnim iskustvom, CaliVita ve\u0107 vi\u0161e od 30 godina nudi svoje proizvode koji zadovoljavaju najvi\u0161e standarde kvaliteta.<\/li>\n<li>Uvijek te\u017eimo kori\u0161tenju prirodnih osnovnih materijala koji poti\u010du iz najboljih izvora.<\/li>\n<li>Tokom na\u0161eg razvoja radimo koriste\u0107i bolje apsorpcione, na primjer organske oblike.<\/li>\n<li>Nudimo 100% garanciju kvaliteta za na\u0161e proizvode.<\/li>\n<li>Na\u0161i proizvodi podlije\u017eu strogoj i vi\u0161estrukoj proceduri ispitivanja kako bi se kontinuirano osigurao odli\u010dan kvalitet.<\/li>\n<li>Velika ve\u0107ina na\u0161ih dodataka prehrani proizvodi se u farmaceutskim uvjetima u SAD-u.<\/li>\n<li>Proizvodi se proizvode po principima cGMP (trenutne dobre proizvodne prakse), a vr\u0161i se i stalna kontrola i redovno zakazane revizije od strane FDA (Food and Drug Administration). Radimo u bliskoj saradnji s lokalnim vlastima za izdavanje dozvola kako bismo osigurali da na\u0161im potro\u0161a\u010dima uvijek budu dostupni proizvodi najvi\u0161eg kvaliteta.<\/li>\n<\/ul>\n<p>UPOZORENJE!<br \/>\n\u010cuvati van doma\u0161aja male djece. Preporu\u010dena dnevna doza se ne smije prekora\u010diti. Dodaci prehrani se ne smiju koristiti kao zamjena za raznovrsnu prehranu.<\/p>\n","protected":false},"excerpt":{"rendered":"<p>Koli\u010dina na zalihama: 22 <\/p>\n","protected":false},"featured_media":12298,"comment_status":"closed","ping_status":"open","template":"","meta":[],"product_brand":[],"product_cat":[429],"product_tag":[],"class_list":{"0":"post-11865","1":"product","2":"type-product","3":"status-publish","4":"has-post-thumbnail","6":"product_cat-prirodni-suplementi","8":"first","9":"instock","10":"product-type-external"},"_links":{"self":[{"href":"https:\/\/vitashop.info\/ba\/wp-json\/wp\/v2\/product\/11865","targetHints":{"allow":["GET"]}}],"collection":[{"href":"https:\/\/vitashop.info\/ba\/wp-json\/wp\/v2\/product"}],"about":[{"href":"https:\/\/vitashop.info\/ba\/wp-json\/wp\/v2\/types\/product"}],"replies":[{"embeddable":true,"href":"https:\/\/vitashop.info\/ba\/wp-json\/wp\/v2\/comments?post=11865"}],"wp:featuredmedia":[{"embeddable":true,"href":"https:\/\/vitashop.info\/ba\/wp-json\/wp\/v2\/media\/12298"}],"wp:attachment":[{"href":"https:\/\/vitashop.info\/ba\/wp-json\/wp\/v2\/media?parent=11865"}],"wp:term":[{"taxonomy":"product_brand","embeddable":true,"href":"https:\/\/vitashop.info\/ba\/wp-json\/wp\/v2\/product_brand?post=11865"},{"taxonomy":"product_cat","embeddable":true,"href":"https:\/\/vitashop.info\/ba\/wp-json\/wp\/v2\/product_cat?post=11865"},{"taxonomy":"product_tag","embeddable":true,"href":"https:\/\/vitashop.info\/ba\/wp-json\/wp\/v2\/product_tag?post=11865"}],"curies":[{"name":"wp","href":"https:\/\/api.w.org\/{rel}","templated":true}]}}