{"id":11864,"date":"2026-02-24T02:08:03","date_gmt":"2026-02-24T01:08:03","guid":{"rendered":"https:\/\/vitashop.info\/ba\/proizvod\/epsom-detox-caps-90-biljnih-kapsula-cista-gorka-so\/"},"modified":"2026-04-21T01:10:14","modified_gmt":"2026-04-21T00:10:14","slug":"epsom-detox-caps-90-biljnih-kapsula-cista-gorka-so","status":"publish","type":"product","link":"https:\/\/vitashop.info\/ba\/proizvod\/epsom-detox-caps-90-biljnih-kapsula-cista-gorka-so\/","title":{"rendered":"Epsom Detox Caps 90 biljnih kapsula &#8211; \u010cista gorka so"},"content":{"rendered":"<p>Doziranje: <\/p>\n<p>&nbsp;<\/p>\n<p>Opis:<\/p>\n<p>Epsom Detox Caps uz prirodnu snagu \u010distog magnezijum sulfata poma\u017ee organizmu u efikasnijoj pokretljivosti i pra\u017enjenju crijeva. Kapsule se mogu koristiti i za \u010di&scaron;c\u0301enje crijeva i kao pomoc\u0301 u osloba\u0111anju tijela od toksina, kao dio programa detoksikacije. Ne sadr\u017ei GMO ili vje&scaron;ta\u010dke aditive. Veganski proizvod. Ima neutralan ukus, i dolazi u formi biljne kapsule<\/p>\n<p>&nbsp;<\/p>\n<p>Kome se preporu\u010duje?<\/p>\n<p>&#8211; Za osobe koje pate od konstipacije (zatvora), kako bi olak&scaron;ali pokretljivost i pra\u017enjenje crijeva.<\/p>\n<p>&#013;<\/p>\n<p>&#8211; Za one koji su na programu detoksikacije, da pomognu organizmu u \u010di&scaron;c\u0301enju crijevnog sistema i detoksikaciji tijela od akumuliranih toksi\u010dnih supstanci.<\/p>\n<p>&#013;<\/p>\n<p>&#8211; Svima koji vi&scaron;e vole biljne kapsule neutralnog ukusa, umjesto gorkog ukusa magnezijum sulfata.<\/p>\n<p>&nbsp;<\/p>\n<p>Za\u0161to odabrati Calivita proizvode:<\/p>\n<ul>\n<li>Sa izvanrednim profesionalnim iskustvom, CaliVita ve\u0107 vi\u0161e od 30 godina nudi svoje proizvode koji zadovoljavaju najvi\u0161e standarde kvaliteta.<\/li>\n<li>Uvijek te\u017eimo kori\u0161tenju prirodnih osnovnih materijala koji poti\u010du iz najboljih izvora.<\/li>\n<li>Tokom na\u0161eg razvoja radimo koriste\u0107i bolje apsorpcione, na primjer organske oblike.<\/li>\n<li>Nudimo 100% garanciju kvaliteta za na\u0161e proizvode.<\/li>\n<li>Na\u0161i proizvodi podlije\u017eu strogoj i vi\u0161estrukoj proceduri ispitivanja kako bi se kontinuirano osigurao odli\u010dan kvalitet.<\/li>\n<li>Velika ve\u0107ina na\u0161ih dodataka prehrani proizvodi se u farmaceutskim uvjetima u SAD-u.<\/li>\n<li>Proizvodi se proizvode po principima cGMP (trenutne dobre proizvodne prakse), a vr\u0161i se i stalna kontrola i redovno zakazane revizije od strane FDA (Food and Drug Administration). Radimo u bliskoj saradnji s lokalnim vlastima za izdavanje dozvola kako bismo osigurali da na\u0161im potro\u0161a\u010dima uvijek budu dostupni proizvodi najvi\u0161eg kvaliteta.<\/li>\n<\/ul>\n<p>UPOZORENJE!<br \/>\n\u010cuvati van doma\u0161aja male djece. Preporu\u010dena dnevna doza se ne smije prekora\u010diti. Dodaci prehrani se ne smiju koristiti kao zamjena za raznovrsnu prehranu.<\/p>\n","protected":false},"excerpt":{"rendered":"<p>Koli\u010dina na zalihama: 14 <\/p>\n","protected":false},"featured_media":12319,"comment_status":"closed","ping_status":"open","template":"","meta":[],"product_brand":[],"product_cat":[429],"product_tag":[],"class_list":{"0":"post-11864","1":"product","2":"type-product","3":"status-publish","4":"has-post-thumbnail","6":"product_cat-prirodni-suplementi","8":"first","9":"instock","10":"product-type-external"},"_links":{"self":[{"href":"https:\/\/vitashop.info\/ba\/wp-json\/wp\/v2\/product\/11864","targetHints":{"allow":["GET"]}}],"collection":[{"href":"https:\/\/vitashop.info\/ba\/wp-json\/wp\/v2\/product"}],"about":[{"href":"https:\/\/vitashop.info\/ba\/wp-json\/wp\/v2\/types\/product"}],"replies":[{"embeddable":true,"href":"https:\/\/vitashop.info\/ba\/wp-json\/wp\/v2\/comments?post=11864"}],"wp:featuredmedia":[{"embeddable":true,"href":"https:\/\/vitashop.info\/ba\/wp-json\/wp\/v2\/media\/12319"}],"wp:attachment":[{"href":"https:\/\/vitashop.info\/ba\/wp-json\/wp\/v2\/media?parent=11864"}],"wp:term":[{"taxonomy":"product_brand","embeddable":true,"href":"https:\/\/vitashop.info\/ba\/wp-json\/wp\/v2\/product_brand?post=11864"},{"taxonomy":"product_cat","embeddable":true,"href":"https:\/\/vitashop.info\/ba\/wp-json\/wp\/v2\/product_cat?post=11864"},{"taxonomy":"product_tag","embeddable":true,"href":"https:\/\/vitashop.info\/ba\/wp-json\/wp\/v2\/product_tag?post=11864"}],"curies":[{"name":"wp","href":"https:\/\/api.w.org\/{rel}","templated":true}]}}