{"id":10909,"date":"2026-04-21T01:08:12","date_gmt":"2026-04-21T00:08:12","guid":{"rendered":"https:\/\/vitashop.info\/ba\/produkt\/vitalman-60-tableta-povecanje-performansi-za-muskarce\/"},"modified":"2026-04-21T01:10:09","modified_gmt":"2026-04-21T00:10:09","slug":"vitalman-60-tableta-povecanje-performansi-za-muskarce","status":"publish","type":"product","link":"https:\/\/vitashop.info\/ba\/proizvod\/vitalman-60-tableta-povecanje-performansi-za-muskarce\/","title":{"rendered":"VitalMan 60 tableta &#8211; Pove\u0107anje performansi za mu\u0161karce"},"content":{"rendered":"<p>Doziranje: Ukoliko ljekar druga\u010dije ne odredi, 1-2 tablete dnevno.<\/p>\n<p>&nbsp;<\/p>\n<p>Opis:<\/p>\n<p>Kompleksni preparat za mu&scaron;karce. Njegovi sastavni elementi uti\u010du na pobolj&scaron;anje op&scaron;teg raspolo\u017eenja i psihofizi\u010dkog stanja. <strong>Ja\u010daju fizi\u010dku sposobnost, adaptogenu i antistresnu mo\u0107 mu&scaron;karaca.<\/strong><\/p>\n<p>&nbsp;<\/p>\n<p>Kome se preporu\u010duje?<\/p>\n<p>Preoptere\u0107en \u017eivot pun stresnih situacija, \u010dovjeku dana&scaron;njice \u010desto prouzrokuje napetost, lo&scaron;e raspolo\u017eenje i seksualne probleme. Ti problemi se mogu rije&scaron;iti i upotrebom ljekovitih biljaka, koje nam poma\u017eu da odgovorimo zahtjevima koje nam postavlja okru\u017eenje i mi sami, a da pored toga jo&scaron; budemo u stanju i da u\u017eivamo u \u017eivotu. Sibirski \u017een&scaron;en na primjer, pove\u0107ava sposobnost organizma za prilago\u0111avanje (adaptogenost) i podno&scaron;enje stresa, izgra\u0111uje \u0107elije i uti\u010de na pobolj&scaron;anje raspolo\u017eenja i op&scaron;teg stanja. Katuaba stimuli&scaron;e centralni nervni sistem. Damiana je afrodizijak i osim &scaron;to djeluje na pobolj&scaron;anje raspolo\u017eenja, poznata je i kao antidepresiv, diureti i dodatak koji efikasno smanjuje hroni\u010dni zamor kod oba pola. Sarsaparila je korisna zbog svog antibioti\u010dkog, dezinfekcionog i antipireti\u010dkog dejstva.<\/p>\n<p>&#013;<\/p>\n<p><em><strong>Eksplozivna \u017eivotna energija.<\/strong><\/em><\/p>\n<p>&nbsp;<\/p>\n<p>Za\u0161to odabrati Calivita proizvode:<\/p>\n<ul>\n<li>Sa izvanrednim profesionalnim iskustvom, CaliVita ve\u0107 vi\u0161e od 30 godina nudi svoje proizvode koji zadovoljavaju najvi\u0161e standarde kvaliteta.<\/li>\n<li>Uvijek te\u017eimo kori\u0161tenju prirodnih osnovnih materijala koji poti\u010du iz najboljih izvora.<\/li>\n<li>Tokom na\u0161eg razvoja radimo koriste\u0107i bolje apsorpcione, na primjer organske oblike.<\/li>\n<li>Nudimo 100% garanciju kvaliteta za na\u0161e proizvode.<\/li>\n<li>Na\u0161i proizvodi podlije\u017eu strogoj i vi\u0161estrukoj proceduri ispitivanja kako bi se kontinuirano osigurao odli\u010dan kvalitet.<\/li>\n<li>Velika ve\u0107ina na\u0161ih dodataka prehrani proizvodi se u farmaceutskim uvjetima u SAD-u.<\/li>\n<li>Proizvodi se proizvode po principima cGMP (trenutne dobre proizvodne prakse), a vr\u0161i se i stalna kontrola i redovno zakazane revizije od strane FDA (Food and Drug Administration). Radimo u bliskoj saradnji s lokalnim vlastima za izdavanje dozvola kako bismo osigurali da na\u0161im potro\u0161a\u010dima uvijek budu dostupni proizvodi najvi\u0161eg kvaliteta.<\/li>\n<\/ul>\n<p>UPOZORENJE!<br \/>\n\u010cuvati van doma\u0161aja male djece. Preporu\u010dena dnevna doza se ne smije prekora\u010diti. Dodaci prehrani se ne smiju koristiti kao zamjena za raznovrsnu prehranu.<\/p>\n","protected":false},"excerpt":{"rendered":"<p>Koli\u010dina na zalihama: 39 <\/p>\n","protected":false},"featured_media":12240,"comment_status":"closed","ping_status":"open","template":"","meta":[],"product_brand":[],"product_cat":[429],"product_tag":[],"class_list":{"0":"post-10909","1":"product","2":"type-product","3":"status-publish","4":"has-post-thumbnail","6":"product_cat-prirodni-suplementi","8":"first","9":"instock","10":"product-type-external"},"_links":{"self":[{"href":"https:\/\/vitashop.info\/ba\/wp-json\/wp\/v2\/product\/10909","targetHints":{"allow":["GET"]}}],"collection":[{"href":"https:\/\/vitashop.info\/ba\/wp-json\/wp\/v2\/product"}],"about":[{"href":"https:\/\/vitashop.info\/ba\/wp-json\/wp\/v2\/types\/product"}],"replies":[{"embeddable":true,"href":"https:\/\/vitashop.info\/ba\/wp-json\/wp\/v2\/comments?post=10909"}],"wp:featuredmedia":[{"embeddable":true,"href":"https:\/\/vitashop.info\/ba\/wp-json\/wp\/v2\/media\/12240"}],"wp:attachment":[{"href":"https:\/\/vitashop.info\/ba\/wp-json\/wp\/v2\/media?parent=10909"}],"wp:term":[{"taxonomy":"product_brand","embeddable":true,"href":"https:\/\/vitashop.info\/ba\/wp-json\/wp\/v2\/product_brand?post=10909"},{"taxonomy":"product_cat","embeddable":true,"href":"https:\/\/vitashop.info\/ba\/wp-json\/wp\/v2\/product_cat?post=10909"},{"taxonomy":"product_tag","embeddable":true,"href":"https:\/\/vitashop.info\/ba\/wp-json\/wp\/v2\/product_tag?post=10909"}],"curies":[{"name":"wp","href":"https:\/\/api.w.org\/{rel}","templated":true}]}}