{"id":10904,"date":"2026-03-10T02:08:06","date_gmt":"2026-03-10T01:08:06","guid":{"rendered":"https:\/\/vitashop.info\/ba\/produkt\/super-soya-lecithin-250-gelkapsula-250-gelkapsula-soja-lecitin\/"},"modified":"2026-04-21T01:10:08","modified_gmt":"2026-04-21T00:10:08","slug":"super-soya-lecithin-250-gelkapsula-250-gelkapsula-soja-lecitin","status":"publish","type":"product","link":"https:\/\/vitashop.info\/ba\/proizvod\/super-soya-lecithin-250-gelkapsula-250-gelkapsula-soja-lecitin\/","title":{"rendered":"Super Soya Lecithin &#8211; 250 gelkapsula 250 gelkapsula &#8211; Soja lecitin"},"content":{"rendered":"<p>Doziranje: Ukoliko ljekar druga\u010dije ne odredi, 1-2 \u017eelatinske kapsule dnevno, u toku ili poslije jela.<\/p>\n<p>&nbsp;<\/p>\n<p>Opis:<\/p>\n<p><strong>Kapsule lecitina iz sojine sa\u010dme,<\/strong> radi balansa sa ishranom bogatom mastima. Proizvod sa kontinuiranom apsorpcijom.<\/p>\n<p>&nbsp;<\/p>\n<p>Kome se preporu\u010duje?<\/p>\n<p><strong>Lecitin<\/strong> je prirodna materija koja se nalazi u namirnicama biljnog porijekla, na primjer, u soji. lspoljava pozitivna dejstva na nivo holesterola na taj na\u010din &scaron;to <strong>holesterol i druge masti pretvara u smjesu sa vodom,<\/strong> koja se potom izbacuje iz organizma. <strong>\u010cisti zidove krvnih sudova i ja\u010da sr\u010danu muskulaturu.<\/strong> Smatra se sagorjeva\u010dem i razgra\u0111iva\u010dem masti Budu\u0107i da na&scaron;a ishrana uglavnom sadr\u017ei znatno vi&scaron;e masti, uzimanje lecitina je korisno za svakoga. Druga veoma va\u017ena karakteristika lecitina je da &#8211; u slu\u010daju redovne upotrebe &#8211; olak&scaron;ava bolove u zglobovima. Nadalje, njegovo pozitivno dejstvo je u tome &scaron;to daje zdravu boju kosi i mo\u017ee da smanji njeno opadanje. Za starije osobe bez apetita predstavlja izvanredno roborativno i toniziraju\u0107e sredsvo.<\/p>\n<p>&#013;<\/p>\n<p><em><strong>Dole holesterol.<\/strong><\/em><\/p>\n<p>&nbsp;<\/p>\n<p>Za\u0161to odabrati Calivita proizvode:<\/p>\n<ul>\n<li>Sa izvanrednim profesionalnim iskustvom, CaliVita ve\u0107 vi\u0161e od 30 godina nudi svoje proizvode koji zadovoljavaju najvi\u0161e standarde kvaliteta.<\/li>\n<li>Uvijek te\u017eimo kori\u0161tenju prirodnih osnovnih materijala koji poti\u010du iz najboljih izvora.<\/li>\n<li>Tokom na\u0161eg razvoja radimo koriste\u0107i bolje apsorpcione, na primjer organske oblike.<\/li>\n<li>Nudimo 100% garanciju kvaliteta za na\u0161e proizvode.<\/li>\n<li>Na\u0161i proizvodi podlije\u017eu strogoj i vi\u0161estrukoj proceduri ispitivanja kako bi se kontinuirano osigurao odli\u010dan kvalitet.<\/li>\n<li>Velika ve\u0107ina na\u0161ih dodataka prehrani proizvodi se u farmaceutskim uvjetima u SAD-u.<\/li>\n<li>Proizvodi se proizvode po principima cGMP (trenutne dobre proizvodne prakse), a vr\u0161i se i stalna kontrola i redovno zakazane revizije od strane FDA (Food and Drug Administration). Radimo u bliskoj saradnji s lokalnim vlastima za izdavanje dozvola kako bismo osigurali da na\u0161im potro\u0161a\u010dima uvijek budu dostupni proizvodi najvi\u0161eg kvaliteta.<\/li>\n<\/ul>\n<p>UPOZORENJE!<br \/>\n\u010cuvati van doma\u0161aja male djece. Preporu\u010dena dnevna doza se ne smije prekora\u010diti. Dodaci prehrani se ne smiju koristiti kao zamjena za raznovrsnu prehranu.<\/p>\n","protected":false},"excerpt":{"rendered":"<p>Koli\u010dina na zalihama: 8 <\/p>\n","protected":false},"featured_media":12229,"comment_status":"closed","ping_status":"open","template":"","meta":[],"product_brand":[],"product_cat":[429],"product_tag":[],"class_list":{"0":"post-10904","1":"product","2":"type-product","3":"status-publish","4":"has-post-thumbnail","6":"product_cat-prirodni-suplementi","8":"first","9":"instock","10":"product-type-external"},"_links":{"self":[{"href":"https:\/\/vitashop.info\/ba\/wp-json\/wp\/v2\/product\/10904","targetHints":{"allow":["GET"]}}],"collection":[{"href":"https:\/\/vitashop.info\/ba\/wp-json\/wp\/v2\/product"}],"about":[{"href":"https:\/\/vitashop.info\/ba\/wp-json\/wp\/v2\/types\/product"}],"replies":[{"embeddable":true,"href":"https:\/\/vitashop.info\/ba\/wp-json\/wp\/v2\/comments?post=10904"}],"wp:featuredmedia":[{"embeddable":true,"href":"https:\/\/vitashop.info\/ba\/wp-json\/wp\/v2\/media\/12229"}],"wp:attachment":[{"href":"https:\/\/vitashop.info\/ba\/wp-json\/wp\/v2\/media?parent=10904"}],"wp:term":[{"taxonomy":"product_brand","embeddable":true,"href":"https:\/\/vitashop.info\/ba\/wp-json\/wp\/v2\/product_brand?post=10904"},{"taxonomy":"product_cat","embeddable":true,"href":"https:\/\/vitashop.info\/ba\/wp-json\/wp\/v2\/product_cat?post=10904"},{"taxonomy":"product_tag","embeddable":true,"href":"https:\/\/vitashop.info\/ba\/wp-json\/wp\/v2\/product_tag?post=10904"}],"curies":[{"name":"wp","href":"https:\/\/api.w.org\/{rel}","templated":true}]}}