{"id":10903,"date":"2026-02-03T02:08:09","date_gmt":"2026-02-03T01:08:09","guid":{"rendered":"https:\/\/vitashop.info\/ba\/produkt\/super-mega-coq10-30-kapsula-super-mega-coq10\/"},"modified":"2026-04-21T01:10:08","modified_gmt":"2026-04-21T00:10:08","slug":"super-mega-coq10-30-kapsula-super-mega-coq10","status":"publish","type":"product","link":"https:\/\/vitashop.info\/ba\/proizvod\/super-mega-coq10-30-kapsula-super-mega-coq10\/","title":{"rendered":"Super Mega CoQ10 30 kapsula &#8211; Super Mega CoQ10"},"content":{"rendered":"<p>Doziranje: <\/p>\n<p>&nbsp;<\/p>\n<p>Opis:<\/p>\n<p style=\"line-height: 24px;text-align: justify;font-family: Arial, Verdana, Geneva, sans-serif;font-size: 12px\">Mega CoQ10 Plus sadr\u017ei veliku koli\u010dinu CoQ<sub>10<\/sub>, koji je dopunjen sa tri antioksidanata &#8211; beta karotenom, vitaminom E i selenom, za postizanje sinergisti\u010dkog dejstva, \u010dije se uzimanje preporu\u010duje kako za terapeutske svrhe u vidu dopune istima, tako i za op\u0161tu prevenciju.<\/p>\n<p>&#013;<\/p>\n<p style=\"line-height: 24px;text-align: justify;font-family: Arial, Verdana, Geneva, sans-serif;font-size: 12px\">Uno\u0161enjem velikih koli\u010dina CoQ<sub>10<\/sub>, ne samo da mo\u017eemo da se ose\u0107amo bolje i da budemo u vrhunskom zdravstvenom stanju, ve\u0107 istovremeno mo\u017eemo doprineti i normalizaciji krvnog pritiska, o\u010duvanju zdravlja srca, o\u010diju i mentalnih sposobnosti, kao i prevenciji napada migrene i zna\u010dajnom pobolj\u0161anju potencije i plodnosti. *<\/p>\n<p>&nbsp;<\/p>\n<p>Kome se preporu\u010duje?<\/p>\n<ul style=\"font-size: 12px;line-height: 24px;font-family: Arial, Verdana, Geneva, sans-serif\">&#013;<\/p>\n<li>Osobama koje su izlo\u017eene pove\u0107anom mentalnom i fizi\u010dkom optere\u0107enju, kao i sportistima za pove\u0107anje energije,<\/li>\n<p>&#013;<\/p>\n<li>Osobama koje pate od poreme\u0107aja zdravlja kardiovaskularnog sistema i problema sa krvnim pritiskom, kao i svima kome je va\u017eno o\u010duvanje zdravlja i zdravo funkcionisanje ovih sistema,<\/li>\n<p>&#013;<\/p>\n<li>Osobama koje pate od migrene,<\/li>\n<p>&#013;<\/p>\n<li>Osobama koje pate od zujanja u u\u0161ima**,<\/li>\n<p>&#013;<\/p>\n<li>Osobama koje pate od problema sa desnima***,<\/li>\n<p>&#013;<\/p>\n<li>za mu\u0161karce za ja\u010danje potencije,<\/li>\n<p>&#013;<\/p>\n<li>u slu\u010daju uzimanja odre\u0111enih medikamenata, poput lekova za smanjenje nivoa holesterola, psihijatrijskih lekova, kao i preparata za kontrolisanje sr\u010danog ritma, ili za \u0161e\u0107ernu bolest,<\/li>\n<p>&#013;<\/p>\n<li>Pu\u0161a\u010dima,<\/li>\n<p>&#013;<\/p>\n<li>Svakome kome je va\u017eno o\u010duvanje zdravlja o\u010diju,<\/li>\n<p>&#013;<\/p>\n<li>Osobama koje zahtevaju sna\u017enu antioksidantsku za\u0161titu.<\/li>\n<p>&#013;\n<\/ul>\n<p>&#013;<\/p>\n<p>\u00a0<\/p>\n<p>&nbsp;<\/p>\n<p>Za\u0161to odabrati Calivita proizvode:<\/p>\n<ul>\n<li>Sa izvanrednim profesionalnim iskustvom, CaliVita ve\u0107 vi\u0161e od 30 godina nudi svoje proizvode koji zadovoljavaju najvi\u0161e standarde kvaliteta.<\/li>\n<li>Uvijek te\u017eimo kori\u0161tenju prirodnih osnovnih materijala koji poti\u010du iz najboljih izvora.<\/li>\n<li>Tokom na\u0161eg razvoja radimo koriste\u0107i bolje apsorpcione, na primjer organske oblike.<\/li>\n<li>Nudimo 100% garanciju kvaliteta za na\u0161e proizvode.<\/li>\n<li>Na\u0161i proizvodi podlije\u017eu strogoj i vi\u0161estrukoj proceduri ispitivanja kako bi se kontinuirano osigurao odli\u010dan kvalitet.<\/li>\n<li>Velika ve\u0107ina na\u0161ih dodataka prehrani proizvodi se u farmaceutskim uvjetima u SAD-u.<\/li>\n<li>Proizvodi se proizvode po principima cGMP (trenutne dobre proizvodne prakse), a vr\u0161i se i stalna kontrola i redovno zakazane revizije od strane FDA (Food and Drug Administration). Radimo u bliskoj saradnji s lokalnim vlastima za izdavanje dozvola kako bismo osigurali da na\u0161im potro\u0161a\u010dima uvijek budu dostupni proizvodi najvi\u0161eg kvaliteta.<\/li>\n<\/ul>\n<p>UPOZORENJE!<br \/>\n\u010cuvati van doma\u0161aja male djece. Preporu\u010dena dnevna doza se ne smije prekora\u010diti. Dodaci prehrani se ne smiju koristiti kao zamjena za raznovrsnu prehranu.<\/p>\n","protected":false},"excerpt":{"rendered":"<p>Koli\u010dina na zalihama: 159 <\/p>\n","protected":false},"featured_media":12227,"comment_status":"closed","ping_status":"open","template":"","meta":[],"product_brand":[],"product_cat":[429],"product_tag":[],"class_list":{"0":"post-10903","1":"product","2":"type-product","3":"status-publish","4":"has-post-thumbnail","6":"product_cat-prirodni-suplementi","8":"first","9":"instock","10":"product-type-external"},"_links":{"self":[{"href":"https:\/\/vitashop.info\/ba\/wp-json\/wp\/v2\/product\/10903","targetHints":{"allow":["GET"]}}],"collection":[{"href":"https:\/\/vitashop.info\/ba\/wp-json\/wp\/v2\/product"}],"about":[{"href":"https:\/\/vitashop.info\/ba\/wp-json\/wp\/v2\/types\/product"}],"replies":[{"embeddable":true,"href":"https:\/\/vitashop.info\/ba\/wp-json\/wp\/v2\/comments?post=10903"}],"wp:featuredmedia":[{"embeddable":true,"href":"https:\/\/vitashop.info\/ba\/wp-json\/wp\/v2\/media\/12227"}],"wp:attachment":[{"href":"https:\/\/vitashop.info\/ba\/wp-json\/wp\/v2\/media?parent=10903"}],"wp:term":[{"taxonomy":"product_brand","embeddable":true,"href":"https:\/\/vitashop.info\/ba\/wp-json\/wp\/v2\/product_brand?post=10903"},{"taxonomy":"product_cat","embeddable":true,"href":"https:\/\/vitashop.info\/ba\/wp-json\/wp\/v2\/product_cat?post=10903"},{"taxonomy":"product_tag","embeddable":true,"href":"https:\/\/vitashop.info\/ba\/wp-json\/wp\/v2\/product_tag?post=10903"}],"curies":[{"name":"wp","href":"https:\/\/api.w.org\/{rel}","templated":true}]}}