{"id":10896,"date":"2026-04-14T01:08:11","date_gmt":"2026-04-14T00:08:11","guid":{"rendered":"https:\/\/vitashop.info\/ba\/produkt\/spirulina-chlorella-plus-100-kapsula-kompleks-za-alkalizaciju\/"},"modified":"2026-04-14T01:10:17","modified_gmt":"2026-04-14T00:10:17","slug":"spirulina-chlorella-plus-100-kapsula-kompleks-za-alkalizaciju","status":"publish","type":"product","link":"https:\/\/vitashop.info\/ba\/proizvod\/spirulina-chlorella-plus-100-kapsula-kompleks-za-alkalizaciju\/","title":{"rendered":"Spirulina Chlorella Plus 100 kapsula &#8211; Kompleks za alkalizaciju"},"content":{"rendered":"<p>Doziranje: 1 kapsula dnevno<\/p>\n<p>&nbsp;<\/p>\n<p>Opis:<\/p>\n<p>Spirulina Chlorella PLUS &ndash; Super zeleno<br \/>Alge su vodene biljke jednostavne gra\u0111e, koje su bogat izvor bjelan\u010devina, vitamina, mineralnih materija i vlakana, koje mogu zna\u010dajno doprinjeti pobolj&scaron;anju na&scaron;eg zdravlja. <\/p>\n<p>Od po\u010detaka <br \/>Na na&scaron;oj planeti alge su predstavljale izvor \u017eivota. Imale su zna\u010dajnu ulogu u nastajanju \u017eivota na Zemlji: putem fotosinteze su stvarale kiseonik, \u010dime su doprinjele stvaranju neophodnih uslova za nastajanje \u017eivota vi&scaron;eg nivoa.<br \/>Odre\u0111ene alge su jo&scaron; u pradavna vremena predstavljale vredan izvor hrane za \u010dovje\u010danstvo. Iako u Evropi nije rasprostranjena pojava svakodnevne primjene algi u ishrani, u Azijskim dr\u017eavama, kao i u Africi, na Kubi i Meksiku su izuzetno popularne u vidu osnovnih sastojaka za lokalne namirnice.<\/p>\n<p>&nbsp;<\/p>\n<p>Kome se preporu\u010duje?<\/p>\n<p>Kako Spirulina Chlorella PLUS pru\u017ea kompleksnu za&scaron;titu?<br \/>Alga Spirulina&nbsp; je veoma vredan izvor hranljivih materija, njen sadr\u017eaj proteina mo\u017ee dosti\u0107i \u010dak 70%. Pored toga, bogata je i vitaminima B, fitocijaninima, hlorofilom, beta-karotinom (sadr\u017ei vi&scaron;e beta-karotina od &scaron;argarepe), E-vitaminom i brojnim mineralnim sastojcima.<br \/>Alga Hlorela je tako\u0111e izvanredan izvor kvalitetnih proteina (~ 60%), vitamina rastvorljivih u mastima, mineralnih materija i vlakana. Obje alge su poznate po svom visokom sadr\u017eaju joda. A pored ovih vrijednih algi po kojima je preparat i dobio naziv, u njemu se nalaze jo&scaron; i dobro poznata p&scaron;eni\u010dna trava i lucerka, odnosno jedna patentirana mje&scaron;avina, u kojoj se nalaze izvanredni sastojci poput spana\u0107a, brokola, Aloe vere, luteina, likopena, celera, per&scaron;una itd.<\/p>\n<p>&#013;<\/p>\n<p>Djelovanje<br \/>Po&scaron;to ovaj preparat sadr\u017ei bjelan\u010devine, minerale i vitamine, predstavlja izvanredan izvor hranljivih materija, koji se zbog svog op&scaron;teg vitaliziraju\u0107eg, antioksidantskog i imuno ja\u010daju\u0107eg djelovanja mogu preporu\u010diti bolesnima, umornima kao i vegetarijancima u vidu savr&scaron;enog dodatka pravilnoj ishrani. <br \/>Jod je neophodan za proizvodnju hormona &scaron;titne \u017elijezde, za odgovaraju\u0107i metabolizam u organizmu, za procese stvaranja energije, a u znatnoj mjeri doprinosi i o\u010duvanju zdravlja kose, ko\u017ee i noktiju.<br \/>Hlorofil zahvaljuju\u0107i svom izuzetnom alkalizuju\u0107em djelovanju mo\u017ee pomo\u0107i u procesima detoksikacije i alkalizacije organizma.<br \/>Kada se preporu\u010duje?<br \/>Ukoliko bi ste voljeli da energizujete svoj organizam.<br \/>U slu\u010daju ishrane siroma&scaron;ne bjelan\u010devinama, ili pove\u0107ane potrebe za bjelan\u010devinama &ndash; sportske aktivnosti, te\u017eak fizi\u010dki rad, aktivan \u017eivotni stil itd.<\/p>\n<p>&#013;<\/p>\n<p>Kao dodatak za kure za detoksikaciju i alkalizaciju organizma.Ukoliko ste izlo\u017eeni negativnim uticajima savremenog u\u017eurbanog \u017eivotnog stila i okru\u017eenja (stres, smog, duhanski dim itd.).<br \/>PA\u017dNJA!<br \/>Osobama koje pate od poreme\u0107aja u funkcionisanju &scaron;titne \u017elezde savjetuje se da prije upotrebe preparata potra\u017ee savijet svog ljekara!<br \/>Preparat ne mo\u017ee zameniti raznovrsnu i uravnote\u017eenu ishranu pra\u0107enu zdravim na\u010dinom \u017eivota.<br \/>Nemojte prekora\u010diti preporu\u010denu dnevnu dozu!<br \/>Dr\u017eati van dohvata djece!<br \/>Spirulina Chlorella PLUS &ndash; 100 tableta<br \/>Aktivni sastojci po tableti:<br \/>Prah alge Spiruline&nbsp;&nbsp;&nbsp; 250 mg<br \/>Prah alge Hlorele&nbsp;&nbsp;&nbsp; 250 mg<br \/>Prah p&scaron;eni\u010dne trave&nbsp;&nbsp;&nbsp; 100 mg<br \/>Prah lista lucerke&nbsp;&nbsp;&nbsp; 100 mg<br \/>Patentirana me&scaron;avina +&nbsp;&nbsp;&nbsp; 140 mg<br \/>+Prah zrna celera, prah morskih algi, kupus u prahu, spana\u0107 u prahu, prah korijena masla\u010dka, per&scaron;unov prah, ekstrakt luteina, ekstrakt likopena, prah lista prokelja, prah crne rotkve, prah Aloe vere, brokoli u prahu.<br \/>Upotreba: 1 tableta na dan, ili prema preporuci ljekara.<\/p>\n<p>&nbsp;<\/p>\n<p>Za\u0161to odabrati Calivita proizvode:<\/p>\n<ul>\n<li>Sa izvanrednim profesionalnim iskustvom, CaliVita ve\u0107 vi\u0161e od 30 godina nudi svoje proizvode koji zadovoljavaju najvi\u0161e standarde kvaliteta.<\/li>\n<li>Uvijek te\u017eimo kori\u0161tenju prirodnih osnovnih materijala koji poti\u010du iz najboljih izvora.<\/li>\n<li>Tokom na\u0161eg razvoja radimo koriste\u0107i bolje apsorpcione, na primjer organske oblike.<\/li>\n<li>Nudimo 100% garanciju kvaliteta za na\u0161e proizvode.<\/li>\n<li>Na\u0161i proizvodi podlije\u017eu strogoj i vi\u0161estrukoj proceduri ispitivanja kako bi se kontinuirano osigurao odli\u010dan kvalitet.<\/li>\n<li>Velika ve\u0107ina na\u0161ih dodataka prehrani proizvodi se u farmaceutskim uvjetima u SAD-u.<\/li>\n<li>Proizvodi se proizvode po principima cGMP (trenutne dobre proizvodne prakse), a vr\u0161i se i stalna kontrola i redovno zakazane revizije od strane FDA (Food and Drug Administration). Radimo u bliskoj saradnji s lokalnim vlastima za izdavanje dozvola kako bismo osigurali da na\u0161im potro\u0161a\u010dima uvijek budu dostupni proizvodi najvi\u0161eg kvaliteta.<\/li>\n<\/ul>\n<p>UPOZORENJE!<br \/>\n\u010cuvati van doma\u0161aja male djece. Preporu\u010dena dnevna doza se ne smije prekora\u010diti. Dodaci prehrani se ne smiju koristiti kao zamjena za raznovrsnu prehranu.<\/p>\n","protected":false},"excerpt":{"rendered":"<p>Koli\u010dina na zalihama: 93 <\/p>\n","protected":false},"featured_media":12220,"comment_status":"closed","ping_status":"open","template":"","meta":[],"product_brand":[],"product_cat":[429],"product_tag":[],"class_list":{"0":"post-10896","1":"product","2":"type-product","3":"status-publish","4":"has-post-thumbnail","6":"product_cat-prirodni-suplementi","8":"first","9":"instock","10":"product-type-external"},"_links":{"self":[{"href":"https:\/\/vitashop.info\/ba\/wp-json\/wp\/v2\/product\/10896","targetHints":{"allow":["GET"]}}],"collection":[{"href":"https:\/\/vitashop.info\/ba\/wp-json\/wp\/v2\/product"}],"about":[{"href":"https:\/\/vitashop.info\/ba\/wp-json\/wp\/v2\/types\/product"}],"replies":[{"embeddable":true,"href":"https:\/\/vitashop.info\/ba\/wp-json\/wp\/v2\/comments?post=10896"}],"wp:featuredmedia":[{"embeddable":true,"href":"https:\/\/vitashop.info\/ba\/wp-json\/wp\/v2\/media\/12220"}],"wp:attachment":[{"href":"https:\/\/vitashop.info\/ba\/wp-json\/wp\/v2\/media?parent=10896"}],"wp:term":[{"taxonomy":"product_brand","embeddable":true,"href":"https:\/\/vitashop.info\/ba\/wp-json\/wp\/v2\/product_brand?post=10896"},{"taxonomy":"product_cat","embeddable":true,"href":"https:\/\/vitashop.info\/ba\/wp-json\/wp\/v2\/product_cat?post=10896"},{"taxonomy":"product_tag","embeddable":true,"href":"https:\/\/vitashop.info\/ba\/wp-json\/wp\/v2\/product_tag?post=10896"}],"curies":[{"name":"wp","href":"https:\/\/api.w.org\/{rel}","templated":true}]}}