{"id":10893,"date":"2024-03-29T18:25:09","date_gmt":"2024-03-29T17:25:09","guid":{"rendered":"https:\/\/vitashop.info\/ba\/produkt\/shark-aid-90-tableta-ajkulina-hrskavica\/"},"modified":"2026-04-21T01:10:08","modified_gmt":"2026-04-21T00:10:08","slug":"shark-aid-90-tableta-ajkulina-hrskavica","status":"publish","type":"product","link":"https:\/\/vitashop.info\/ba\/proizvod\/shark-aid-90-tableta-ajkulina-hrskavica\/","title":{"rendered":"Shark Aid 90 tableta &#8211; Ajkulina hrskavica"},"content":{"rendered":"<p>Doziranje: Ukoliko ljekar druga\u010dije ne odredi, 3 puta 2 tablete dnevno, pola sata pre obroka.<\/p>\n<p>&nbsp;<\/p>\n<p>Opis:<\/p>\n<p><strong>Samljevena \u010dista ajkulina hrskavica<\/strong> sa bjela\u010devinama i ugljenim hidratima, u interesu efikasnog funkcionisanja imunog sistema.<\/p>\n<p>&nbsp;<\/p>\n<p>Kome se preporu\u010duje?<\/p>\n<p>Ajkule \u017eive na Zemlji ve\u0107 400 miliona godina u nepromenjenom obliku. Spadaju u \u017eiva bi\u0107a sa najprostijom gra\u0111om, evolucija ih nije doticala, a njihov organizam je podre\u0111en opstanku u svakom pogledu. Njihov imuni sistem je sna\u017ean i efikasan. Rane im brzo zarastaju i skoro nikad ne dobijaju infekciju. 99 procenata riba mogu da obole od raka, ali organizam ajkula se uvek odupire tumorskim oboljenjima. Tokom ispitivanja na Tehnolo\u0161kom institutu Masa\u010dusetsa (Massachusetts Institute of Technology &#8211; MIT) istra\u017eiva\u010di su do\u0161li do slede\u0107eg zaklju\u010dka: u telu ajkule nema ni jedne kosti, postoje samo hrskavice. <strong>Ajkulina hrskavica sadr\u017ei belan\u010devine koje spre\u010davaju razvoj mre\u017ee krvnih sudova (angiogenezu) koji snadbjevaju tumore hranljivim materijama i na taj na\u010din spre\u010davaju rast tumora.<\/strong> Ugljeni hidrati koji se nalaze u ajkulinoj hrskavici imaju imunoregulativno i antiinflamatorno dejstvo.<\/p>\n<p>&#013;<\/p>\n<p><strong><em>Vje\u010dnost.<\/em><\/strong><\/p>\n<p>&nbsp;<\/p>\n<p>Za\u0161to odabrati Calivita proizvode:<\/p>\n<ul>\n<li>Sa izvanrednim profesionalnim iskustvom, CaliVita ve\u0107 vi\u0161e od 30 godina nudi svoje proizvode koji zadovoljavaju najvi\u0161e standarde kvaliteta.<\/li>\n<li>Uvijek te\u017eimo kori\u0161tenju prirodnih osnovnih materijala koji poti\u010du iz najboljih izvora.<\/li>\n<li>Tokom na\u0161eg razvoja radimo koriste\u0107i bolje apsorpcione, na primjer organske oblike.<\/li>\n<li>Nudimo 100% garanciju kvaliteta za na\u0161e proizvode.<\/li>\n<li>Na\u0161i proizvodi podlije\u017eu strogoj i vi\u0161estrukoj proceduri ispitivanja kako bi se kontinuirano osigurao odli\u010dan kvalitet.<\/li>\n<li>Velika ve\u0107ina na\u0161ih dodataka prehrani proizvodi se u farmaceutskim uvjetima u SAD-u.<\/li>\n<li>Proizvodi se proizvode po principima cGMP (trenutne dobre proizvodne prakse), a vr\u0161i se i stalna kontrola i redovno zakazane revizije od strane FDA (Food and Drug Administration). Radimo u bliskoj saradnji s lokalnim vlastima za izdavanje dozvola kako bismo osigurali da na\u0161im potro\u0161a\u010dima uvijek budu dostupni proizvodi najvi\u0161eg kvaliteta.<\/li>\n<\/ul>\n<p>UPOZORENJE!<br \/>\n\u010cuvati van doma\u0161aja male djece. Preporu\u010dena dnevna doza se ne smije prekora\u010diti. Dodaci prehrani se ne smiju koristiti kao zamjena za raznovrsnu prehranu.<\/p>\n","protected":false},"excerpt":{"rendered":"<p>Koli\u010dina na zalihama: 6 <\/p>\n","protected":false},"featured_media":12218,"comment_status":"closed","ping_status":"open","template":"","meta":[],"product_brand":[],"product_cat":[429],"product_tag":[],"class_list":{"0":"post-10893","1":"product","2":"type-product","3":"status-publish","4":"has-post-thumbnail","6":"product_cat-prirodni-suplementi","8":"first","9":"instock","10":"product-type-external"},"_links":{"self":[{"href":"https:\/\/vitashop.info\/ba\/wp-json\/wp\/v2\/product\/10893","targetHints":{"allow":["GET"]}}],"collection":[{"href":"https:\/\/vitashop.info\/ba\/wp-json\/wp\/v2\/product"}],"about":[{"href":"https:\/\/vitashop.info\/ba\/wp-json\/wp\/v2\/types\/product"}],"replies":[{"embeddable":true,"href":"https:\/\/vitashop.info\/ba\/wp-json\/wp\/v2\/comments?post=10893"}],"wp:featuredmedia":[{"embeddable":true,"href":"https:\/\/vitashop.info\/ba\/wp-json\/wp\/v2\/media\/12218"}],"wp:attachment":[{"href":"https:\/\/vitashop.info\/ba\/wp-json\/wp\/v2\/media?parent=10893"}],"wp:term":[{"taxonomy":"product_brand","embeddable":true,"href":"https:\/\/vitashop.info\/ba\/wp-json\/wp\/v2\/product_brand?post=10893"},{"taxonomy":"product_cat","embeddable":true,"href":"https:\/\/vitashop.info\/ba\/wp-json\/wp\/v2\/product_cat?post=10893"},{"taxonomy":"product_tag","embeddable":true,"href":"https:\/\/vitashop.info\/ba\/wp-json\/wp\/v2\/product_tag?post=10893"}],"curies":[{"name":"wp","href":"https:\/\/api.w.org\/{rel}","templated":true}]}}