{"id":10891,"date":"2024-08-13T17:25:17","date_gmt":"2024-08-13T16:25:17","guid":{"rendered":"https:\/\/vitashop.info\/ba\/produkt\/shake-one-pure-500gr-proteinski-prah-s-okusom-bijele-cokolade-i-maline-sa-secerom-i-sladilima\/"},"modified":"2026-04-14T01:10:22","modified_gmt":"2026-04-14T00:10:22","slug":"shake-one-pure-500gr-proteinski-prah-s-okusom-bijele-cokolade-i-maline-sa-secerom-i-sladilima","status":"publish","type":"product","link":"https:\/\/vitashop.info\/ba\/proizvod\/shake-one-pure-500gr-proteinski-prah-s-okusom-bijele-cokolade-i-maline-sa-secerom-i-sladilima\/","title":{"rendered":"Shake One Pure 500gr &#8211; proteinski prah s okusom bijele \u010dokolade i maline, sa \u0161e\u0107erom i sladilima"},"content":{"rendered":"<p>Doziranje: pomije\u0161ati 1 mjericu (30 g) s 300 ml vode ili mlijeka u shakeru ili blenderu. Dnevno uzeti 1 serviranje. Uzeti kao zamjenski obrok, najbolje za ve\u010deru.<\/p>\n<p>&nbsp;<\/p>\n<p>Opis:<\/p>\n<p>Proteinski prah&nbsp;<strong>na biljnoj bazi<\/strong>&nbsp;s okusom bijele \u010dokolade i maline za nadopunu prehrane tijekom dijete za mr&scaron;avljenje.<\/p>\n<p>&#013;<\/p>\n<p><strong>Ukusni proteinski prah<\/strong>&nbsp;ne sadr\u017ei sirutku i u potpunosti je na biljnoj bazi. Uz kvalitetne biljne proteine i mje&scaron;avinu ugljikohidrata koja sadr\u017ei palatinozu. Shake One Pure je dodatno oboga\u0107en vitaminima, mineralima, enzimima i ekstraktom ploda asaia te&nbsp;<strong>mo\u017ee zamijeniti bilo koji obrok ili me\u0111uobrok<\/strong>.&nbsp;<\/p>\n<p>&#013;<\/p>\n<p><strong>Sadr\u017ei krom<\/strong>&nbsp;koji doprinosi normalnom metabolizmu makronutrijenata i odr\u017eavanju normalne razine glukoze u krvi.<\/p>\n<p>&#013;<\/p>\n<p>Shake One Pure je<strong>&nbsp;veganski proizvod<\/strong>, ne sadr\u017ei sirutku, \u017eivotinjske sastojke, umjetne boje ni konzervanse. Jednostavno se priprema uz dodatak obranog\/biljnog mlijeka ili vode.<\/p>\n<p>&#013;<\/p>\n<p><span class=\"bluetext\"><strong><a href=\"https:\/\/view.publitas.com\/calivita\/calinews-proljece-2021\/page\/12-13\">&gt;&gt;&gt; CaliNews: pro\u010ditajte vi&scaron;e o Shake One Pure<\/a><\/strong><\/span><\/p>\n<p>&nbsp;<\/p>\n<p>&nbsp;<\/p>\n<p>Za\u0161to odabrati Calivita proizvode:<\/p>\n<ul>\n<li>Sa izvanrednim profesionalnim iskustvom, CaliVita ve\u0107 vi\u0161e od 30 godina nudi svoje proizvode koji zadovoljavaju najvi\u0161e standarde kvaliteta.<\/li>\n<li>Uvijek te\u017eimo kori\u0161tenju prirodnih osnovnih materijala koji poti\u010du iz najboljih izvora.<\/li>\n<li>Tokom na\u0161eg razvoja radimo koriste\u0107i bolje apsorpcione, na primjer organske oblike.<\/li>\n<li>Nudimo 100% garanciju kvaliteta za na\u0161e proizvode.<\/li>\n<li>Na\u0161i proizvodi podlije\u017eu strogoj i vi\u0161estrukoj proceduri ispitivanja kako bi se kontinuirano osigurao odli\u010dan kvalitet.<\/li>\n<li>Velika ve\u0107ina na\u0161ih dodataka prehrani proizvodi se u farmaceutskim uvjetima u SAD-u.<\/li>\n<li>Proizvodi se proizvode po principima cGMP (trenutne dobre proizvodne prakse), a vr\u0161i se i stalna kontrola i redovno zakazane revizije od strane FDA (Food and Drug Administration). Radimo u bliskoj saradnji s lokalnim vlastima za izdavanje dozvola kako bismo osigurali da na\u0161im potro\u0161a\u010dima uvijek budu dostupni proizvodi najvi\u0161eg kvaliteta.<\/li>\n<\/ul>\n<p>UPOZORENJE!<br \/>\n\u010cuvati van doma\u0161aja male djece. Preporu\u010dena dnevna doza se ne smije prekora\u010diti. Dodaci prehrani se ne smiju koristiti kao zamjena za raznovrsnu prehranu.<\/p>\n","protected":false},"excerpt":{"rendered":"<p>Koli\u010dina na zalihama: 18446744073709551615 <\/p>\n","protected":false},"featured_media":12282,"comment_status":"closed","ping_status":"open","template":"","meta":[],"product_brand":[],"product_cat":[429],"product_tag":[],"class_list":{"0":"post-10891","1":"product","2":"type-product","3":"status-publish","4":"has-post-thumbnail","6":"product_cat-prirodni-suplementi","8":"first","9":"instock","10":"product-type-external"},"_links":{"self":[{"href":"https:\/\/vitashop.info\/ba\/wp-json\/wp\/v2\/product\/10891","targetHints":{"allow":["GET"]}}],"collection":[{"href":"https:\/\/vitashop.info\/ba\/wp-json\/wp\/v2\/product"}],"about":[{"href":"https:\/\/vitashop.info\/ba\/wp-json\/wp\/v2\/types\/product"}],"replies":[{"embeddable":true,"href":"https:\/\/vitashop.info\/ba\/wp-json\/wp\/v2\/comments?post=10891"}],"wp:featuredmedia":[{"embeddable":true,"href":"https:\/\/vitashop.info\/ba\/wp-json\/wp\/v2\/media\/12282"}],"wp:attachment":[{"href":"https:\/\/vitashop.info\/ba\/wp-json\/wp\/v2\/media?parent=10891"}],"wp:term":[{"taxonomy":"product_brand","embeddable":true,"href":"https:\/\/vitashop.info\/ba\/wp-json\/wp\/v2\/product_brand?post=10891"},{"taxonomy":"product_cat","embeddable":true,"href":"https:\/\/vitashop.info\/ba\/wp-json\/wp\/v2\/product_cat?post=10891"},{"taxonomy":"product_tag","embeddable":true,"href":"https:\/\/vitashop.info\/ba\/wp-json\/wp\/v2\/product_tag?post=10891"}],"curies":[{"name":"wp","href":"https:\/\/api.w.org\/{rel}","templated":true}]}}