{"id":10887,"date":"2026-04-21T01:08:11","date_gmt":"2026-04-21T00:08:11","guid":{"rendered":"https:\/\/vitashop.info\/ba\/produkt\/rhodiolin-120caps-120-kapsula-smanjenje-stresa\/"},"modified":"2026-04-21T01:08:11","modified_gmt":"2026-04-21T00:08:11","slug":"rhodiolin-120caps-120-kapsula-smanjenje-stresa","status":"publish","type":"product","link":"https:\/\/vitashop.info\/ba\/proizvod\/rhodiolin-120caps-120-kapsula-smanjenje-stresa\/","title":{"rendered":"Rhodiolin 120caps 120 kapsula &#8211; Smanjenje stresa"},"content":{"rendered":"<p>Doziranje: Ukoliko ljekar druga\u010dije ne odredi, 3 puta po 1 tabletu dnevno.<\/p>\n<p>&nbsp;<\/p>\n<p>Opis:<\/p>\n<p>Preparat koji sadr\u017ei rijetku ljekovitu biljku pod nazivom Rhodiola rosea, koja je efikasna pomo\u0107 u o\u010duvanju zdravlja.<\/p>\n<p>&nbsp;<\/p>\n<p>Kome se preporu\u010duje?<\/p>\n<p>Rhodiola Rosea je najbolji prirodni adaptogen koja smanjuje &scaron;tetni utjecaj stresa na organizam, podi\u017eu\u0107i imuni sistem i uskla\u0111uju\u0107i hormonalni sustav.<\/p>\n<p>&#013;<\/p>\n<p>Najva\u017enije aktivne komponente u biljci Rhodiola Rosea su rozavin i salidrozid.<\/p>\n<p>&#013;<\/p>\n<p>Njihov me\u0111usobni omjer je od izuzetnog zna\u010daja, a u proizvodu Rhodiolin se ti aktivni sastoci nalaze u idealnom omjeru 5:1, \u010dime osiguravaju visoku kvalitetu i djelotvornost proizvoda.<\/p>\n<p>&#013;<\/p>\n<p>Oni svojim djelovanjem doprinose proizvodnji serotonina i dopamina te na taj na\u010din pozitivno djeluju kod problema aritmije, smanjenja osje\u0107aja boli, poma\u017eu kod depresije, doprinose regulaciji krvnog tlaka, poti\u010du libido, te pove\u0107avaju tjelesnu izdr\u017eljivost i ubrzavaju oporavak cjelokupnog organizma nakon aktivnosti.<\/p>\n<p>&#013;<\/p>\n<p>Uklanjaju\u0107i &scaron;tetne utjecaje stresa, Rhodiola Rosea se preporu\u010duje kod problema dijabetesa, sr\u010danih bolesnika<strong>, <\/strong>te u stabilizaciji funkcija \u017elijezda sa unutarnjim lu\u010denjem (&scaron;titna \u017elijezda).<\/p>\n<p>&#013;<\/p>\n<p>Nisu zabilje\u017eene nikakve nuspojave kori&scaron;tenjem biljke rhodiola rosea, a znanstvena istra\u017eivanja ukazuju i na njeno antimutageno djelovanje, te ja\u010danje kognitivnih funkcija (sposobnost u\u010denja i pam\u0107enja).<\/p>\n<p>&nbsp;<\/p>\n<p>Za\u0161to odabrati Calivita proizvode:<\/p>\n<ul>\n<li>Sa izvanrednim profesionalnim iskustvom, CaliVita ve\u0107 vi\u0161e od 30 godina nudi svoje proizvode koji zadovoljavaju najvi\u0161e standarde kvaliteta.<\/li>\n<li>Uvijek te\u017eimo kori\u0161tenju prirodnih osnovnih materijala koji poti\u010du iz najboljih izvora.<\/li>\n<li>Tokom na\u0161eg razvoja radimo koriste\u0107i bolje apsorpcione, na primjer organske oblike.<\/li>\n<li>Nudimo 100% garanciju kvaliteta za na\u0161e proizvode.<\/li>\n<li>Na\u0161i proizvodi podlije\u017eu strogoj i vi\u0161estrukoj proceduri ispitivanja kako bi se kontinuirano osigurao odli\u010dan kvalitet.<\/li>\n<li>Velika ve\u0107ina na\u0161ih dodataka prehrani proizvodi se u farmaceutskim uvjetima u SAD-u.<\/li>\n<li>Proizvodi se proizvode po principima cGMP (trenutne dobre proizvodne prakse), a vr\u0161i se i stalna kontrola i redovno zakazane revizije od strane FDA (Food and Drug Administration). Radimo u bliskoj saradnji s lokalnim vlastima za izdavanje dozvola kako bismo osigurali da na\u0161im potro\u0161a\u010dima uvijek budu dostupni proizvodi najvi\u0161eg kvaliteta.<\/li>\n<\/ul>\n<p>UPOZORENJE!<br \/>\n\u010cuvati van doma\u0161aja male djece. Preporu\u010dena dnevna doza se ne smije prekora\u010diti. Dodaci prehrani se ne smiju koristiti kao zamjena za raznovrsnu prehranu.<\/p>\n","protected":false},"excerpt":{"rendered":"<p>Koli\u010dina na zalihama: 18446744073709551615 <\/p>\n","protected":false},"featured_media":12120,"comment_status":"closed","ping_status":"open","template":"","meta":[],"product_brand":[],"product_cat":[429],"product_tag":[],"class_list":{"0":"post-10887","1":"product","2":"type-product","3":"status-publish","4":"has-post-thumbnail","6":"product_cat-prirodni-suplementi","8":"first","9":"instock","10":"product-type-external"},"_links":{"self":[{"href":"https:\/\/vitashop.info\/ba\/wp-json\/wp\/v2\/product\/10887","targetHints":{"allow":["GET"]}}],"collection":[{"href":"https:\/\/vitashop.info\/ba\/wp-json\/wp\/v2\/product"}],"about":[{"href":"https:\/\/vitashop.info\/ba\/wp-json\/wp\/v2\/types\/product"}],"replies":[{"embeddable":true,"href":"https:\/\/vitashop.info\/ba\/wp-json\/wp\/v2\/comments?post=10887"}],"wp:featuredmedia":[{"embeddable":true,"href":"https:\/\/vitashop.info\/ba\/wp-json\/wp\/v2\/media\/12120"}],"wp:attachment":[{"href":"https:\/\/vitashop.info\/ba\/wp-json\/wp\/v2\/media?parent=10887"}],"wp:term":[{"taxonomy":"product_brand","embeddable":true,"href":"https:\/\/vitashop.info\/ba\/wp-json\/wp\/v2\/product_brand?post=10887"},{"taxonomy":"product_cat","embeddable":true,"href":"https:\/\/vitashop.info\/ba\/wp-json\/wp\/v2\/product_cat?post=10887"},{"taxonomy":"product_tag","embeddable":true,"href":"https:\/\/vitashop.info\/ba\/wp-json\/wp\/v2\/product_tag?post=10887"}],"curies":[{"name":"wp","href":"https:\/\/api.w.org\/{rel}","templated":true}]}}