{"id":10886,"date":"2026-04-21T01:08:11","date_gmt":"2026-04-21T00:08:11","guid":{"rendered":"https:\/\/vitashop.info\/ba\/produkt\/resveratrol-plus-60-kapsula-resveratrol-sa-q10\/"},"modified":"2026-04-21T01:10:07","modified_gmt":"2026-04-21T00:10:07","slug":"resveratrol-plus-60-kapsula-resveratrol-sa-q10","status":"publish","type":"product","link":"https:\/\/vitashop.info\/ba\/proizvod\/resveratrol-plus-60-kapsula-resveratrol-sa-q10\/","title":{"rendered":"Resveratrol plus 60 kapsula &#8211; Resveratrol sa Q10"},"content":{"rendered":"<p>Doziranje: 1 tableta dnevno<\/p>\n<p>&nbsp;<\/p>\n<p>Opis:<\/p>\n<p>1<br \/>Resveratrol &ndash; specijalno jedinjenje<br \/>Crno vino sadr\u017ei puno polifenola, izme\u0111u ostalog i jedinjenje resveratrol, i to onu formu, koja posjeduje najbolju biolo&scaron;ku aktivnost, odnosno trans-resveratrol. To je jedan jako sna\u017ean antioksidant, koji biljke proizvode kako bi se odbranile od razli\u010ditih infekcija i zaraza; u najve\u0107oj mjeri se nalaze u ko\u017ei i stabljici gro\u017e\u0111a.<br \/>Resveratrol se smatra posebnim, jer u pore\u0111enju sa ostalim tipovima antioksidanata, ovo jedinjenje pru\u017ea mnogo ve\u0107u za&scaron;titu od odre\u0111enih tipova slobodnih radikala<\/p>\n<p>&#013;<\/p>\n<p>&Scaron;ta nudi Resveratrol PLUS?<br \/>Umjerena konzumacija vina se smatra zdravim. Da bi u organizam unijeli velike koli\u010dine resveratrola, trebalo bi popiti dnevno minimum 30 &ndash; 50 litara crnog vina&#8230;<br \/>Mi vama nudimo Resveratrol Plus, pomo\u0107u kojeg bez konzumiranja alkohola mo\u017eete do\u0107i do ovog izvanrednog antioksidanta. Ovo smo upotpunili sa ekstraktom sjemenki gro\u017e\u0111a, koji slu\u017ei za za&scaron;titu vena, kao i sa svima veoma dobro poznatim koenzimom Q10.<\/p>\n<p>&nbsp;<\/p>\n<p>Kome se preporu\u010duje?<\/p>\n<p>Djelovanje<br \/>Resveratrol Plus sadr\u017ei antioksidante koji su veoma posebni i popularni. Njegov sastav pru\u017ea za&scaron;titu od &scaron;tetnih uticaja slobodnih radikala, usporava proces starenja, potpoma\u017ee nesmetano funkcionisanje kardiovaskularnog sistema, i ima zna\u010dajnu ulogu u energetskim procesima \u0107elija.<br \/>Reservatrol PLUS se mo\u017ee preporu\u010diti svima, koji ne \u017eele samo dug, ve\u0107 \u017eivot pun zdravlja&nbsp; i energije.<\/p>\n<p>&#013;<\/p>\n<p>&nbsp;<\/p>\n<p>&#013;<\/p>\n<p>PA\u017dNJA!<br \/>Ukoliko bolujete od neke hroni\u010dne bolesti odnosno uzimate lijekove, potra\u017eite ljekarski savet pre uzimanja preparata<br \/>Preparat ne mo\u017ee zamijeniti raznovrsnu i uravnote\u017eenu ishranu pra\u0107enu zdravim na\u010dinom \u017eivota.<br \/>Nemojte prekora\u010diti preporu\u010dene dnevne koli\u010dine!<br \/>Dr\u017eati van dohvata djece!.<br \/>Resveratrol PLUS&nbsp; &#8211; 60 kapsula<br \/>Resveratrol PLUS aktivni sastojci po kapsuli:<br \/>Ekstrakt resveratrola&nbsp; (50% Trans-resveratrol)&nbsp;&nbsp;&nbsp; 100 mg<br \/>Ekstrakt sjemena gro\u017e\u0111a&nbsp;&nbsp;&nbsp; &nbsp; 50 mg<br \/>Koenzim Q10&nbsp;&nbsp;&nbsp; &nbsp; 20 mg<\/p>\n<p>Primjena: 1 kapsula dnevno ili po preporuci ljekara<\/p>\n<p>&nbsp;<\/p>\n<p>Za\u0161to odabrati Calivita proizvode:<\/p>\n<ul>\n<li>Sa izvanrednim profesionalnim iskustvom, CaliVita ve\u0107 vi\u0161e od 30 godina nudi svoje proizvode koji zadovoljavaju najvi\u0161e standarde kvaliteta.<\/li>\n<li>Uvijek te\u017eimo kori\u0161tenju prirodnih osnovnih materijala koji poti\u010du iz najboljih izvora.<\/li>\n<li>Tokom na\u0161eg razvoja radimo koriste\u0107i bolje apsorpcione, na primjer organske oblike.<\/li>\n<li>Nudimo 100% garanciju kvaliteta za na\u0161e proizvode.<\/li>\n<li>Na\u0161i proizvodi podlije\u017eu strogoj i vi\u0161estrukoj proceduri ispitivanja kako bi se kontinuirano osigurao odli\u010dan kvalitet.<\/li>\n<li>Velika ve\u0107ina na\u0161ih dodataka prehrani proizvodi se u farmaceutskim uvjetima u SAD-u.<\/li>\n<li>Proizvodi se proizvode po principima cGMP (trenutne dobre proizvodne prakse), a vr\u0161i se i stalna kontrola i redovno zakazane revizije od strane FDA (Food and Drug Administration). Radimo u bliskoj saradnji s lokalnim vlastima za izdavanje dozvola kako bismo osigurali da na\u0161im potro\u0161a\u010dima uvijek budu dostupni proizvodi najvi\u0161eg kvaliteta.<\/li>\n<\/ul>\n<p>UPOZORENJE!<br \/>\n\u010cuvati van doma\u0161aja male djece. Preporu\u010dena dnevna doza se ne smije prekora\u010diti. Dodaci prehrani se ne smiju koristiti kao zamjena za raznovrsnu prehranu.<\/p>\n","protected":false},"excerpt":{"rendered":"<p>Koli\u010dina na zalihama: 57 <\/p>\n","protected":false},"featured_media":12202,"comment_status":"closed","ping_status":"open","template":"","meta":[],"product_brand":[],"product_cat":[429],"product_tag":[],"class_list":{"0":"post-10886","1":"product","2":"type-product","3":"status-publish","4":"has-post-thumbnail","6":"product_cat-prirodni-suplementi","8":"first","9":"instock","10":"product-type-external"},"_links":{"self":[{"href":"https:\/\/vitashop.info\/ba\/wp-json\/wp\/v2\/product\/10886","targetHints":{"allow":["GET"]}}],"collection":[{"href":"https:\/\/vitashop.info\/ba\/wp-json\/wp\/v2\/product"}],"about":[{"href":"https:\/\/vitashop.info\/ba\/wp-json\/wp\/v2\/types\/product"}],"replies":[{"embeddable":true,"href":"https:\/\/vitashop.info\/ba\/wp-json\/wp\/v2\/comments?post=10886"}],"wp:featuredmedia":[{"embeddable":true,"href":"https:\/\/vitashop.info\/ba\/wp-json\/wp\/v2\/media\/12202"}],"wp:attachment":[{"href":"https:\/\/vitashop.info\/ba\/wp-json\/wp\/v2\/media?parent=10886"}],"wp:term":[{"taxonomy":"product_brand","embeddable":true,"href":"https:\/\/vitashop.info\/ba\/wp-json\/wp\/v2\/product_brand?post=10886"},{"taxonomy":"product_cat","embeddable":true,"href":"https:\/\/vitashop.info\/ba\/wp-json\/wp\/v2\/product_cat?post=10886"},{"taxonomy":"product_tag","embeddable":true,"href":"https:\/\/vitashop.info\/ba\/wp-json\/wp\/v2\/product_tag?post=10886"}],"curies":[{"name":"wp","href":"https:\/\/api.w.org\/{rel}","templated":true}]}}