{"id":10875,"date":"2026-04-21T01:08:09","date_gmt":"2026-04-21T00:08:09","guid":{"rendered":"https:\/\/vitashop.info\/ba\/produkt\/panax-ginseng-100-tableta-energetik\/"},"modified":"2026-04-21T01:10:06","modified_gmt":"2026-04-21T00:10:06","slug":"panax-ginseng-100-tableta-energetik","status":"publish","type":"product","link":"https:\/\/vitashop.info\/ba\/proizvod\/panax-ginseng-100-tableta-energetik\/","title":{"rendered":"Panax Ginseng 100 tableta &#8211; ENERGETIK"},"content":{"rendered":"<p>Doziranje: Popiti 1 tabletu dnevno s vodom na prazan \u017eeldac.<\/p>\n<p>&nbsp;<\/p>\n<p>Opis:<\/p>\n<p>Korejski ginseng je poznata adaptogena biljka. Ginseng se jo&scaron; naziva i korijenom \u017eivota, jer poma\u017ee odr\u017eati vitalnost organizma.<\/p>\n<p>&nbsp;<\/p>\n<p>Kome se preporu\u010duje?<\/p>\n<p>Ginseng je drevna biljka koja se u ljudskoj prehrani i tradicionalnoj medicini primijenjuje vi&scaron;e od 5000 godina. Zbog brojnih ljekovitih svojstava, Kinezi ga smatraju \u010dudotvornim iscjeljiteljskom biljkom. Ginseng je poznati energetik koji ja\u010da izdr\u017eljivost organizma i&nbsp;<strong>doprinosi ukupnoj vitalnosti<\/strong>. Doprinosi odr\u017eavanju&nbsp;<strong>kognitivnih performansi<\/strong>&nbsp;&ndash; doprinosi optimalnoj mentalnoj i kognitivnoj aktivnosti, poma\u017ee u odr\u017eavanju tjelesnih i mentalnih sposobnosti u slu\u010dajevima slabosti, iscrpljenosti, umora i gubitka koncentracije.<\/p>\n<p>&#013;<\/p>\n<p>Doprinosi normalnoj&nbsp;<strong>funkciji imunolo&scaron;kog sustava i&nbsp;<\/strong><strong>smanjenju umora<\/strong>.<\/p>\n<p>&nbsp;<\/p>\n<p>Za\u0161to odabrati Calivita proizvode:<\/p>\n<ul>\n<li>Sa izvanrednim profesionalnim iskustvom, CaliVita ve\u0107 vi\u0161e od 30 godina nudi svoje proizvode koji zadovoljavaju najvi\u0161e standarde kvaliteta.<\/li>\n<li>Uvijek te\u017eimo kori\u0161tenju prirodnih osnovnih materijala koji poti\u010du iz najboljih izvora.<\/li>\n<li>Tokom na\u0161eg razvoja radimo koriste\u0107i bolje apsorpcione, na primjer organske oblike.<\/li>\n<li>Nudimo 100% garanciju kvaliteta za na\u0161e proizvode.<\/li>\n<li>Na\u0161i proizvodi podlije\u017eu strogoj i vi\u0161estrukoj proceduri ispitivanja kako bi se kontinuirano osigurao odli\u010dan kvalitet.<\/li>\n<li>Velika ve\u0107ina na\u0161ih dodataka prehrani proizvodi se u farmaceutskim uvjetima u SAD-u.<\/li>\n<li>Proizvodi se proizvode po principima cGMP (trenutne dobre proizvodne prakse), a vr\u0161i se i stalna kontrola i redovno zakazane revizije od strane FDA (Food and Drug Administration). Radimo u bliskoj saradnji s lokalnim vlastima za izdavanje dozvola kako bismo osigurali da na\u0161im potro\u0161a\u010dima uvijek budu dostupni proizvodi najvi\u0161eg kvaliteta.<\/li>\n<\/ul>\n<p>UPOZORENJE!<br \/>\n\u010cuvati van doma\u0161aja male djece. Preporu\u010dena dnevna doza se ne smije prekora\u010diti. Dodaci prehrani se ne smiju koristiti kao zamjena za raznovrsnu prehranu.<\/p>\n","protected":false},"excerpt":{"rendered":"<p>Koli\u010dina na zalihama: 23 <\/p>\n","protected":false},"featured_media":12187,"comment_status":"closed","ping_status":"open","template":"","meta":[],"product_brand":[],"product_cat":[429],"product_tag":[],"class_list":{"0":"post-10875","1":"product","2":"type-product","3":"status-publish","4":"has-post-thumbnail","6":"product_cat-prirodni-suplementi","8":"first","9":"instock","10":"product-type-external"},"_links":{"self":[{"href":"https:\/\/vitashop.info\/ba\/wp-json\/wp\/v2\/product\/10875","targetHints":{"allow":["GET"]}}],"collection":[{"href":"https:\/\/vitashop.info\/ba\/wp-json\/wp\/v2\/product"}],"about":[{"href":"https:\/\/vitashop.info\/ba\/wp-json\/wp\/v2\/types\/product"}],"replies":[{"embeddable":true,"href":"https:\/\/vitashop.info\/ba\/wp-json\/wp\/v2\/comments?post=10875"}],"wp:featuredmedia":[{"embeddable":true,"href":"https:\/\/vitashop.info\/ba\/wp-json\/wp\/v2\/media\/12187"}],"wp:attachment":[{"href":"https:\/\/vitashop.info\/ba\/wp-json\/wp\/v2\/media?parent=10875"}],"wp:term":[{"taxonomy":"product_brand","embeddable":true,"href":"https:\/\/vitashop.info\/ba\/wp-json\/wp\/v2\/product_brand?post=10875"},{"taxonomy":"product_cat","embeddable":true,"href":"https:\/\/vitashop.info\/ba\/wp-json\/wp\/v2\/product_cat?post=10875"},{"taxonomy":"product_tag","embeddable":true,"href":"https:\/\/vitashop.info\/ba\/wp-json\/wp\/v2\/product_tag?post=10875"}],"curies":[{"name":"wp","href":"https:\/\/api.w.org\/{rel}","templated":true}]}}