{"id":10851,"date":"2026-04-21T01:08:08","date_gmt":"2026-04-21T00:08:08","guid":{"rendered":"https:\/\/vitashop.info\/ba\/produkt\/iron-plus-100-tableta-zeljezo-sa-vitaminom-c\/"},"modified":"2026-04-21T01:10:05","modified_gmt":"2026-04-21T00:10:05","slug":"iron-plus-100-tableta-zeljezo-sa-vitaminom-c","status":"publish","type":"product","link":"https:\/\/vitashop.info\/ba\/proizvod\/iron-plus-100-tableta-zeljezo-sa-vitaminom-c\/","title":{"rendered":"Iron Plus 100 tableta &#8211; \u017deljezo sa vitaminom C"},"content":{"rendered":"<p>Doziranje: Ukoliko ljekar druga\u010dije ne odredi, 1 tableta dnevno, poslije obroka.<\/p>\n<p>&nbsp;<\/p>\n<p>Opis:<\/p>\n<p><strong>Tablete gvo\u017eda<\/strong> se savr&scaron;enom apsorpcijom koju omogu\u0107uje helatna (organska) veza, <strong>vitamin C i bioflavonoidi.<\/strong><\/p>\n<p>&nbsp;<\/p>\n<p>Kome se preporu\u010duje?<\/p>\n<p><strong>Gvo\u017ede<\/strong> je mineral koji je neophodan za \u017eivot. On je potreban za nastajanje crvenih krvnih zrnaca (hemoglobin) i za formiranje nekih enzima. Do gvo\u017eda dolazimo putem ishrane, ali se od tako unesene koli\u010dine samo 2-20 procenata apsorbuje i stvarno sti\u017ee u cirkulaciju. Stoga smo uglavnom upu\u0107eni da uzimamo suplementame preparate. Prvenstveno od gvo\u017e\u0111a zavisi koja koli\u010dina kiseonika \u0107e sti\u0107i do mozga, srca, jetre, mi&scaron;i\u0107a i ostalih tkiva. <strong>Gvo\u017e\u0111e poma\u017ee rast, pove\u0107ava odbrambenu sposobnost od bolesti i predupre\u0111uje zamor.<\/strong> Ono mo\u017ee da sprije\u010di i lije\u010di anemiju prouzrokovanu nedostatkom gvo\u017e\u0111a i mo\u017ee da ko\u017ei povrati njen prirodno dobar tonus.<\/p>\n<p>&#013;<\/p>\n<p><em><strong>\u010celi\u010dno zdravlje.<\/strong><\/em><\/p>\n<p>&nbsp;<\/p>\n<p>Za\u0161to odabrati Calivita proizvode:<\/p>\n<ul>\n<li>Sa izvanrednim profesionalnim iskustvom, CaliVita ve\u0107 vi\u0161e od 30 godina nudi svoje proizvode koji zadovoljavaju najvi\u0161e standarde kvaliteta.<\/li>\n<li>Uvijek te\u017eimo kori\u0161tenju prirodnih osnovnih materijala koji poti\u010du iz najboljih izvora.<\/li>\n<li>Tokom na\u0161eg razvoja radimo koriste\u0107i bolje apsorpcione, na primjer organske oblike.<\/li>\n<li>Nudimo 100% garanciju kvaliteta za na\u0161e proizvode.<\/li>\n<li>Na\u0161i proizvodi podlije\u017eu strogoj i vi\u0161estrukoj proceduri ispitivanja kako bi se kontinuirano osigurao odli\u010dan kvalitet.<\/li>\n<li>Velika ve\u0107ina na\u0161ih dodataka prehrani proizvodi se u farmaceutskim uvjetima u SAD-u.<\/li>\n<li>Proizvodi se proizvode po principima cGMP (trenutne dobre proizvodne prakse), a vr\u0161i se i stalna kontrola i redovno zakazane revizije od strane FDA (Food and Drug Administration). Radimo u bliskoj saradnji s lokalnim vlastima za izdavanje dozvola kako bismo osigurali da na\u0161im potro\u0161a\u010dima uvijek budu dostupni proizvodi najvi\u0161eg kvaliteta.<\/li>\n<\/ul>\n<p>UPOZORENJE!<br \/>\n\u010cuvati van doma\u0161aja male djece. Preporu\u010dena dnevna doza se ne smije prekora\u010diti. Dodaci prehrani se ne smiju koristiti kao zamjena za raznovrsnu prehranu.<\/p>\n","protected":false},"excerpt":{"rendered":"<p>Koli\u010dina na zalihama: 224 <\/p>\n","protected":false},"featured_media":12164,"comment_status":"closed","ping_status":"open","template":"","meta":[],"product_brand":[],"product_cat":[429],"product_tag":[],"class_list":{"0":"post-10851","1":"product","2":"type-product","3":"status-publish","4":"has-post-thumbnail","6":"product_cat-prirodni-suplementi","8":"first","9":"instock","10":"product-type-external"},"_links":{"self":[{"href":"https:\/\/vitashop.info\/ba\/wp-json\/wp\/v2\/product\/10851","targetHints":{"allow":["GET"]}}],"collection":[{"href":"https:\/\/vitashop.info\/ba\/wp-json\/wp\/v2\/product"}],"about":[{"href":"https:\/\/vitashop.info\/ba\/wp-json\/wp\/v2\/types\/product"}],"replies":[{"embeddable":true,"href":"https:\/\/vitashop.info\/ba\/wp-json\/wp\/v2\/comments?post=10851"}],"wp:featuredmedia":[{"embeddable":true,"href":"https:\/\/vitashop.info\/ba\/wp-json\/wp\/v2\/media\/12164"}],"wp:attachment":[{"href":"https:\/\/vitashop.info\/ba\/wp-json\/wp\/v2\/media?parent=10851"}],"wp:term":[{"taxonomy":"product_brand","embeddable":true,"href":"https:\/\/vitashop.info\/ba\/wp-json\/wp\/v2\/product_brand?post=10851"},{"taxonomy":"product_cat","embeddable":true,"href":"https:\/\/vitashop.info\/ba\/wp-json\/wp\/v2\/product_cat?post=10851"},{"taxonomy":"product_tag","embeddable":true,"href":"https:\/\/vitashop.info\/ba\/wp-json\/wp\/v2\/product_tag?post=10851"}],"curies":[{"name":"wp","href":"https:\/\/api.w.org\/{rel}","templated":true}]}}