{"id":10847,"date":"2026-04-21T01:08:07","date_gmt":"2026-04-21T00:08:07","guid":{"rendered":"https:\/\/vitashop.info\/ba\/produkt\/gummy-kids-100-gumenih-medvjedica-multivitaminski-gumeni-medvjedici\/"},"modified":"2026-04-21T01:10:12","modified_gmt":"2026-04-21T00:10:12","slug":"gummy-kids-100-gumenih-medvjedica-multivitaminski-gumeni-medvjedici","status":"publish","type":"product","link":"https:\/\/vitashop.info\/ba\/proizvod\/gummy-kids-100-gumenih-medvjedica-multivitaminski-gumeni-medvjedici\/","title":{"rendered":"Gummy Kids 100 gumenih medvjedi\u0107a &#8211; MULTIVITAMINSKI GUMENI MEDVJEDI\u0106I"},"content":{"rendered":"<p>Doziranje: Djeca starija od 4 godine i odrasli sa\u017evakati 2 gumena medvjedi\u0107a dnevno nakon obroka.<\/p>\n<p>&nbsp;<\/p>\n<p>Opis:<\/p>\n<p>Gummy Kids su ukusni multivitaminski gumeni bomboni u obliku medvjedi\u0107a posebno razvijeni za djecu. &Scaron;areni gumeni medvjedi\u0107i s okusom jagode i jabuke sadr\u017ee va\u017ene vitamine i minerale potrebne za uravnote\u017een razvoj djece &#8211; vitamine C, B6, B12 i folnu kiselinu za normalnu funkciju imunolo&scaron;kog sustava, vitamin D za normalan rast i razvoj kostiju kod djece, te minerale cink i jod koji doprinose&nbsp;normalnoj kognitivnoj funkciji. Na&scaron; proizvod je napravljen uz dodatak prirodnih aroma i prirodnih boja i ne sadr\u017ei sladila. Namijenjen je djeci od 4. godine, a mogu ga uzimati i odrasli.<\/p>\n<p>&nbsp;<\/p>\n<p>&nbsp;<\/p>\n<p>Za\u0161to odabrati Calivita proizvode:<\/p>\n<ul>\n<li>Sa izvanrednim profesionalnim iskustvom, CaliVita ve\u0107 vi\u0161e od 30 godina nudi svoje proizvode koji zadovoljavaju najvi\u0161e standarde kvaliteta.<\/li>\n<li>Uvijek te\u017eimo kori\u0161tenju prirodnih osnovnih materijala koji poti\u010du iz najboljih izvora.<\/li>\n<li>Tokom na\u0161eg razvoja radimo koriste\u0107i bolje apsorpcione, na primjer organske oblike.<\/li>\n<li>Nudimo 100% garanciju kvaliteta za na\u0161e proizvode.<\/li>\n<li>Na\u0161i proizvodi podlije\u017eu strogoj i vi\u0161estrukoj proceduri ispitivanja kako bi se kontinuirano osigurao odli\u010dan kvalitet.<\/li>\n<li>Velika ve\u0107ina na\u0161ih dodataka prehrani proizvodi se u farmaceutskim uvjetima u SAD-u.<\/li>\n<li>Proizvodi se proizvode po principima cGMP (trenutne dobre proizvodne prakse), a vr\u0161i se i stalna kontrola i redovno zakazane revizije od strane FDA (Food and Drug Administration). Radimo u bliskoj saradnji s lokalnim vlastima za izdavanje dozvola kako bismo osigurali da na\u0161im potro\u0161a\u010dima uvijek budu dostupni proizvodi najvi\u0161eg kvaliteta.<\/li>\n<\/ul>\n<p>UPOZORENJE!<br \/>\n\u010cuvati van doma\u0161aja male djece. Preporu\u010dena dnevna doza se ne smije prekora\u010diti. Dodaci prehrani se ne smiju koristiti kao zamjena za raznovrsnu prehranu.<\/p>\n","protected":false},"excerpt":{"rendered":"<p>Koli\u010dina na zalihama: 22 <\/p>\n","protected":false},"featured_media":11481,"comment_status":"closed","ping_status":"open","template":"","meta":[],"product_brand":[],"product_cat":[429],"product_tag":[],"class_list":{"0":"post-10847","1":"product","2":"type-product","3":"status-publish","4":"has-post-thumbnail","6":"product_cat-prirodni-suplementi","8":"first","9":"instock","10":"product-type-external"},"_links":{"self":[{"href":"https:\/\/vitashop.info\/ba\/wp-json\/wp\/v2\/product\/10847","targetHints":{"allow":["GET"]}}],"collection":[{"href":"https:\/\/vitashop.info\/ba\/wp-json\/wp\/v2\/product"}],"about":[{"href":"https:\/\/vitashop.info\/ba\/wp-json\/wp\/v2\/types\/product"}],"replies":[{"embeddable":true,"href":"https:\/\/vitashop.info\/ba\/wp-json\/wp\/v2\/comments?post=10847"}],"wp:featuredmedia":[{"embeddable":true,"href":"https:\/\/vitashop.info\/ba\/wp-json\/wp\/v2\/media\/11481"}],"wp:attachment":[{"href":"https:\/\/vitashop.info\/ba\/wp-json\/wp\/v2\/media?parent=10847"}],"wp:term":[{"taxonomy":"product_brand","embeddable":true,"href":"https:\/\/vitashop.info\/ba\/wp-json\/wp\/v2\/product_brand?post=10847"},{"taxonomy":"product_cat","embeddable":true,"href":"https:\/\/vitashop.info\/ba\/wp-json\/wp\/v2\/product_cat?post=10847"},{"taxonomy":"product_tag","embeddable":true,"href":"https:\/\/vitashop.info\/ba\/wp-json\/wp\/v2\/product_tag?post=10847"}],"curies":[{"name":"wp","href":"https:\/\/api.w.org\/{rel}","templated":true}]}}