{"id":10845,"date":"2026-04-21T01:08:07","date_gmt":"2026-04-21T00:08:07","guid":{"rendered":"https:\/\/vitashop.info\/ba\/produkt\/glumup-500g-formula-s-visokim-sadrzajem-kolagena-u-kombinaciji-s-hijaluronskom-kiselinom-coq10-i-kompleksom-antioksidansa\/"},"modified":"2026-04-21T01:10:11","modified_gmt":"2026-04-21T00:10:11","slug":"glumup-500g-formula-s-visokim-sadrzajem-kolagena-u-kombinaciji-s-hijaluronskom-kiselinom-coq10-i-kompleksom-antioksidansa","status":"publish","type":"product","link":"https:\/\/vitashop.info\/ba\/proizvod\/glumup-500g-formula-s-visokim-sadrzajem-kolagena-u-kombinaciji-s-hijaluronskom-kiselinom-coq10-i-kompleksom-antioksidansa\/","title":{"rendered":"GlumUp 500g &#8211; formula s visokim sadr\u017eajem kolagena u kombinaciji s hijaluronskom kiselinom, CoQ10 i kompleksom antioksidansa"},"content":{"rendered":"<p>Doziranje: Pomije\u0161ati 1 mjericu (17 g) s 250 ml vode i popiti izme\u0111u obroka. Dnevno uzeti 1 serviranje.<\/p>\n<p>&nbsp;<\/p>\n<p>Opis:<\/p>\n<p><strong>#glamUp<\/strong>&nbsp;sadr\u017ei najnoviju formulu sa visokim sadr\u017eajem kolagena I i III (\u010dak 10000 mg u svakoj dozi!) u kombinaciji s hijaluronskom kiselinom te esencijalnim antioksidansima &#8211; koenzimom Q10, vitaminom E, elagi\u010dnom kiselinom, lipoi\u010dnom kiselinom, beta karotenom, likopenom, luteinom i zeaksantinom.<\/p>\n<p>&#013;<\/p>\n<p><strong>#glamUp<\/strong>&nbsp;je u formi praha, finog okusa limuna, priprema se kao napitak, te ne sadr\u017ei konzervanse, boje, dodane &scaron;e\u0107ere, gluten, soju i GMO.<\/p>\n<p>&nbsp;<\/p>\n<p>Kome se preporu\u010duje?<\/p>\n<p>GlamUp sadr\u017ei hidrolizirani oblik kolagena koji ljudski probavni sustav vrlo lako probavlja i apsorbira.&nbsp;<strong>Ali za potpuni u\u010dinak, iznimno je bitno da se uz kolagen unose i druge, u procesu obnove, prijeko potrebne tvari. A to su hijaluronska kiselina, koenzim Q10, te antioksidansi.<\/strong><\/p>\n<p>&#013;<\/p>\n<p><strong>Kolagen<\/strong>&nbsp;je bjelan\u010devina, glavna sastavnica vezivnog tkiva. Kolagen tip I najprisutniji je u ko\u017ei i kostima, tetivama i ligamentima dok se kolagen tip III nalazi u krvnim \u017eilama, maternici, probavnom sustavu, a djeluje i kao kopolimer kolagena tipa I u mnogim tkivima, uklju\u010duju\u0107i ko\u017eu, tetive, ligamente, parodontalni ligament i sinovijalne membrane zglobova.<\/p>\n<p>&#013;<\/p>\n<p>S obzirom da nakon 25-te godine \u017eivota tijelo prosje\u010dno gubi 1,5 posto kolagena godi&scaron;nje, taj se gubitak negativno odra\u017eava kako na izgled tako na i funkciju cijelog tijela i sustava kojih su dio. Posljedica su problemi i poreme\u0107aji poput bora, celulita, strija, gubitka tonusa ko\u017ee, gubitka i propadanja kvalitete kose, artritis, uko\u010denost, mi&scaron;i\u0107ne ozljede, no posljedice su znatno izra\u017eene i u vidu smanjene funkcije imuniteta, problem u zadr\u017eavanju vode i hidrataciji tkiva, propadanju krvnih \u017eila, cjelovitosti crijevne sluznice itd.<\/p>\n<p>&#013;<\/p>\n<p><strong>Ceramidi<\/strong>&nbsp;su lipidi koji \u010dine sastavni dio ro\u017enatog sloja ko\u017ee,&nbsp;a poma\u017eu u odr\u017eavanju i ja\u010danju ko\u017ene barijere, sprje\u010davaju gubitak vode i time odr\u017eavaju vla\u017enost ko\u017ee. Fitoceramidi su biljni ceramidi prirodno prisutni u batatu.<\/p>\n<p>&nbsp;<\/p>\n<p>Za\u0161to odabrati Calivita proizvode:<\/p>\n<ul>\n<li>Sa izvanrednim profesionalnim iskustvom, CaliVita ve\u0107 vi\u0161e od 30 godina nudi svoje proizvode koji zadovoljavaju najvi\u0161e standarde kvaliteta.<\/li>\n<li>Uvijek te\u017eimo kori\u0161tenju prirodnih osnovnih materijala koji poti\u010du iz najboljih izvora.<\/li>\n<li>Tokom na\u0161eg razvoja radimo koriste\u0107i bolje apsorpcione, na primjer organske oblike.<\/li>\n<li>Nudimo 100% garanciju kvaliteta za na\u0161e proizvode.<\/li>\n<li>Na\u0161i proizvodi podlije\u017eu strogoj i vi\u0161estrukoj proceduri ispitivanja kako bi se kontinuirano osigurao odli\u010dan kvalitet.<\/li>\n<li>Velika ve\u0107ina na\u0161ih dodataka prehrani proizvodi se u farmaceutskim uvjetima u SAD-u.<\/li>\n<li>Proizvodi se proizvode po principima cGMP (trenutne dobre proizvodne prakse), a vr\u0161i se i stalna kontrola i redovno zakazane revizije od strane FDA (Food and Drug Administration). Radimo u bliskoj saradnji s lokalnim vlastima za izdavanje dozvola kako bismo osigurali da na\u0161im potro\u0161a\u010dima uvijek budu dostupni proizvodi najvi\u0161eg kvaliteta.<\/li>\n<\/ul>\n<p>UPOZORENJE!<br \/>\n\u010cuvati van doma\u0161aja male djece. Preporu\u010dena dnevna doza se ne smije prekora\u010diti. Dodaci prehrani se ne smiju koristiti kao zamjena za raznovrsnu prehranu.<\/p>\n","protected":false},"excerpt":{"rendered":"<p>Koli\u010dina na zalihama: 70 <\/p>\n","protected":false},"featured_media":12273,"comment_status":"closed","ping_status":"open","template":"","meta":[],"product_brand":[],"product_cat":[429],"product_tag":[],"class_list":{"0":"post-10845","1":"product","2":"type-product","3":"status-publish","4":"has-post-thumbnail","6":"product_cat-prirodni-suplementi","8":"first","9":"instock","10":"product-type-external"},"_links":{"self":[{"href":"https:\/\/vitashop.info\/ba\/wp-json\/wp\/v2\/product\/10845","targetHints":{"allow":["GET"]}}],"collection":[{"href":"https:\/\/vitashop.info\/ba\/wp-json\/wp\/v2\/product"}],"about":[{"href":"https:\/\/vitashop.info\/ba\/wp-json\/wp\/v2\/types\/product"}],"replies":[{"embeddable":true,"href":"https:\/\/vitashop.info\/ba\/wp-json\/wp\/v2\/comments?post=10845"}],"wp:featuredmedia":[{"embeddable":true,"href":"https:\/\/vitashop.info\/ba\/wp-json\/wp\/v2\/media\/12273"}],"wp:attachment":[{"href":"https:\/\/vitashop.info\/ba\/wp-json\/wp\/v2\/media?parent=10845"}],"wp:term":[{"taxonomy":"product_brand","embeddable":true,"href":"https:\/\/vitashop.info\/ba\/wp-json\/wp\/v2\/product_brand?post=10845"},{"taxonomy":"product_cat","embeddable":true,"href":"https:\/\/vitashop.info\/ba\/wp-json\/wp\/v2\/product_cat?post=10845"},{"taxonomy":"product_tag","embeddable":true,"href":"https:\/\/vitashop.info\/ba\/wp-json\/wp\/v2\/product_tag?post=10845"}],"curies":[{"name":"wp","href":"https:\/\/api.w.org\/{rel}","templated":true}]}}