{"id":10833,"date":"2026-04-14T01:08:05","date_gmt":"2026-04-14T00:08:05","guid":{"rendered":"https:\/\/vitashop.info\/ba\/produkt\/curcuma-pro-60-tab\/"},"modified":"2026-04-14T01:10:22","modified_gmt":"2026-04-14T00:10:22","slug":"curcuma-pro-60-tab","status":"publish","type":"product","link":"https:\/\/vitashop.info\/ba\/proizvod\/curcuma-pro-60-tab\/","title":{"rendered":"Curcuma Pro 60 tab &#8211;"},"content":{"rendered":"<p>Doziranje: Popiti 1 tabletu dnevno poslije obroka ili prema savjetu stru\u010dne osobe.<\/p>\n<p>&nbsp;<\/p>\n<p>Opis:<\/p>\n<p>Sadr\u017eaj kurkumina u kurkumi je samo 3%, pa je potrebno pojesti jako puno praha kurkume da bi se u organizam unijela terapijska koli\u010dina kurkumina. Zato postoje iscrpine tj. ekstrakti &ndash; kao &scaron;to sama rije\u010d ka\u017ee, iz sirovine (kurkume) se iscrpljuju (izvla\u010de ili ekstrahiraju) aktivni sastojci kako bi se postigla terapijski zna\u010dajna koli\u010dina u obliku nadopuna prehrani. Na taj se na\u010din se u samo jednoj kapsuli Curcuma Pro dobiva ona koli\u010dina djelatnih tvari koju bismo, ina\u010de dobili u 7200 mg praha kurkume. Drugi razlog za&scaron;to je korisnije koristiti Curcuma Pro je zbog problema sposobnost tijela da upije tj. apsorbira kurkumin. Naime, kori&scaron;tenje praha kurkume, iako zdravo i preporu\u010dljivo, nikako ne mo\u017ee osigurati onu razinu iskoristivosti kurkuminoida s obzirom da se radi o velikim molekulama koje na&scaron;a crijeva te&scaron;ko upijaju. Zbog toga Calivitin Curcuma Pro sadr\u017ei i za&scaron;ti\u0107eni oblik kurkumina &#8211; MicroActive&reg; formulu gdje je aktivna tvar prisutna u mikro-\u010desticama osiguravaju\u0107i jo&scaron; bolje upijanje i iskori&scaron;tenje. Proizvod dodatno sadr\u017ei i BioPerine&reg; &#8211; iscrpinu papra, koja slu\u017ei za maksimalno upijanje kurkumina. Curcuma Pro je visoko kvalitetna i iskoristiva formula \u010dije aktivne tvari mogu posti\u0107i maksimalan terapijski u\u010dinak za tijelo<\/p>\n<p>&nbsp;<\/p>\n<p>Kome se preporu\u010duje?<\/p>\n<div class=\"col_title_frame\"><a class=\"labels_bold col_title col_close\">AKTIVNI SASTOJCI<\/a><\/div>\n<p>&#013;<\/p>\n<div class=\"details_cnv_ingred col_body\">&#013;<\/p>\n<div class=\"details_ingr_col\">&#013;<\/p>\n<div class=\"details_ingr_col_one\">&#013;<\/p>\n<div class=\"details_ing_val\">&nbsp;<\/div>\n<p>&#013;<\/p>\n<div class=\"details_ing_unit\">&nbsp;<\/div>\n<p>&#013;<\/p>\n<div class=\"details_ing_comp\"><strong>u 1 tableti<\/strong><\/div>\n<p>&#013;\n<\/p><\/div>\n<p>&#013;<\/p>\n<div class=\"details_ingr_col_one\">&#013;<\/p>\n<div class=\"details_ing_val\">200mg<\/div>\n<p>&#013;<\/p>\n<div class=\"details_ing_comp\">ekstrakt korijena kurkume (Curcuma longa, std. 95% kurkuminoida)<\/div>\n<p>&#013;\n<\/p><\/div>\n<p>&#013;<\/p>\n<div class=\"details_ingr_col_one\">&#013;<\/p>\n<div class=\"details_ing_val\">200mg<\/div>\n<p>&#013;<\/p>\n<div class=\"details_ing_comp\">ekstrakt korijena kurkume (Curcuma longa, 4:1)<\/div>\n<p>&#013;\n<\/p><\/div>\n<p>&#013;<\/p>\n<div class=\"details_ingr_col_one\">&#013;<\/p>\n<div class=\"details_ing_val\">25mg<\/div>\n<p>&#013;<\/p>\n<div class=\"details_ing_comp\">Mikroaktivni&reg; kurkumin (Curcuma longa, 1:4, std. na 25% kurkuminoida)<\/div>\n<p>&#013;\n<\/p><\/div>\n<p>&#013;<\/p>\n<div class=\"details_ingr_col_one\">&#013;<\/p>\n<div class=\"details_ing_val\">5mg<\/div>\n<p>&#013;<\/p>\n<div class=\"details_ing_comp\">BioPerin&reg;, ekstrakt ploda crnog papra (Piper nigrum, 50:1)<\/div>\n<p>&#013;\n<\/p><\/div>\n<p>&#013;<\/p>\n<div class=\"details_ingr_col_one\">&#013;<\/p>\n<div class=\"details_ing_val\">1.5mg<\/div>\n<p>&#013;<\/p>\n<div class=\"details_ing_comp\">masne kiseline srednjeg lanca<\/div>\n<p>&#013;\n<\/p><\/div>\n<p>&#013;\n<\/p><\/div>\n<p>&#013;\n<\/p><\/div>\n<p>&#013;<\/p>\n<div class=\"details_white col_body\">Sastojci:&#013;<\/p>\n<p>regulator kiselosti: dikalcijev fosfat, Curcuma longa, emulgator: mikrokristalini\u010dna celuloza, kurkumin, zgu&scaron;njiva\u010d: hidroksipropil metil celuloza, stabilizator: stearinska kiselina, Piper nigrum, tvari protiv zgrudnjavanja: magnezijeve soli masnih kiselina i silicijev dioksid, emulgator: poliglicerol mono oleat, masne kiseline srednjeg lanca, tvar za zadr\u017eavanje vlage: triacetin, zgu&scaron;njiva\u010d: natrijev alginat<\/p>\n<p>&#013;\n<\/p><\/div>\n<p>&nbsp;<\/p>\n<p>Za\u0161to odabrati Calivita proizvode:<\/p>\n<ul>\n<li>Sa izvanrednim profesionalnim iskustvom, CaliVita ve\u0107 vi\u0161e od 30 godina nudi svoje proizvode koji zadovoljavaju najvi\u0161e standarde kvaliteta.<\/li>\n<li>Uvijek te\u017eimo kori\u0161tenju prirodnih osnovnih materijala koji poti\u010du iz najboljih izvora.<\/li>\n<li>Tokom na\u0161eg razvoja radimo koriste\u0107i bolje apsorpcione, na primjer organske oblike.<\/li>\n<li>Nudimo 100% garanciju kvaliteta za na\u0161e proizvode.<\/li>\n<li>Na\u0161i proizvodi podlije\u017eu strogoj i vi\u0161estrukoj proceduri ispitivanja kako bi se kontinuirano osigurao odli\u010dan kvalitet.<\/li>\n<li>Velika ve\u0107ina na\u0161ih dodataka prehrani proizvodi se u farmaceutskim uvjetima u SAD-u.<\/li>\n<li>Proizvodi se proizvode po principima cGMP (trenutne dobre proizvodne prakse), a vr\u0161i se i stalna kontrola i redovno zakazane revizije od strane FDA (Food and Drug Administration). Radimo u bliskoj saradnji s lokalnim vlastima za izdavanje dozvola kako bismo osigurali da na\u0161im potro\u0161a\u010dima uvijek budu dostupni proizvodi najvi\u0161eg kvaliteta.<\/li>\n<\/ul>\n<p>UPOZORENJE!<br \/>\n\u010cuvati van doma\u0161aja male djece. Preporu\u010dena dnevna doza se ne smije prekora\u010diti. Dodaci prehrani se ne smiju koristiti kao zamjena za raznovrsnu prehranu.<\/p>\n","protected":false},"excerpt":{"rendered":"<p>Koli\u010dina na zalihama: 96 <\/p>\n","protected":false},"featured_media":12277,"comment_status":"closed","ping_status":"open","template":"","meta":[],"product_brand":[],"product_cat":[429],"product_tag":[],"class_list":{"0":"post-10833","1":"product","2":"type-product","3":"status-publish","4":"has-post-thumbnail","6":"product_cat-prirodni-suplementi","8":"first","9":"instock","10":"product-type-external"},"_links":{"self":[{"href":"https:\/\/vitashop.info\/ba\/wp-json\/wp\/v2\/product\/10833","targetHints":{"allow":["GET"]}}],"collection":[{"href":"https:\/\/vitashop.info\/ba\/wp-json\/wp\/v2\/product"}],"about":[{"href":"https:\/\/vitashop.info\/ba\/wp-json\/wp\/v2\/types\/product"}],"replies":[{"embeddable":true,"href":"https:\/\/vitashop.info\/ba\/wp-json\/wp\/v2\/comments?post=10833"}],"wp:featuredmedia":[{"embeddable":true,"href":"https:\/\/vitashop.info\/ba\/wp-json\/wp\/v2\/media\/12277"}],"wp:attachment":[{"href":"https:\/\/vitashop.info\/ba\/wp-json\/wp\/v2\/media?parent=10833"}],"wp:term":[{"taxonomy":"product_brand","embeddable":true,"href":"https:\/\/vitashop.info\/ba\/wp-json\/wp\/v2\/product_brand?post=10833"},{"taxonomy":"product_cat","embeddable":true,"href":"https:\/\/vitashop.info\/ba\/wp-json\/wp\/v2\/product_cat?post=10833"},{"taxonomy":"product_tag","embeddable":true,"href":"https:\/\/vitashop.info\/ba\/wp-json\/wp\/v2\/product_tag?post=10833"}],"curies":[{"name":"wp","href":"https:\/\/api.w.org\/{rel}","templated":true}]}}