{"id":10832,"date":"2026-04-14T01:08:05","date_gmt":"2026-04-14T00:08:05","guid":{"rendered":"https:\/\/vitashop.info\/ba\/produkt\/coq10-lozenges-30-tableta-q10-sa-brzom-apsorpcijom\/"},"modified":"2026-04-14T01:10:12","modified_gmt":"2026-04-14T00:10:12","slug":"coq10-lozenges-30-tableta-q10-sa-brzom-apsorpcijom","status":"publish","type":"product","link":"https:\/\/vitashop.info\/ba\/proizvod\/coq10-lozenges-30-tableta-q10-sa-brzom-apsorpcijom\/","title":{"rendered":"CoQ10 Lozenges 30 tableta &#8211; Q10 (sa brzom apsorpcijom)"},"content":{"rendered":"<p>Doziranje: 1-2 tablete dnevno<\/p>\n<p>&nbsp;<\/p>\n<p>Opis:<\/p>\n<p><strong>\u0160ta je koenzim Q10?<\/strong><\/p>\n<p>&#013;<\/p>\n<p><strong>Koenzim Q10 je antioksidant neophodan za ljudski \u017eivot. Nalazi se u ve\u0107ini \u0107elija ljudskog tijela, a tokom starenja ga na\u0161 organizam proizvodi sve manje. Njegove rezerve su potrebne za o\u010duvanje energije i mladala\u010dke kondicije.<\/strong><\/p>\n<p>&nbsp;<\/p>\n<p>Kome se preporu\u010duje?<\/p>\n<p><strong>Po \u010demu se novi sublingval Q10 razlikuje od njegovog prethodnika?<\/strong><\/p>\n<p>&#013;<\/p>\n<p>Zahvaljuju\u0107i sublingvalnom karakteru, sastavni dijelovi tablete se br\u017ee i djelotvornije apsorbuju u organizamu, po\u0161to se oni putem krvnih sudova ispod jezika i u obrazima direktno apsorbuju u krvotok.Dalje, za razliku od regularnog Q10, CoQ10 Lozenges\u00a0<strong>je u dozi od 30 mg<\/strong>, \u0161to omogu\u0107ava ja\u010di efekat koji kombinovan sa brzim dejstvom mo\u017ee na\u0107i primjenu kod velikog broja ljudi kojima je potrebna \u201cenergetska injekcija\u201d, pogotovo kod starijih osoba ili kod osoba sa visokim nivoom stresnih faktora u svakodnevnom \u017eivotu.<\/p>\n<p>&#013;<\/p>\n<p><strong>Kome se preporu\u010duje?<\/strong>Iako se njegova upotreba preporu\u010duje ve\u0107ini ljudske populacije iznad 30 godina, kao i profesionalnim sportistima i rekreativcima, <em>Sublingual Q10 <\/em>se tako\u0111e mo\u017ee preporu\u010diti: \u00b7 djeci ugro\u017eenog zdravstvenog stanja\u00b7 onima, kojima je potrebna poja\u010dana za\u0161tita kardiovaskularnog sistema\u00b7 onima, koji pate od stoma\u010dnih smetnji ili poreme\u0107enog varenja\u00b7 onima, koji \u017eele izgubiti vi\u0161ak kilograma\u00b7 osobama koje pate od hroni\u010dnog umora ili su pod jakim stresovima\u00b7 iscrpljenim osobama i rekonvalescentima odnosno svim osobama kojima je smanjena vitalnost*<em>Radi postizanja maksimalnog efekta, preparat se mo\u017ee kombinovati sa Super Mega 50, New Life. (generalno sa multivitamonsko \/multimineralnim formulama) L- carnitinom, Oxymaxom, odnosno svim ostalim na\u0161im proizvodima jer je CoQ10 suspstanca prirodno sadr\u017eana u na\u0161im \u0107elijama i mo\u017ee se kombinovati sa svim preparatima koji nam \u010dine dobro<\/em><\/p>\n<p>&nbsp;<\/p>\n<p>Za\u0161to odabrati Calivita proizvode:<\/p>\n<ul>\n<li>Sa izvanrednim profesionalnim iskustvom, CaliVita ve\u0107 vi\u0161e od 30 godina nudi svoje proizvode koji zadovoljavaju najvi\u0161e standarde kvaliteta.<\/li>\n<li>Uvijek te\u017eimo kori\u0161tenju prirodnih osnovnih materijala koji poti\u010du iz najboljih izvora.<\/li>\n<li>Tokom na\u0161eg razvoja radimo koriste\u0107i bolje apsorpcione, na primjer organske oblike.<\/li>\n<li>Nudimo 100% garanciju kvaliteta za na\u0161e proizvode.<\/li>\n<li>Na\u0161i proizvodi podlije\u017eu strogoj i vi\u0161estrukoj proceduri ispitivanja kako bi se kontinuirano osigurao odli\u010dan kvalitet.<\/li>\n<li>Velika ve\u0107ina na\u0161ih dodataka prehrani proizvodi se u farmaceutskim uvjetima u SAD-u.<\/li>\n<li>Proizvodi se proizvode po principima cGMP (trenutne dobre proizvodne prakse), a vr\u0161i se i stalna kontrola i redovno zakazane revizije od strane FDA (Food and Drug Administration). Radimo u bliskoj saradnji s lokalnim vlastima za izdavanje dozvola kako bismo osigurali da na\u0161im potro\u0161a\u010dima uvijek budu dostupni proizvodi najvi\u0161eg kvaliteta.<\/li>\n<\/ul>\n<p>UPOZORENJE!<br \/>\n\u010cuvati van doma\u0161aja male djece. Preporu\u010dena dnevna doza se ne smije prekora\u010diti. Dodaci prehrani se ne smiju koristiti kao zamjena za raznovrsnu prehranu.<\/p>\n","protected":false},"excerpt":{"rendered":"<p>Koli\u010dina na zalihama: 87 <\/p>\n","protected":false},"featured_media":12146,"comment_status":"closed","ping_status":"open","template":"","meta":[],"product_brand":[],"product_cat":[429],"product_tag":[],"class_list":{"0":"post-10832","1":"product","2":"type-product","3":"status-publish","4":"has-post-thumbnail","6":"product_cat-prirodni-suplementi","8":"first","9":"instock","10":"product-type-external"},"_links":{"self":[{"href":"https:\/\/vitashop.info\/ba\/wp-json\/wp\/v2\/product\/10832","targetHints":{"allow":["GET"]}}],"collection":[{"href":"https:\/\/vitashop.info\/ba\/wp-json\/wp\/v2\/product"}],"about":[{"href":"https:\/\/vitashop.info\/ba\/wp-json\/wp\/v2\/types\/product"}],"replies":[{"embeddable":true,"href":"https:\/\/vitashop.info\/ba\/wp-json\/wp\/v2\/comments?post=10832"}],"wp:featuredmedia":[{"embeddable":true,"href":"https:\/\/vitashop.info\/ba\/wp-json\/wp\/v2\/media\/12146"}],"wp:attachment":[{"href":"https:\/\/vitashop.info\/ba\/wp-json\/wp\/v2\/media?parent=10832"}],"wp:term":[{"taxonomy":"product_brand","embeddable":true,"href":"https:\/\/vitashop.info\/ba\/wp-json\/wp\/v2\/product_brand?post=10832"},{"taxonomy":"product_cat","embeddable":true,"href":"https:\/\/vitashop.info\/ba\/wp-json\/wp\/v2\/product_cat?post=10832"},{"taxonomy":"product_tag","embeddable":true,"href":"https:\/\/vitashop.info\/ba\/wp-json\/wp\/v2\/product_tag?post=10832"}],"curies":[{"name":"wp","href":"https:\/\/api.w.org\/{rel}","templated":true}]}}